{"id":35856,"date":"2026-02-27T00:31:54","date_gmt":"2026-02-27T00:31:54","guid":{"rendered":"https:\/\/nordicmart.andreevmaster.com\/product\/songmics-u-muotoiset-seinahyllyt-3-kpl-musta\/"},"modified":"2026-02-27T09:50:12","modified_gmt":"2026-02-27T09:50:12","slug":"songmics-u-muotoiset-seinahyllyt-3-kpl-musta","status":"publish","type":"product","link":"https:\/\/nordicmart.andreevmaster.com\/fi\/tuote\/songmics-u-muotoiset-seinahyllyt-3-kpl-musta\/","title":{"rendered":"SONGMICS U-muotoiset sein\u00e4hyllyt, 3 kpl, musta"},"content":{"rendered":"<p>T\u00e4m\u00e4 trendik\u00e4s 3-osainen U-muotoinen hyllyset on todellinen katseenvangitsija! Songmics-hyllyset koostuu MDF-levyist\u00e4, jotka on testattu E1-standardin mukaisesti. Se on kosteudenkest\u00e4v\u00e4, ei v\u00e4\u00e4nny helposti ja kest\u00e4\u00e4 suuria kuormia. Helppo asentaa integroidun n\u00e4kym\u00e4tt\u00f6m\u00e4n sein\u00e4kiinnikkeen ansiosta. Uudistuneella muotoilullaan ja modernilla tyylill\u00e4\u00e4n hyllykk\u00f6setti on ihanteellinen s\u00e4ilytystila kirjoille, CD-levyille ja muille pienille tavaroille. Sein\u00e4hyllyn\u00e4 tai yksinkertaisesti vapaasti seisovana koristeena \u2013 tyylik\u00e4s retrotyylinen hylly on k\u00e4yt\u00e4nn\u00f6llinen ja koristeellinen esine jokaiseen kotiin! Tuotetiedot:  &#8211; Materiaali: MDF-levyt (luokka E1) Mitat:  &#8211; Ulkomitat: pieni hylly: 30 x 10 x 15 cm (L x K x S); keskikokoinen hylly: 45 x 10 x 15 cm (L x K x S); iso hylly: 60 x 10 x 15 cm (L x K x S) &#8211; Sis\u00e4mitat: pieni hylly: 26,4 x 8 x 15 cm (L x K x S); keskikokoinen hylly: 41,4 x 8 x 15 cm (L x K x S); iso hylly: 56,4 x 8 x 15 cm (L x K x S) Toimitus sis\u00e4lt\u00e4\u00e4:  &#8211; 1 x sein\u00e4hyllyset (3 hylly\u00e4) &#8211; 1 x ruuvit (6 kpl) ja tulpat (6 kpl) asennusta varten &#8211; 1 x ohjeet (DE, FR, EN, IT, ES) <\/p>\n","protected":false},"excerpt":{"rendered":"<p>SONGMICS sein\u00e4hylly 3 kpl:n sarja, leijuvat hyllyt, MDF-puu, syvyys 15 cm, 60\/45\/30 cm, valkoinen U-muotoinen sein\u00e4hylly LWS66W<\/p>\n","protected":false},"featured_media":44392,"comment_status":"open","ping_status":"closed","template":"","meta":[],"product_brand":[],"product_cat":[32],"product_tag":[],"class_list":{"0":"post-35856","1":"product","2":"type-product","3":"status-publish","4":"has-post-thumbnail","6":"product_cat-uncategorized-fi","8":"first","9":"instock","10":"shipping-taxable","11":"purchasable","12":"product-type-simple"},"_links":{"self":[{"href":"https:\/\/nordicmart.andreevmaster.com\/fi\/wp-json\/wp\/v2\/product\/35856","targetHints":{"allow":["GET"]}}],"collection":[{"href":"https:\/\/nordicmart.andreevmaster.com\/fi\/wp-json\/wp\/v2\/product"}],"about":[{"href":"https:\/\/nordicmart.andreevmaster.com\/fi\/wp-json\/wp\/v2\/types\/product"}],"replies":[{"embeddable":true,"href":"https:\/\/nordicmart.andreevmaster.com\/fi\/wp-json\/wp\/v2\/comments?post=35856"}],"wp:featuredmedia":[{"embeddable":true,"href":"https:\/\/nordicmart.andreevmaster.com\/fi\/wp-json\/wp\/v2\/media\/44392"}],"wp:attachment":[{"href":"https:\/\/nordicmart.andreevmaster.com\/fi\/wp-json\/wp\/v2\/media?parent=35856"}],"wp:term":[{"taxonomy":"product_brand","embeddable":true,"href":"https:\/\/nordicmart.andreevmaster.com\/fi\/wp-json\/wp\/v2\/product_brand?post=35856"},{"taxonomy":"product_cat","embeddable":true,"href":"https:\/\/nordicmart.andreevmaster.com\/fi\/wp-json\/wp\/v2\/product_cat?post=35856"},{"taxonomy":"product_tag","embeddable":true,"href":"https:\/\/nordicmart.andreevmaster.com\/fi\/wp-json\/wp\/v2\/product_tag?post=35856"}],"curies":[{"name":"wp","href":"https:\/\/api.w.org\/{rel}","templated":true}]}}