{"id":35854,"date":"2026-02-27T00:31:53","date_gmt":"2026-02-27T00:31:53","guid":{"rendered":"https:\/\/nordicmart.andreevmaster.com\/product\/songmics-kelluvat-hyllyt-2-kpl-kiiltava-valkoinen\/"},"modified":"2026-02-27T09:50:12","modified_gmt":"2026-02-27T09:50:12","slug":"songmics-kelluvat-hyllyt-2-kpl-kiiltava-valkoinen","status":"publish","type":"product","link":"https:\/\/nordicmart.andreevmaster.com\/fi\/tuote\/songmics-kelluvat-hyllyt-2-kpl-kiiltava-valkoinen\/","title":{"rendered":"SONGMICS kelluvat hyllyt, 2 kpl, kiilt\u00e4v\u00e4 valkoinen"},"content":{"rendered":"<p>Uudet sisustusideat eiv\u00e4t aina vaadi suuria muutoksia. Usein pienetkin muutokset antavat huoneelle persoonallisemman ilmeen ja yksil\u00f6llisen tunnelman. Persoonallisuutta ja yksil\u00f6llisyytt\u00e4 saat esimerkiksi t\u00e4ll\u00e4 2 kpl:n sarjalla hyllyj\u00e4, joille voit asettaa kauniit valokuvasi n\u00e4ytt\u00e4v\u00e4sti esille. Tuotetiedot: V\u00e4ri: valkoinen Materiaali: E1 MDF (keskitihe\u00e4 kuitulevy, kiilt\u00e4v\u00e4 lakka)Hyllytasojen koko: 60 x 10 x 5\/2 cm (L x S x K\/ etuosa) Paino: 1,6 kg Hyllytasojen enimm\u00e4iskuormitus: 10 kg Toimitus sis\u00e4lt\u00e4\u00e4: 2 x hylly 1 x lis\u00e4varustepussi 1 x ohjeet (DE, EN, FR, ES, IT)<\/p>\n","protected":false},"excerpt":{"rendered":"<p>SONGMICS sein\u00e4hylly 2 kpl:n sarja, 2 kelluvaa hylly\u00e4 kiilt\u00e4v\u00e4ll\u00e4 lakalla, 60 x 10 cm, sein\u00e4hylly valokuvakehyksille ja kirjoille, helppo asentaa, MDF-valkoinen LWS60WT<\/p>\n","protected":false},"featured_media":44390,"comment_status":"open","ping_status":"closed","template":"","meta":[],"product_brand":[],"product_cat":[32],"product_tag":[],"class_list":{"0":"post-35854","1":"product","2":"type-product","3":"status-publish","4":"has-post-thumbnail","6":"product_cat-uncategorized-fi","8":"first","9":"instock","10":"shipping-taxable","11":"purchasable","12":"product-type-simple"},"_links":{"self":[{"href":"https:\/\/nordicmart.andreevmaster.com\/fi\/wp-json\/wp\/v2\/product\/35854","targetHints":{"allow":["GET"]}}],"collection":[{"href":"https:\/\/nordicmart.andreevmaster.com\/fi\/wp-json\/wp\/v2\/product"}],"about":[{"href":"https:\/\/nordicmart.andreevmaster.com\/fi\/wp-json\/wp\/v2\/types\/product"}],"replies":[{"embeddable":true,"href":"https:\/\/nordicmart.andreevmaster.com\/fi\/wp-json\/wp\/v2\/comments?post=35854"}],"wp:featuredmedia":[{"embeddable":true,"href":"https:\/\/nordicmart.andreevmaster.com\/fi\/wp-json\/wp\/v2\/media\/44390"}],"wp:attachment":[{"href":"https:\/\/nordicmart.andreevmaster.com\/fi\/wp-json\/wp\/v2\/media?parent=35854"}],"wp:term":[{"taxonomy":"product_brand","embeddable":true,"href":"https:\/\/nordicmart.andreevmaster.com\/fi\/wp-json\/wp\/v2\/product_brand?post=35854"},{"taxonomy":"product_cat","embeddable":true,"href":"https:\/\/nordicmart.andreevmaster.com\/fi\/wp-json\/wp\/v2\/product_cat?post=35854"},{"taxonomy":"product_tag","embeddable":true,"href":"https:\/\/nordicmart.andreevmaster.com\/fi\/wp-json\/wp\/v2\/product_tag?post=35854"}],"curies":[{"name":"wp","href":"https:\/\/api.w.org\/{rel}","templated":true}]}}