{"id":35853,"date":"2026-02-27T00:31:53","date_gmt":"2026-02-27T00:31:53","guid":{"rendered":"https:\/\/nordicmart.andreevmaster.com\/product\/songmics-kuutiomaiset-seinahyllyt-3-kpl-valkoiset\/"},"modified":"2026-02-27T09:50:11","modified_gmt":"2026-02-27T09:50:11","slug":"songmics-kuutiomaiset-seinahyllyt-3-kpl-valkoiset","status":"publish","type":"product","link":"https:\/\/nordicmart.andreevmaster.com\/fi\/tuote\/songmics-kuutiomaiset-seinahyllyt-3-kpl-valkoiset\/","title":{"rendered":"SONGMICS Kuutiomaiset sein\u00e4hyllyt, 3 kpl, valkoiset"},"content":{"rendered":"<p>Tuotekuvaus: Joustava hyllykk\u00f6setti 3 hylly\u00e4 \u2013 1 x suorakulmainen ja 2 x neli\u00f6nmuotoinen \u2013 voidaan ripustaa yhdess\u00e4 sein\u00e4hyllyksi tai yksitt\u00e4in eri huoneisiin. Takapuolella on metallikoukun rei\u00e4t, joihin ruuvit (sis\u00e4ltyv\u00e4t toimitukseen) voidaan kiinnitt\u00e4\u00e4, jolloin ne n\u00e4ytt\u00e4v\u00e4t leijuvan ilmassa. MDF-puusta valmistettu ja PU-lakattu, 15 mm paksuinen kirjahylly on kest\u00e4v\u00e4 ja sopii erinomaisesti erityisiin koristeisiin. K\u00e4yt\u00e4 hylly\u00e4 kirjoille, koristeille, maljakoille, CD-levyille, DVD-levyille ja monelle muulle. Enemm\u00e4n tilaa enemm\u00e4n tavaroille 15 cm syvyydell\u00e4\u00e4n uusi hyllykk\u00f6settimme on edelt\u00e4j\u00e4\u00e4ns\u00e4 suurempi. Siksi se on ihanteellinen kirjoille, DVD-levyille ja koristeille, jotka tarvitsevat enemm\u00e4n syvyytt\u00e4. Kotona tai toimistossa kasvit, kukat ja valokuvakehykset voidaan asetella kauniisti ja ne antavat tilalle lis\u00e4\u00e4 tunnelmaa. Ymp\u00e4rist\u00f6yst\u00e4v\u00e4llinen ja turvallinen Lakan ansiosta kuutiot hylkiv\u00e4t vett\u00e4 ja kosteutta ja ovat lis\u00e4ksi helppoja puhdistaa. Erityisen kiinnitystavan (ruuvit ja tulpat sis\u00e4ltyv\u00e4t toimitukseen) ansiosta hyllyjen kiinnitt\u00e4minen on helppoa ja turvallista. Tuotetiedot: &#8211; V\u00e4ri: valkoinen &#8211; Materiaali: 1,5 cm paksu MDF-levy, PU-lakattu &#8211; Pienen hyllyn mitat: 22 x 22 x 15 cm (L x K x S) &#8211; Suuren hyllyn mitat: 50 x 26 x 15 cm (L x K x S) &#8211; Kunkin hyllyn kantavuus: 15 kg &#8211; Bruttopaino: 6 kg &#8211; Nettopaino: 5,2 kg Toimitus sis\u00e4lt\u00e4\u00e4: &#8211; 1 x sein\u00e4hyllypaketti (1 x iso hylly, 2 x pieni hylly) &#8211; Ruuvit ja tulpat &#8211; 1 x ohjeet (DE, FR, EN, IT, ES) SONGMICS Huomautus: &#8211; Asennukseen tarvitaan akkuruuvimeisseli, vesivaaka ja vasara.<\/p>\n","protected":false},"excerpt":{"rendered":"<p>SONGMICS sein\u00e4hylly 3 kpl:n sarja Cube-hyllyt, syvyys 15 cm, kuutiohyllyt, kirjahylly, MDF, valkoinen LWS50WT<\/p>\n","protected":false},"featured_media":44389,"comment_status":"open","ping_status":"closed","template":"","meta":[],"product_brand":[],"product_cat":[32],"product_tag":[],"class_list":{"0":"post-35853","1":"product","2":"type-product","3":"status-publish","4":"has-post-thumbnail","6":"product_cat-uncategorized-fi","8":"first","9":"instock","10":"shipping-taxable","11":"purchasable","12":"product-type-simple"},"_links":{"self":[{"href":"https:\/\/nordicmart.andreevmaster.com\/fi\/wp-json\/wp\/v2\/product\/35853","targetHints":{"allow":["GET"]}}],"collection":[{"href":"https:\/\/nordicmart.andreevmaster.com\/fi\/wp-json\/wp\/v2\/product"}],"about":[{"href":"https:\/\/nordicmart.andreevmaster.com\/fi\/wp-json\/wp\/v2\/types\/product"}],"replies":[{"embeddable":true,"href":"https:\/\/nordicmart.andreevmaster.com\/fi\/wp-json\/wp\/v2\/comments?post=35853"}],"wp:featuredmedia":[{"embeddable":true,"href":"https:\/\/nordicmart.andreevmaster.com\/fi\/wp-json\/wp\/v2\/media\/44389"}],"wp:attachment":[{"href":"https:\/\/nordicmart.andreevmaster.com\/fi\/wp-json\/wp\/v2\/media?parent=35853"}],"wp:term":[{"taxonomy":"product_brand","embeddable":true,"href":"https:\/\/nordicmart.andreevmaster.com\/fi\/wp-json\/wp\/v2\/product_brand?post=35853"},{"taxonomy":"product_cat","embeddable":true,"href":"https:\/\/nordicmart.andreevmaster.com\/fi\/wp-json\/wp\/v2\/product_cat?post=35853"},{"taxonomy":"product_tag","embeddable":true,"href":"https:\/\/nordicmart.andreevmaster.com\/fi\/wp-json\/wp\/v2\/product_tag?post=35853"}],"curies":[{"name":"wp","href":"https:\/\/api.w.org\/{rel}","templated":true}]}}