{"id":35847,"date":"2026-02-27T00:31:51","date_gmt":"2026-02-27T00:31:51","guid":{"rendered":"https:\/\/nordicmart.andreevmaster.com\/product\/songmics-leijuvat-hyllyt-3-kpl-valkoinen\/"},"modified":"2026-02-27T09:50:10","modified_gmt":"2026-02-27T09:50:10","slug":"songmics-leijuvat-hyllyt-3-kpl-valkoinen","status":"publish","type":"product","link":"https:\/\/nordicmart.andreevmaster.com\/fi\/tuote\/songmics-leijuvat-hyllyt-3-kpl-valkoinen\/","title":{"rendered":"SONGMICS Leijuvat hyllyt, 3 kpl, valkoinen"},"content":{"rendered":"<p>Tuotetiedot: &#8211; V\u00e4ri: valkoinen &#8211; Materiaali: MDF (luokka: E1) &#8211; Pakkauksen mitat: 40 x 15,5 x 17 cm (L x K x S) &#8211; Koko: 30 x 10 x 7 cm (L x K x S) 35 x 10 x 8 cm (L x K x S) 40 x 10 x 9 cm (L x K x S) &#8211; Paino: 1,7 kg Toimitus sis\u00e4lt\u00e4\u00e4: &#8211; 3 x sein\u00e4hylly &#8211; 1 x kiinnitystarvikepussi &#8211; 1 x ohjeet (DE, EN, FR, ES, IT) Huomautukset:  1. Hyllyjen syvyys on vain 10 cm. Siksi ne eiv\u00e4t sovellu kirjoille, CD-levyille tai muille suurille esineille. 2. Asennukseen tarvitaan akkuruuvimeisseli, vesivaaka ja vasara.<\/p>\n","protected":false},"excerpt":{"rendered":"<p>SONGMICS sein\u00e4hyllyt, 3 kpl:n sarja, U-muotoiset hyllyt, sein\u00e4hyllyt MDF:st\u00e4, esittelyteline, eri pituiset, valkoinen LWS40WT<\/p>\n","protected":false},"featured_media":44384,"comment_status":"open","ping_status":"closed","template":"","meta":[],"product_brand":[],"product_cat":[32],"product_tag":[],"class_list":{"0":"post-35847","1":"product","2":"type-product","3":"status-publish","4":"has-post-thumbnail","6":"product_cat-uncategorized-fi","8":"first","9":"instock","10":"shipping-taxable","11":"purchasable","12":"product-type-simple"},"_links":{"self":[{"href":"https:\/\/nordicmart.andreevmaster.com\/fi\/wp-json\/wp\/v2\/product\/35847","targetHints":{"allow":["GET"]}}],"collection":[{"href":"https:\/\/nordicmart.andreevmaster.com\/fi\/wp-json\/wp\/v2\/product"}],"about":[{"href":"https:\/\/nordicmart.andreevmaster.com\/fi\/wp-json\/wp\/v2\/types\/product"}],"replies":[{"embeddable":true,"href":"https:\/\/nordicmart.andreevmaster.com\/fi\/wp-json\/wp\/v2\/comments?post=35847"}],"wp:featuredmedia":[{"embeddable":true,"href":"https:\/\/nordicmart.andreevmaster.com\/fi\/wp-json\/wp\/v2\/media\/44384"}],"wp:attachment":[{"href":"https:\/\/nordicmart.andreevmaster.com\/fi\/wp-json\/wp\/v2\/media?parent=35847"}],"wp:term":[{"taxonomy":"product_brand","embeddable":true,"href":"https:\/\/nordicmart.andreevmaster.com\/fi\/wp-json\/wp\/v2\/product_brand?post=35847"},{"taxonomy":"product_cat","embeddable":true,"href":"https:\/\/nordicmart.andreevmaster.com\/fi\/wp-json\/wp\/v2\/product_cat?post=35847"},{"taxonomy":"product_tag","embeddable":true,"href":"https:\/\/nordicmart.andreevmaster.com\/fi\/wp-json\/wp\/v2\/product_tag?post=35847"}],"curies":[{"name":"wp","href":"https:\/\/api.w.org\/{rel}","templated":true}]}}