{"id":35846,"date":"2026-02-27T00:31:50","date_gmt":"2026-02-27T00:31:50","guid":{"rendered":"https:\/\/nordicmart.andreevmaster.com\/product\/songmics-kelluvat-hyllyt-3-kpl-musta\/"},"modified":"2026-02-27T09:50:09","modified_gmt":"2026-02-27T09:50:09","slug":"songmics-kelluvat-hyllyt-3-kpl-musta","status":"publish","type":"product","link":"https:\/\/nordicmart.andreevmaster.com\/fi\/tuote\/songmics-kelluvat-hyllyt-3-kpl-musta\/","title":{"rendered":"SONGMICS kelluvat hyllyt, 3 kpl, musta"},"content":{"rendered":"<p>J\u00e4rjest\u00e4 asuntosi sein\u00e4t! Asunnoissamme ei usein ole tarpeeksi tilaa kaikille tavaroillemme. T\u00e4m\u00e4 kaunis 3-osainen sein\u00e4hylly helpottaa el\u00e4m\u00e4\u00e4si tarjoamalla s\u00e4ilytystilaa koko perheelle ja koristamalla sis\u00e4tiloja. Helppo asentaa, n\u00e4kym\u00e4tt\u00f6m\u00e4t ja eritt\u00e4in tyylikk\u00e4\u00e4t kiinnikkeet, \u00e4l\u00e4 en\u00e4\u00e4 ep\u00e4r\u00f6i varustaa sein\u00e4si t\u00e4ll\u00e4. T\u00e4m\u00e4n 3 puisen sein\u00e4hyllyn avulla voit sijoittaa kirjat, koriste-esineet, pokaalit, kasvit, DVD:t, CD:t jne. sinulle sopivimpaan paikkaan. Se on t\u00e4ydellinen tilan saamiseksi. Voit asentaa sen mihin tahansa huoneeseen.  \u00c4l\u00e4 odota en\u00e4\u00e4, vaan hanki t\u00e4m\u00e4 eritt\u00e4in hy\u00f6dyllinen hylly! Erinomainen asiakaspalvelumme on k\u00e4ytett\u00e4viss\u00e4si ennen ja j\u00e4lkeen ostoksen ja vastaa kysymyksiisi s\u00e4hk\u00f6postitse 24 tunnin kuluessa. Prioriteettimme on sinun t\u00e4ydellinen tyytyv\u00e4isyytesi. Valitse SONGMICS ja me tuomme ilon kotiisi! Tuotetiedot:&nbsp; &#8211;&nbsp;V\u00e4ri:&nbsp;musta&nbsp; &#8211;&nbsp;Materiaalit:&nbsp;MDF-levyt&nbsp;luokkaa&nbsp;E1&nbsp; &#8211;&nbsp;Mitat:&nbsp;40&nbsp;x&nbsp;9&nbsp;x&nbsp;10&nbsp;cmamp;nbsp;35&nbsp;x&nbsp;8&nbsp;x&nbsp;10&nbsp;cm;&nbsp;30&nbsp;x&nbsp;7&nbsp;x&nbsp;10&nbsp;(L&nbsp;x&nbsp;K&nbsp;x&nbsp;S);&#038;levyn paksuus: 1,5 cm &#8211; paino: 2,2 kg &#8211; maks. kantavuus: 3 kgamp;nbsp;4&nbsp;kg;&nbsp;5&nbsp;kg Toimitus sis\u00e4lt\u00e4\u00e4: &#8211;&nbsp;3&nbsp;x&nbsp;kelluva hylly &#8211;&nbsp;6&nbsp;x&nbsp;laajennusruuvia &#8211;&nbsp;1&nbsp;x&nbsp;ohjeet&nbsp;(DE,&nbsp;EN,&nbsp;FR,&nbsp;ES,&nbsp;IT) SONGMICS&nbsp;Huomautukset: &#8211;&nbsp;Asennukseen tarvitset porakoneen, vesivaa&#8217;an ja puukirveen.amp;nbsp;&nbsp; &#8211;&nbsp;V\u00e4lt\u00e4&nbsp;kaikkia&nbsp;iskuja&nbsp;kiinnityksen&nbsp;aikana. &#8211;&nbsp;Kiinnit\u00e4&nbsp;t\u00e4m\u00e4&nbsp;tuote&nbsp;betoni-,&nbsp;kevybetoni-&nbsp;tai&nbsp;tiilisein\u00e4\u00e4n.&nbsp;Jos haluat kiinnitt\u00e4\u00e4 sen kipsilevyyn, sinun onhankittava etuk\u00e4teen sopivat ruuvit erikoisliikkeest\u00e4.<\/p>\n","protected":false},"excerpt":{"rendered":"<p>SONGMICS sein\u00e4hyllyt, 3 kpl:n sarja, U-muotoiset hyllyt, sein\u00e4hyllyt MDF:st\u00e4, esittelyteline, eri pituiset, valkoinen LWS40WT<\/p>\n","protected":false},"featured_media":44383,"comment_status":"open","ping_status":"closed","template":"","meta":[],"product_brand":[],"product_cat":[32],"product_tag":[],"class_list":{"0":"post-35846","1":"product","2":"type-product","3":"status-publish","4":"has-post-thumbnail","6":"product_cat-uncategorized-fi","8":"first","9":"instock","10":"shipping-taxable","11":"purchasable","12":"product-type-simple"},"_links":{"self":[{"href":"https:\/\/nordicmart.andreevmaster.com\/fi\/wp-json\/wp\/v2\/product\/35846","targetHints":{"allow":["GET"]}}],"collection":[{"href":"https:\/\/nordicmart.andreevmaster.com\/fi\/wp-json\/wp\/v2\/product"}],"about":[{"href":"https:\/\/nordicmart.andreevmaster.com\/fi\/wp-json\/wp\/v2\/types\/product"}],"replies":[{"embeddable":true,"href":"https:\/\/nordicmart.andreevmaster.com\/fi\/wp-json\/wp\/v2\/comments?post=35846"}],"wp:featuredmedia":[{"embeddable":true,"href":"https:\/\/nordicmart.andreevmaster.com\/fi\/wp-json\/wp\/v2\/media\/44383"}],"wp:attachment":[{"href":"https:\/\/nordicmart.andreevmaster.com\/fi\/wp-json\/wp\/v2\/media?parent=35846"}],"wp:term":[{"taxonomy":"product_brand","embeddable":true,"href":"https:\/\/nordicmart.andreevmaster.com\/fi\/wp-json\/wp\/v2\/product_brand?post=35846"},{"taxonomy":"product_cat","embeddable":true,"href":"https:\/\/nordicmart.andreevmaster.com\/fi\/wp-json\/wp\/v2\/product_cat?post=35846"},{"taxonomy":"product_tag","embeddable":true,"href":"https:\/\/nordicmart.andreevmaster.com\/fi\/wp-json\/wp\/v2\/product_tag?post=35846"}],"curies":[{"name":"wp","href":"https:\/\/api.w.org\/{rel}","templated":true}]}}