{"id":35845,"date":"2026-02-27T00:31:50","date_gmt":"2026-02-27T00:31:50","guid":{"rendered":"https:\/\/nordicmart.andreevmaster.com\/product\/songmics-kelluvat-hyllylevyt-3-kpl\/"},"modified":"2026-02-27T09:50:09","modified_gmt":"2026-02-27T09:50:09","slug":"songmics-kelluvat-hyllylevyt-3-kpl","status":"publish","type":"product","link":"https:\/\/nordicmart.andreevmaster.com\/fi\/tuote\/songmics-kelluvat-hyllylevyt-3-kpl\/","title":{"rendered":"SONGMICS Kelluvat hyllylevyt, 3 kpl"},"content":{"rendered":"<p>Tuotetiedot: V\u00e4ri: valkoinen Materiaali: E1-luokan MDF, kiilt\u00e4v\u00e4 lakka Yksitt\u00e4isen tuotteen koko: 38 x 10 x 5\/2 cm (L x S x K) (takapuolella: 5 cm, etupuolella: 2 cm) Paino: 2,1 kg Yksitt\u00e4isen hyllylevyn kantavuus: 5 kg Toimitus sis\u00e4lt\u00e4\u00e4: 3 x kelluvat sein\u00e4hyllyt 1 x kiinnityspussi 1 x ohjeet (DE, EN, FR, ES, IT) SONGMICS Huomautukset: Asennukseen tarvitset s\u00e4hk\u00f6porakoneen, vesivaa&#8217;an ja vasaran.Kiinnit\u00e4 tuote betoni-, kevytbetoni- tai tiilisein\u00e4\u00e4n. Jos haluat kiinnitt\u00e4\u00e4 tuotteen kipsilevyyn, hanki ensin sopivat ruuvit erikoisliikkeest\u00e4.<\/p>\n","protected":false},"excerpt":{"rendered":"<p>SONGMICS sein\u00e4hylly 3 kpl sarja kelluvat hyllyt valokuvakehyksille ja kirjoille, 38 x 10 cm, moderni hylly, valkoinen LWS38WT<\/p>\n","protected":false},"featured_media":44382,"comment_status":"open","ping_status":"closed","template":"","meta":[],"product_brand":[],"product_cat":[32],"product_tag":[],"class_list":{"0":"post-35845","1":"product","2":"type-product","3":"status-publish","4":"has-post-thumbnail","6":"product_cat-uncategorized-fi","8":"first","9":"instock","10":"shipping-taxable","11":"purchasable","12":"product-type-simple"},"_links":{"self":[{"href":"https:\/\/nordicmart.andreevmaster.com\/fi\/wp-json\/wp\/v2\/product\/35845","targetHints":{"allow":["GET"]}}],"collection":[{"href":"https:\/\/nordicmart.andreevmaster.com\/fi\/wp-json\/wp\/v2\/product"}],"about":[{"href":"https:\/\/nordicmart.andreevmaster.com\/fi\/wp-json\/wp\/v2\/types\/product"}],"replies":[{"embeddable":true,"href":"https:\/\/nordicmart.andreevmaster.com\/fi\/wp-json\/wp\/v2\/comments?post=35845"}],"wp:featuredmedia":[{"embeddable":true,"href":"https:\/\/nordicmart.andreevmaster.com\/fi\/wp-json\/wp\/v2\/media\/44382"}],"wp:attachment":[{"href":"https:\/\/nordicmart.andreevmaster.com\/fi\/wp-json\/wp\/v2\/media?parent=35845"}],"wp:term":[{"taxonomy":"product_brand","embeddable":true,"href":"https:\/\/nordicmart.andreevmaster.com\/fi\/wp-json\/wp\/v2\/product_brand?post=35845"},{"taxonomy":"product_cat","embeddable":true,"href":"https:\/\/nordicmart.andreevmaster.com\/fi\/wp-json\/wp\/v2\/product_cat?post=35845"},{"taxonomy":"product_tag","embeddable":true,"href":"https:\/\/nordicmart.andreevmaster.com\/fi\/wp-json\/wp\/v2\/product_tag?post=35845"}],"curies":[{"name":"wp","href":"https:\/\/api.w.org\/{rel}","templated":true}]}}