{"id":35844,"date":"2026-02-27T00:31:50","date_gmt":"2026-02-27T00:31:50","guid":{"rendered":"https:\/\/nordicmart.andreevmaster.com\/product\/vasagle-3-u-muotoista-seinahyllya-puunvarisena\/"},"modified":"2026-02-27T09:50:09","modified_gmt":"2026-02-27T09:50:09","slug":"vasagle-3-u-muotoista-seinahyllya-puunvarisena","status":"publish","type":"product","link":"https:\/\/nordicmart.andreevmaster.com\/fi\/tuote\/vasagle-3-u-muotoista-seinahyllya-puunvarisena\/","title":{"rendered":"VASAGLE 3 U-muotoista sein\u00e4hylly\u00e4 puunv\u00e4risen\u00e4"},"content":{"rendered":"<p>Ainutlaatuisuutta kotiisi N\u00e4m\u00e4 kelluvat hyllyt n\u00e4ytt\u00e4v\u00e4t ainutlaatuisilta ja vieh\u00e4tt\u00e4vilt\u00e4 U-muotonsa ja vintage-puun ulkon\u00e4k\u00f6ns\u00e4 ansiosta. Puuttuuko huoneestasi viel\u00e4 keskipiste? Sitten n\u00e4m\u00e4 tuotteet ovat juuri sit\u00e4, mit\u00e4 etsit! Voit ripustaa n\u00e4m\u00e4 hyllyt yhteen huoneeseen tai k\u00e4ytt\u00e4\u00e4 niit\u00e4 erikseen eri huoneissa \u2013 p\u00e4\u00e4t\u00f6s on sinun! Eri kokoja eri esineille T\u00e4m\u00e4 sarja koostuu kolmesta sein\u00e4hyllyst\u00e4, joiden pituudet ovat 30 cm, 45 cm ja 60 cm. Hanki n\u00e4m\u00e4 tuotteet ja anna valokuvakehyksillesi, koriste-esineillesi, kirjoillesi jne. tyylik\u00e4s s\u00e4ilytyspaikka. Jokainen hylly kest\u00e4\u00e4 jopa 15 kg:n painon, kun se kiinnitet\u00e4\u00e4n tukevaan sein\u00e4\u00e4n. Tuotetiedot: &#8211; V\u00e4ri: puunv\u00e4rinen\/tummanruskea &#8211; Materiaali: lastulevy &#8211; Pienen hyllyn koko: 30 x 15 x 10 cm (P x L x K) &#8211; Keskikokoisen hyllyn koko: 45 x 15 x 10 cm (P x L x K) &#8211; Suuren hyllyn koko: 60 x 15 x 10 cm (P x L x K) &#8211; Paino: 3,3 kg &#8211; Maks. staattinen kantavuus sein\u00e4hylly\u00e4 kohti (asennettaessa massiivisein\u00e4\u00e4n): 15 kg &#8211; Maks. staattinen kantavuus sein\u00e4hylly\u00e4 kohti (asennettaessa kipsilevysein\u00e4\u00e4n): 3\/4\/5 kg (pieni, keskikokoinen, suuri)Toimitus sis\u00e4lt\u00e4\u00e4: &#8211; 3 x sein\u00e4hylly &#8211; 1 x s\u00e4ilytysastia lis\u00e4varusteineen &#8211; 1 x ohjeet (DE, EN, FR, ES, IT)VASAGLE Huomautukset: &#8211; Suosittelemme kiinnitt\u00e4m\u00e4\u00e4n hyllyt massiivisein\u00e4\u00e4n, jotta kunkin hyllyn kantavuus on 15 kg. Jos hyllyt kiinnitet\u00e4\u00e4n kipsilevysein\u00e4\u00e4n, niiden kantavuus on vain 3 kg, 4 kg tai 5 kg. &#8211; \u00c4l\u00e4 aseta liian painavia esineit\u00e4 hyllyille.<\/p>\n","protected":false},"excerpt":{"rendered":"<p>VASAGLE U-muotoinen sein\u00e4hylly, 3 kpl:n sarja, vintage-tyylinen hylly, sein\u00e4kiinnitys, koristeille, olohuoneeseen, makuuhuoneeseen ja toimistoon, puun n\u00e4k\u00f6inen, tummanruskea LWS36BX<\/p>\n","protected":false},"featured_media":44381,"comment_status":"open","ping_status":"closed","template":"","meta":[],"product_brand":[],"product_cat":[32],"product_tag":[],"class_list":{"0":"post-35844","1":"product","2":"type-product","3":"status-publish","4":"has-post-thumbnail","6":"product_cat-uncategorized-fi","8":"first","9":"instock","10":"shipping-taxable","11":"purchasable","12":"product-type-simple"},"_links":{"self":[{"href":"https:\/\/nordicmart.andreevmaster.com\/fi\/wp-json\/wp\/v2\/product\/35844","targetHints":{"allow":["GET"]}}],"collection":[{"href":"https:\/\/nordicmart.andreevmaster.com\/fi\/wp-json\/wp\/v2\/product"}],"about":[{"href":"https:\/\/nordicmart.andreevmaster.com\/fi\/wp-json\/wp\/v2\/types\/product"}],"replies":[{"embeddable":true,"href":"https:\/\/nordicmart.andreevmaster.com\/fi\/wp-json\/wp\/v2\/comments?post=35844"}],"wp:featuredmedia":[{"embeddable":true,"href":"https:\/\/nordicmart.andreevmaster.com\/fi\/wp-json\/wp\/v2\/media\/44381"}],"wp:attachment":[{"href":"https:\/\/nordicmart.andreevmaster.com\/fi\/wp-json\/wp\/v2\/media?parent=35844"}],"wp:term":[{"taxonomy":"product_brand","embeddable":true,"href":"https:\/\/nordicmart.andreevmaster.com\/fi\/wp-json\/wp\/v2\/product_brand?post=35844"},{"taxonomy":"product_cat","embeddable":true,"href":"https:\/\/nordicmart.andreevmaster.com\/fi\/wp-json\/wp\/v2\/product_cat?post=35844"},{"taxonomy":"product_tag","embeddable":true,"href":"https:\/\/nordicmart.andreevmaster.com\/fi\/wp-json\/wp\/v2\/product_tag?post=35844"}],"curies":[{"name":"wp","href":"https:\/\/api.w.org\/{rel}","templated":true}]}}