{"id":35842,"date":"2026-02-27T00:31:49","date_gmt":"2026-02-27T00:31:49","guid":{"rendered":"https:\/\/nordicmart.andreevmaster.com\/product\/songmics-nelionmuotoiset-kelluvat-hyllyt-3-kpl\/"},"modified":"2026-02-27T09:50:08","modified_gmt":"2026-02-27T09:50:08","slug":"songmics-nelionmuotoiset-kelluvat-hyllyt-3-kpl","status":"publish","type":"product","link":"https:\/\/nordicmart.andreevmaster.com\/fi\/tuote\/songmics-nelionmuotoiset-kelluvat-hyllyt-3-kpl\/","title":{"rendered":"SONGMICS Neli\u00f6nmuotoiset kelluvat hyllyt, 3 kpl"},"content":{"rendered":"<p>Haluatko sisustaa sein\u00e4t oman makusi mukaan? Silloin SONGMICS-sein\u00e4hylly on ihanteellinen valinta. Hylly ei vain tuo seinille persoonallista ilmett\u00e4, vaan tarjoaa my\u00f6s lis\u00e4\u00e4 s\u00e4ilytystilaa, jotta tila voidaan hy\u00f6dynt\u00e4\u00e4 optimaalisesti. E1 MDF-levyst\u00e4 valmistettu ripustettava hylly on eritt\u00e4in kest\u00e4v\u00e4, muodonpit\u00e4v\u00e4 ja pitk\u00e4ik\u00e4inen. Kiilt\u00e4v\u00e4 valkoinen lakkapinta yhdist\u00e4\u00e4 modernin ja tyylikk\u00e4\u00e4n ilmeen, joten se sopii hyvin erilaisiin sisustustyyleihin. Voit ripustaa hyllyn olohuoneeseen, eteiseen, makuuhuoneeseen, ty\u00f6huoneeseen tai keitti\u00f6\u00f6n. Koristele huoneesi SONGMICS-hyllyll\u00e4 korostaaksesi tyylik\u00e4st\u00e4 makuasi. Tuotetiedot: &#8211; V\u00e4ri: valkoinen &#8211; Materiaali: MDF-levy (luokka: E1) &#8211; Tuotteen mitat: 30 x 15 x 30 cm (L x K x S) &#8211; Nettopaino: 5,2 kg &#8211; Bruttopaino: 6,0 kg Toimitus sis\u00e4lt\u00e4\u00e4: &#8211; 3 x sein\u00e4hylly &#8211; 1 x kiinnityspussi &#8211; 1 x ohjeet (DE, EN, FR, ES, IT) SONGMICS Huomautus: &#8211; Asennukseen tarvitaan akkuruuvimeisseli, vesivaaka ja vasara.<\/p>\n","protected":false},"excerpt":{"rendered":"<p>SONGMICS sein\u00e4hylly Cube Regal 3-osainen sarja kuutiohyllyt, syvyys 15 cm, 30 26 22 cm, MDF valkoinen LWS30WT<\/p>\n","protected":false},"featured_media":44379,"comment_status":"open","ping_status":"closed","template":"","meta":[],"product_brand":[],"product_cat":[32],"product_tag":[],"class_list":{"0":"post-35842","1":"product","2":"type-product","3":"status-publish","4":"has-post-thumbnail","6":"product_cat-uncategorized-fi","8":"first","9":"instock","10":"shipping-taxable","11":"purchasable","12":"product-type-simple"},"_links":{"self":[{"href":"https:\/\/nordicmart.andreevmaster.com\/fi\/wp-json\/wp\/v2\/product\/35842","targetHints":{"allow":["GET"]}}],"collection":[{"href":"https:\/\/nordicmart.andreevmaster.com\/fi\/wp-json\/wp\/v2\/product"}],"about":[{"href":"https:\/\/nordicmart.andreevmaster.com\/fi\/wp-json\/wp\/v2\/types\/product"}],"replies":[{"embeddable":true,"href":"https:\/\/nordicmart.andreevmaster.com\/fi\/wp-json\/wp\/v2\/comments?post=35842"}],"wp:featuredmedia":[{"embeddable":true,"href":"https:\/\/nordicmart.andreevmaster.com\/fi\/wp-json\/wp\/v2\/media\/44379"}],"wp:attachment":[{"href":"https:\/\/nordicmart.andreevmaster.com\/fi\/wp-json\/wp\/v2\/media?parent=35842"}],"wp:term":[{"taxonomy":"product_brand","embeddable":true,"href":"https:\/\/nordicmart.andreevmaster.com\/fi\/wp-json\/wp\/v2\/product_brand?post=35842"},{"taxonomy":"product_cat","embeddable":true,"href":"https:\/\/nordicmart.andreevmaster.com\/fi\/wp-json\/wp\/v2\/product_cat?post=35842"},{"taxonomy":"product_tag","embeddable":true,"href":"https:\/\/nordicmart.andreevmaster.com\/fi\/wp-json\/wp\/v2\/product_tag?post=35842"}],"curies":[{"name":"wp","href":"https:\/\/api.w.org\/{rel}","templated":true}]}}