{"id":35841,"date":"2026-02-27T00:31:48","date_gmt":"2026-02-27T00:31:48","guid":{"rendered":"https:\/\/nordicmart.andreevmaster.com\/product\/vasagle-seinahylly-80-cm-valkoinen\/"},"modified":"2026-02-27T09:50:08","modified_gmt":"2026-02-27T09:50:08","slug":"vasagle-seinahylly-80-cm-valkoinen","status":"publish","type":"product","link":"https:\/\/nordicmart.andreevmaster.com\/fi\/tuote\/vasagle-seinahylly-80-cm-valkoinen\/","title":{"rendered":"VASAGLE sein\u00e4hylly 80 cm valkoinen"},"content":{"rendered":"<p>Puuttuuko lattialla s\u00e4ilytystilaa? Katso sitten yl\u00f6sp\u00e4in! Eik\u00f6 lattialla ole tarpeeksi tilaa kapean hyllyn asettamiseksi? Mihin sitten laitat koriste-esineesi, valokuvakehyksesi, kokoelmasi tai mausteesi? Katso seinille! K\u00e4yt\u00e4 modernia valkoista kelluvaa hylly\u00e4 (80 x 20 x 3,8 cm P\/L\/K) olohuoneessa perhevalokuvien esillepanoon, kylpyhuoneessa saippuan ja muiden kylpytuotteiden s\u00e4ilytykseen tai keitti\u00f6ss\u00e4 mausteiden s\u00e4ilytykseen.Pit\u00e4\u00e4 tavarasi vakaasti sein\u00e4ll\u00e4 Tulet kotiin pitk\u00e4n ty\u00f6p\u00e4iv\u00e4n j\u00e4lkeen ja huomaat, ett\u00e4 sein\u00e4hyllysi on pudonnut ja kaikki valokuvakehyksesi ovat lattialla \u2013 kauhea ajatus, eik\u00f6? Sano hyv\u00e4stit ep\u00e4vakaille sein\u00e4hyllyille ja hanki leijuhyllymme, joka on valmistettu tukevista E1-luokan MDF-levyist\u00e4 ja piilotetusta metallikiinnikkeest\u00e4 ja joka kest\u00e4\u00e4 jopa 15 kg:n painon, kun se asennetaan massiivisein\u00e4\u00e4n. Tuotetiedot: &#8211; V\u00e4ri: valkoinen &#8211; Materiaali: MDF-levyt (E1-luokka), rauta &#8211; Mitat: 80 x 20 x 3,8 cm (P x L x K) &#8211; Paino: 2,3 kg &#8211; Maks. kantavuus (asennettuna massiivisein\u00e4\u00e4n): 15 kgToimitus sis\u00e4lt\u00e4\u00e4: &#8211; 1 x sein\u00e4hylly &#8211; 1 x lis\u00e4varustepussi &#8211; 1 x ohjeet (DE, EN, FR, ES, IT)VASAGLE-ohjeet: &#8211; Asenna hylly tarkasti ohjeiden mukaisesti. &#8211; Hylly on suositeltavaa asentaa massiivisein\u00e4\u00e4n. Jos kyseess\u00e4 on kipsilevysein\u00e4, hanki sopivat sein\u00e4kiinnikkeet erikoisliikkeest\u00e4. &#8211; \u00c4l\u00e4 altista tuotetta voimakkaalle auringonvalolle tai sijoita sit\u00e4 kosteaan ymp\u00e4rist\u00f6\u00f6n.<\/p>\n","protected":false},"excerpt":{"rendered":"<p>VASAGLE sein\u00e4hylly, sein\u00e4levy 80 x 20 x 3,8 cm, kelluva hylly, ripustettava hylly kuville, koristeille, MDF-puu, valkoinen LWS28WT<\/p>\n","protected":false},"featured_media":44378,"comment_status":"open","ping_status":"closed","template":"","meta":[],"product_brand":[],"product_cat":[32],"product_tag":[],"class_list":{"0":"post-35841","1":"product","2":"type-product","3":"status-publish","4":"has-post-thumbnail","6":"product_cat-uncategorized-fi","8":"first","9":"instock","10":"shipping-taxable","11":"purchasable","12":"product-type-simple"},"_links":{"self":[{"href":"https:\/\/nordicmart.andreevmaster.com\/fi\/wp-json\/wp\/v2\/product\/35841","targetHints":{"allow":["GET"]}}],"collection":[{"href":"https:\/\/nordicmart.andreevmaster.com\/fi\/wp-json\/wp\/v2\/product"}],"about":[{"href":"https:\/\/nordicmart.andreevmaster.com\/fi\/wp-json\/wp\/v2\/types\/product"}],"replies":[{"embeddable":true,"href":"https:\/\/nordicmart.andreevmaster.com\/fi\/wp-json\/wp\/v2\/comments?post=35841"}],"wp:featuredmedia":[{"embeddable":true,"href":"https:\/\/nordicmart.andreevmaster.com\/fi\/wp-json\/wp\/v2\/media\/44378"}],"wp:attachment":[{"href":"https:\/\/nordicmart.andreevmaster.com\/fi\/wp-json\/wp\/v2\/media?parent=35841"}],"wp:term":[{"taxonomy":"product_brand","embeddable":true,"href":"https:\/\/nordicmart.andreevmaster.com\/fi\/wp-json\/wp\/v2\/product_brand?post=35841"},{"taxonomy":"product_cat","embeddable":true,"href":"https:\/\/nordicmart.andreevmaster.com\/fi\/wp-json\/wp\/v2\/product_cat?post=35841"},{"taxonomy":"product_tag","embeddable":true,"href":"https:\/\/nordicmart.andreevmaster.com\/fi\/wp-json\/wp\/v2\/product_tag?post=35841"}],"curies":[{"name":"wp","href":"https:\/\/api.w.org\/{rel}","templated":true}]}}