{"id":35837,"date":"2026-02-27T00:31:47","date_gmt":"2026-02-27T00:31:47","guid":{"rendered":"https:\/\/nordicmart.andreevmaster.com\/product\/vasagle-seinahylly-40-cm-valkoinen\/"},"modified":"2026-02-27T09:50:07","modified_gmt":"2026-02-27T09:50:07","slug":"vasagle-seinahylly-40-cm-valkoinen","status":"publish","type":"product","link":"https:\/\/nordicmart.andreevmaster.com\/fi\/tuote\/vasagle-seinahylly-40-cm-valkoinen\/","title":{"rendered":"VASAGLE sein\u00e4hylly 40 cm valkoinen"},"content":{"rendered":"<p>Puuttuuko lattialla s\u00e4ilytystilaa? Katso sitten yl\u00f6sp\u00e4in! Eik\u00f6 lattialla ole tarpeeksi tilaa kapean hyllyn asettamiseksi? Mihin sitten laitat koriste-esineesi, valokuvakehyksesi, kokoelmasi tai mausteesi? Katso seinille! K\u00e4yt\u00e4 modernia valkoista kelluvaa hylly\u00e4 (40 x 20 x 3,8 cm P\/L\/K) olohuoneessa perhevalokuvien esillepanemiseen, kylpyhuoneessa saippuan ja muiden kylpytuotteiden s\u00e4ilytt\u00e4miseen tai keitti\u00f6ss\u00e4 mausteiden s\u00e4ilytt\u00e4miseen.Kaksi erilaista sein\u00e4kiinnikett\u00e4 Etk\u00f6 halua ajaa autolla rautakauppaan vain ostamaan muutamia ruuveja, tulppia jne.? Ei h\u00e4t\u00e4\u00e4, toimitamme sinulle erilaisia sein\u00e4kiinnikkeit\u00e4 massiiviseiniin ja kipsilevyseiniin. N\u00e4in voit aloittaa t\u00e4m\u00e4n sein\u00e4hyllyn asennuksen heti, kun olet purkanut osat pakkauksesta. Tuotetiedot: &#8211; V\u00e4ri: valkoinen &#8211; Materiaali: MDF-levyt (E1-luokka), rauta &#8211; Mitat: 40 x 20 x 3,8 cm (P x L x K) &#8211; Paino: 1,5 kg &#8211; Maks. kuormituskyky (asennettaessa kipsilevysein\u00e4\u00e4n): 10 kg &#8211; Maks. kuormituskyky (asennettaessa massiivisein\u00e4\u00e4n): 15 kgToimitus sis\u00e4lt\u00e4\u00e4: &#8211; 1 x sein\u00e4hylly &#8211; 1 x lis\u00e4varustepussi &#8211; 1 x ohjeet (DE, EN, FR, ES, IT)VASAGLE-ohjeet: &#8211; Asenna hylly tarkasti ohjeiden mukaisesti. &#8211; Hylly on suositeltavaa asentaa massiivisein\u00e4\u00e4n (kantavuus enint\u00e4\u00e4n 15 kg). Kipsilevysein\u00e4\u00e4n asennettuna sen kantavuus on enint\u00e4\u00e4n 10 kg. &#8211; \u00c4l\u00e4 aseta liian painavia esineit\u00e4 hyllylle. &#8211; \u00c4l\u00e4 altista tuotetta voimakkaalle auringonvalolle tai sijoita sit\u00e4 kosteaan ymp\u00e4rist\u00f6\u00f6n.<\/p>\n","protected":false},"excerpt":{"rendered":"<p>VASAGLE sein\u00e4hylly, sein\u00e4hylly 40 x 20 x 3,8 cm, kelluva hylly, ripustettava hylly, toimistohylly kuville, koristeille, MDF-puuta, rustiikkinen, ruskea LWS24BX<\/p>\n","protected":false},"featured_media":44374,"comment_status":"open","ping_status":"closed","template":"","meta":[],"product_brand":[],"product_cat":[32],"product_tag":[],"class_list":{"0":"post-35837","1":"product","2":"type-product","3":"status-publish","4":"has-post-thumbnail","6":"product_cat-uncategorized-fi","8":"first","9":"instock","10":"shipping-taxable","11":"purchasable","12":"product-type-simple"},"_links":{"self":[{"href":"https:\/\/nordicmart.andreevmaster.com\/fi\/wp-json\/wp\/v2\/product\/35837","targetHints":{"allow":["GET"]}}],"collection":[{"href":"https:\/\/nordicmart.andreevmaster.com\/fi\/wp-json\/wp\/v2\/product"}],"about":[{"href":"https:\/\/nordicmart.andreevmaster.com\/fi\/wp-json\/wp\/v2\/types\/product"}],"replies":[{"embeddable":true,"href":"https:\/\/nordicmart.andreevmaster.com\/fi\/wp-json\/wp\/v2\/comments?post=35837"}],"wp:featuredmedia":[{"embeddable":true,"href":"https:\/\/nordicmart.andreevmaster.com\/fi\/wp-json\/wp\/v2\/media\/44374"}],"wp:attachment":[{"href":"https:\/\/nordicmart.andreevmaster.com\/fi\/wp-json\/wp\/v2\/media?parent=35837"}],"wp:term":[{"taxonomy":"product_brand","embeddable":true,"href":"https:\/\/nordicmart.andreevmaster.com\/fi\/wp-json\/wp\/v2\/product_brand?post=35837"},{"taxonomy":"product_cat","embeddable":true,"href":"https:\/\/nordicmart.andreevmaster.com\/fi\/wp-json\/wp\/v2\/product_cat?post=35837"},{"taxonomy":"product_tag","embeddable":true,"href":"https:\/\/nordicmart.andreevmaster.com\/fi\/wp-json\/wp\/v2\/product_tag?post=35837"}],"curies":[{"name":"wp","href":"https:\/\/api.w.org\/{rel}","templated":true}]}}