{"id":35834,"date":"2026-02-27T00:31:46","date_gmt":"2026-02-27T00:31:46","guid":{"rendered":"https:\/\/nordicmart.andreevmaster.com\/product\/songmics-seinahyllyt-3-kpl\/"},"modified":"2026-02-27T09:50:06","modified_gmt":"2026-02-27T09:50:06","slug":"songmics-seinahyllyt-3-kpl","status":"publish","type":"product","link":"https:\/\/nordicmart.andreevmaster.com\/fi\/tuote\/songmics-seinahyllyt-3-kpl\/","title":{"rendered":"SONGMICS sein\u00e4hyllyt, 3 kpl"},"content":{"rendered":"<p>Tuotetiedot:V\u00e4ri: valkoinen-kulta Materiaali: MDF (keskitihe\u00e4 kuitulevy), ter\u00e4s Koko: (iso) 12,5 x 40 x 14,5 cm (S x L x K) (keskikokoinen) 12,5 x 35 x 14,5 cm (S x L x K) (pieni) 12,5 x 30 x 14,5 cm (S x L x K) Hyllyn koko: (iso) 12,5 x 40 x 1,5 cm (S x L x K) (keskikokoinen) 12,5 x 35 x 1,5 cm (S x L x K) (pieni) 12,5 x 30 x 1,5 cm (S x L x K) Kokonaispaino: 1,7 kg Maks. staattinen kantavuus sein\u00e4hylly\u00e4 kohti: 10 kg Toimitus sis\u00e4lt\u00e4\u00e4: 3 x sein\u00e4hylly 1 x lis\u00e4varustepaketti 1 x ohjeet SONGMICS Huomautukset: Turvallisuussyist\u00e4 lapset eiv\u00e4t saa kiivet\u00e4 tuotteelle tai leikki\u00e4 sill\u00e4.<\/p>\n","protected":false},"excerpt":{"rendered":"<p>SONGMICS sein\u00e4hylly 3 kpl:n sarja, kelluva hylly, metallirunko, moderni tyyli, olohuoneeseen, makuuhuoneeseen, keitti\u00f6\u00f6n, valkoinen-kulta LWS105W10<\/p>\n","protected":false},"featured_media":44371,"comment_status":"open","ping_status":"closed","template":"","meta":[],"product_brand":[],"product_cat":[32],"product_tag":[],"class_list":{"0":"post-35834","1":"product","2":"type-product","3":"status-publish","4":"has-post-thumbnail","6":"product_cat-uncategorized-fi","8":"first","9":"instock","10":"shipping-taxable","11":"purchasable","12":"product-type-simple"},"_links":{"self":[{"href":"https:\/\/nordicmart.andreevmaster.com\/fi\/wp-json\/wp\/v2\/product\/35834","targetHints":{"allow":["GET"]}}],"collection":[{"href":"https:\/\/nordicmart.andreevmaster.com\/fi\/wp-json\/wp\/v2\/product"}],"about":[{"href":"https:\/\/nordicmart.andreevmaster.com\/fi\/wp-json\/wp\/v2\/types\/product"}],"replies":[{"embeddable":true,"href":"https:\/\/nordicmart.andreevmaster.com\/fi\/wp-json\/wp\/v2\/comments?post=35834"}],"wp:featuredmedia":[{"embeddable":true,"href":"https:\/\/nordicmart.andreevmaster.com\/fi\/wp-json\/wp\/v2\/media\/44371"}],"wp:attachment":[{"href":"https:\/\/nordicmart.andreevmaster.com\/fi\/wp-json\/wp\/v2\/media?parent=35834"}],"wp:term":[{"taxonomy":"product_brand","embeddable":true,"href":"https:\/\/nordicmart.andreevmaster.com\/fi\/wp-json\/wp\/v2\/product_brand?post=35834"},{"taxonomy":"product_cat","embeddable":true,"href":"https:\/\/nordicmart.andreevmaster.com\/fi\/wp-json\/wp\/v2\/product_cat?post=35834"},{"taxonomy":"product_tag","embeddable":true,"href":"https:\/\/nordicmart.andreevmaster.com\/fi\/wp-json\/wp\/v2\/product_tag?post=35834"}],"curies":[{"name":"wp","href":"https:\/\/api.w.org\/{rel}","templated":true}]}}