{"id":35833,"date":"2026-02-27T00:31:46","date_gmt":"2026-02-27T00:31:46","guid":{"rendered":"https:\/\/nordicmart.andreevmaster.com\/product\/songmics-nelionmuotoiset-seinahyllyt-3-kpl-valkoiset\/"},"modified":"2026-02-27T09:50:06","modified_gmt":"2026-02-27T09:50:06","slug":"songmics-nelionmuotoiset-seinahyllyt-3-kpl-valkoiset","status":"publish","type":"product","link":"https:\/\/nordicmart.andreevmaster.com\/fi\/tuote\/songmics-nelionmuotoiset-seinahyllyt-3-kpl-valkoiset\/","title":{"rendered":"SONGMICS Neli\u00f6nmuotoiset sein\u00e4hyllyt, 3 kpl, valkoiset"},"content":{"rendered":"<p>N\u00e4m\u00e4 kauniit, tyylikk\u00e4\u00e4t retrotyyliset sein\u00e4hyllyt ovat k\u00e4yt\u00e4nn\u00f6llisi\u00e4 ja koristeellisia esineit\u00e4 jokaiseen kotiin! Songmics-hyllysetiss\u00e4 on MDF-levyt, jotka on valmistettu p\u00e4\u00e4st\u00f6luokan E1 mukaisesti. Se on kosteudenkest\u00e4v\u00e4, ei v\u00e4\u00e4nny helposti ja kest\u00e4\u00e4 suuria kuormia. Huolellisen hionnan ja tasoituksen j\u00e4lkeen lakka on levitetty huolellisesti k\u00e4sin useita kertoja, joten v\u00e4ri on kest\u00e4v\u00e4, tasainen ja kiilt\u00e4v\u00e4. Hyllyt on helppo koota ja ne voidaan asentaa sek\u00e4 vaakasuoraan ett\u00e4 pystysuoraan. Uudistuneella muotoilullaan ja modernilla tyylill\u00e4\u00e4n hyllyset on ihanteellinen s\u00e4ilytystila kirjoille, CD-levyille ja muille pienille tavaroille. Sein\u00e4hyllyn\u00e4 tai yksinkertaisesti vapaasti seisovana koristeena \u2013 3-osainen kuutiosarja on todellinen katseenvangitsija! Tuotetiedot:  &#8211; Materiaali: MDF-levyt (luokka E1), levyn paksuus 1,8 cm &#8211; Ulkomitat: pieni hylly: 18 x 18 x 10 cm (L x K x S); keskikokoinen hylly: 22,5 x 22,5 x 10 cm (L x K x S); iso hylly: 27 x 27 x 10 cm (L x K x S) &#8211; Sis\u00e4mitat: pieni hylly: 14,4 x 14,4 x 10 cm (L x K x S); keskimm\u00e4inen hylly: 19 x 19 x 10 cm (L x K x S); iso hylly: 23,4 x 23,4 x 10 cm (L x K x S) &#8211; Pakkauksen mitat: 39 x 39 x 23 cm &#8211; Paino: 3,8 kg\u3001 Toimitus sis\u00e4lt\u00e4\u00e4:  &#8211; 1 x sein\u00e4hyllypaketti (3 kuutiohylly\u00e4) &#8211; 1 x ruuvit ja tulpat asennusta varten &#8211; 1 x ohjeet (DE, FR, EN, IT, ES) SONGMICS Huomautus: &#8211; Asennukseen tarvitaan akkuruuvimeisseli, vesivaaka ja vasara. &#8211; Kiinnit\u00e4 tuote betoni-, kevytbetoni- tai tiilisein\u00e4\u00e4n. Jos haluat kiinnitt\u00e4\u00e4 tuotteen kipsilevyyn, hanki ensin sopivat ruuvit erikoisliikkeest\u00e4.<\/p>\n","protected":false},"excerpt":{"rendered":"<p>SONGMICS sein\u00e4hylly Cube-hylly 3 kpl:n sarja Kuutiohyllyt Kirjahylly Ripustettava hylly, kantavuus 15 kg, valkoinen LWS104<\/p>\n","protected":false},"featured_media":44370,"comment_status":"open","ping_status":"closed","template":"","meta":[],"product_brand":[],"product_cat":[32],"product_tag":[],"class_list":{"0":"post-35833","1":"product","2":"type-product","3":"status-publish","4":"has-post-thumbnail","6":"product_cat-uncategorized-fi","8":"first","9":"instock","10":"shipping-taxable","11":"purchasable","12":"product-type-simple"},"_links":{"self":[{"href":"https:\/\/nordicmart.andreevmaster.com\/fi\/wp-json\/wp\/v2\/product\/35833","targetHints":{"allow":["GET"]}}],"collection":[{"href":"https:\/\/nordicmart.andreevmaster.com\/fi\/wp-json\/wp\/v2\/product"}],"about":[{"href":"https:\/\/nordicmart.andreevmaster.com\/fi\/wp-json\/wp\/v2\/types\/product"}],"replies":[{"embeddable":true,"href":"https:\/\/nordicmart.andreevmaster.com\/fi\/wp-json\/wp\/v2\/comments?post=35833"}],"wp:featuredmedia":[{"embeddable":true,"href":"https:\/\/nordicmart.andreevmaster.com\/fi\/wp-json\/wp\/v2\/media\/44370"}],"wp:attachment":[{"href":"https:\/\/nordicmart.andreevmaster.com\/fi\/wp-json\/wp\/v2\/media?parent=35833"}],"wp:term":[{"taxonomy":"product_brand","embeddable":true,"href":"https:\/\/nordicmart.andreevmaster.com\/fi\/wp-json\/wp\/v2\/product_brand?post=35833"},{"taxonomy":"product_cat","embeddable":true,"href":"https:\/\/nordicmart.andreevmaster.com\/fi\/wp-json\/wp\/v2\/product_cat?post=35833"},{"taxonomy":"product_tag","embeddable":true,"href":"https:\/\/nordicmart.andreevmaster.com\/fi\/wp-json\/wp\/v2\/product_tag?post=35833"}],"curies":[{"name":"wp","href":"https:\/\/api.w.org\/{rel}","templated":true}]}}