{"id":35832,"date":"2026-02-27T00:31:45","date_gmt":"2026-02-27T00:31:45","guid":{"rendered":"https:\/\/nordicmart.andreevmaster.com\/product\/songmics-geometriset-seinahyllyt-3-kpl-valkoiset\/"},"modified":"2026-02-27T09:50:05","modified_gmt":"2026-02-27T09:50:05","slug":"songmics-geometriset-seinahyllyt-3-kpl-valkoiset","status":"publish","type":"product","link":"https:\/\/nordicmart.andreevmaster.com\/fi\/tuote\/songmics-geometriset-seinahyllyt-3-kpl-valkoiset\/","title":{"rendered":"SONGMICS Geometriset sein\u00e4hyllyt, 3 kpl, valkoiset"},"content":{"rendered":"<p>N\u00e4m\u00e4 kauniit, tyylikk\u00e4\u00e4t retrotyyliset sein\u00e4hyllyt ovat k\u00e4yt\u00e4nn\u00f6llisi\u00e4 ja koristeellisia esineit\u00e4 jokaiseen kotiin! Songmics-hyllysetiss\u00e4 on MDF-levyt, jotka on valmistettu p\u00e4\u00e4st\u00f6luokan E1 mukaisesti. Se on kosteudenkest\u00e4v\u00e4, ei v\u00e4\u00e4nny helposti ja kest\u00e4\u00e4 suuria kuormia. Huolellisen hionnan ja tasoituksen j\u00e4lkeen lakka on levitetty huolellisesti k\u00e4sin useita kertoja, joten v\u00e4ri on kest\u00e4v\u00e4, tasainen ja kiilt\u00e4v\u00e4. Hyllyt on helppo koota ja ne voidaan asentaa sek\u00e4 vaakasuoraan ett\u00e4 pystysuoraan. Uudistuneella muotoilullaan ja modernilla tyylill\u00e4\u00e4n hyllykk\u00f6setti on ihanteellinen s\u00e4ilytystila kirjoille, CD-levyille ja muille pienille tavaroille. Sein\u00e4hyllyn\u00e4 tai yksinkertaisesti vapaasti seisovana koristeena \u2013 3-osainen kuutiosetti on todellinen katseenvangitsija! Tuotetiedot:- Materiaali: MDF-levyt (luokka E1), levyn paksuus 1,8 cm Ulkomitat: &#8211; iso hylly: 42,5 x 21,5 x 10 cm (L x K x S) &#8211; pieni hylly: 17,5 x 17,5 x 10 cm (L x K x S) (2 x ) Sis\u00e4mitat: &#8212; iso hylly: 39 x 18 x 10 cm (L x K x S)- pieni hylly: 13,4 x 13,4 x 10 cm (L x K x S) (2 x )Toimitus sis\u00e4lt\u00e4\u00e4:- 1 x sein\u00e4hylly (1 iso hylly, 2 pient\u00e4 hylly\u00e4)- 1 sarja ruuveja ja tulppia asennusta varten- 1 x ohjeet (DE, FR, EN, IT, ES)SONGMICS Huomautus:- Asennukseen tarvitaan akkuruuvimeisseli, vesivaaka ja vasara. &#8211; Kiinnit\u00e4 tuote betoni-, kevytbetoni- tai tiilisein\u00e4\u00e4n. Jos haluat kiinnitt\u00e4\u00e4 tuotteen kipsilevyyn, hanki ensin sopivat ruuvit erikoisliikkeest\u00e4.<\/p>\n","protected":false},"excerpt":{"rendered":"<p>SONGMICS sein\u00e4hylly kuutiohyllyt 3 kpl:n sarja Cube-hylly kirjahylly kantavuus 15 kg, valkoinen LWS102<\/p>\n","protected":false},"featured_media":44369,"comment_status":"open","ping_status":"closed","template":"","meta":[],"product_brand":[],"product_cat":[32],"product_tag":[],"class_list":{"0":"post-35832","1":"product","2":"type-product","3":"status-publish","4":"has-post-thumbnail","6":"product_cat-uncategorized-fi","8":"first","9":"instock","10":"shipping-taxable","11":"purchasable","12":"product-type-simple"},"_links":{"self":[{"href":"https:\/\/nordicmart.andreevmaster.com\/fi\/wp-json\/wp\/v2\/product\/35832","targetHints":{"allow":["GET"]}}],"collection":[{"href":"https:\/\/nordicmart.andreevmaster.com\/fi\/wp-json\/wp\/v2\/product"}],"about":[{"href":"https:\/\/nordicmart.andreevmaster.com\/fi\/wp-json\/wp\/v2\/types\/product"}],"replies":[{"embeddable":true,"href":"https:\/\/nordicmart.andreevmaster.com\/fi\/wp-json\/wp\/v2\/comments?post=35832"}],"wp:featuredmedia":[{"embeddable":true,"href":"https:\/\/nordicmart.andreevmaster.com\/fi\/wp-json\/wp\/v2\/media\/44369"}],"wp:attachment":[{"href":"https:\/\/nordicmart.andreevmaster.com\/fi\/wp-json\/wp\/v2\/media?parent=35832"}],"wp:term":[{"taxonomy":"product_brand","embeddable":true,"href":"https:\/\/nordicmart.andreevmaster.com\/fi\/wp-json\/wp\/v2\/product_brand?post=35832"},{"taxonomy":"product_cat","embeddable":true,"href":"https:\/\/nordicmart.andreevmaster.com\/fi\/wp-json\/wp\/v2\/product_cat?post=35832"},{"taxonomy":"product_tag","embeddable":true,"href":"https:\/\/nordicmart.andreevmaster.com\/fi\/wp-json\/wp\/v2\/product_tag?post=35832"}],"curies":[{"name":"wp","href":"https:\/\/api.w.org\/{rel}","templated":true}]}}