{"id":35831,"date":"2026-02-27T00:31:45","date_gmt":"2026-02-27T00:31:45","guid":{"rendered":"https:\/\/nordicmart.andreevmaster.com\/product\/vasagle-seinahyllyt-vintage-ruskea\/"},"modified":"2026-02-27T09:50:05","modified_gmt":"2026-02-27T09:50:05","slug":"vasagle-seinahyllyt-vintage-ruskea","status":"publish","type":"product","link":"https:\/\/nordicmart.andreevmaster.com\/fi\/tuote\/vasagle-seinahyllyt-vintage-ruskea\/","title":{"rendered":"VASAGLE sein\u00e4hyllyt, vintage-ruskea"},"content":{"rendered":"<p>Puuttuuko lattialla s\u00e4ilytystilaa? K\u00e4\u00e4nn\u00e4 katseesi seiniin! N\u00e4iden 3 kelluvan hyllyn avulla voit esitt\u00e4\u00e4 koriste-esineit\u00e4 olohuoneessa, sijoittaa valokuvakehyksi\u00e4 makuuhuoneeseen tai s\u00e4ilytt\u00e4\u00e4 maustepurkkeja keitti\u00f6ss\u00e4. &#8221;Olemme vahvoja&#8221; Ty\u00f6nn\u00e4 ep\u00e4vakaat hyllyt syrj\u00e4\u00e4n! E1-luokan puumateriaalista valmistetut hyllyt ovat riitt\u00e4v\u00e4n vahvoja kirjojen ja ruukkukasvien s\u00e4ilytt\u00e4miseen. Tuotetiedot: &#8211; V\u00e4ri: vintage-ruskea &#8211; Materiaali: E1-luokan puulevy &#8211; Koko: Pieni: 30 x 10 x 15 cm (P x L x K) Keskikokoinen: 35 x 10 x 20 cm (P x L x K) Suuri: 40 x 10 x 25 cm (P x L x K) &#8211; 3 hyllyn paino: 3,7 kg &#8211; Maks. staattinen kantavuus hylly\u00e4 kohti: 5 kg (suuri), 4 kg (keskikokoinen), 3 kg (pieni)Toimitus sis\u00e4lt\u00e4\u00e4:- 3 x sein\u00e4hylly (pieni, keskikokoinen, suuri) &#8211; 1 x lis\u00e4varustepaketti &#8211; 1 x ohjeet (DE, EN, FR, ES, IT) VASAGLE Huomautukset: &#8211; Hyllyjen asennukseen tarvitaan ruuvimeisseli, vesivaaka ja vasara. &#8211; Asenna tuote massiivisiin betoni- tai tiiliseiniin. Jos haluat asentaa tuotteen kipsilevysein\u00e4\u00e4n, sinun on hankittava sopivat ruuvit erikoisliikkeest\u00e4.<\/p>\n","protected":false},"excerpt":{"rendered":"<p>VASAGLE sein\u00e4hyllyt, 3 kpl, kuutiohyllyt, pituus 40\/35\/30 cm, olohuoneeseen, makuuhuoneeseen, ty\u00f6huoneeseen, vintage-ruskea LWS094X01<\/p>\n","protected":false},"featured_media":44368,"comment_status":"open","ping_status":"closed","template":"","meta":[],"product_brand":[],"product_cat":[32],"product_tag":[],"class_list":{"0":"post-35831","1":"product","2":"type-product","3":"status-publish","4":"has-post-thumbnail","6":"product_cat-uncategorized-fi","8":"first","9":"instock","10":"shipping-taxable","11":"purchasable","12":"product-type-simple"},"_links":{"self":[{"href":"https:\/\/nordicmart.andreevmaster.com\/fi\/wp-json\/wp\/v2\/product\/35831","targetHints":{"allow":["GET"]}}],"collection":[{"href":"https:\/\/nordicmart.andreevmaster.com\/fi\/wp-json\/wp\/v2\/product"}],"about":[{"href":"https:\/\/nordicmart.andreevmaster.com\/fi\/wp-json\/wp\/v2\/types\/product"}],"replies":[{"embeddable":true,"href":"https:\/\/nordicmart.andreevmaster.com\/fi\/wp-json\/wp\/v2\/comments?post=35831"}],"wp:featuredmedia":[{"embeddable":true,"href":"https:\/\/nordicmart.andreevmaster.com\/fi\/wp-json\/wp\/v2\/media\/44368"}],"wp:attachment":[{"href":"https:\/\/nordicmart.andreevmaster.com\/fi\/wp-json\/wp\/v2\/media?parent=35831"}],"wp:term":[{"taxonomy":"product_brand","embeddable":true,"href":"https:\/\/nordicmart.andreevmaster.com\/fi\/wp-json\/wp\/v2\/product_brand?post=35831"},{"taxonomy":"product_cat","embeddable":true,"href":"https:\/\/nordicmart.andreevmaster.com\/fi\/wp-json\/wp\/v2\/product_cat?post=35831"},{"taxonomy":"product_tag","embeddable":true,"href":"https:\/\/nordicmart.andreevmaster.com\/fi\/wp-json\/wp\/v2\/product_tag?post=35831"}],"curies":[{"name":"wp","href":"https:\/\/api.w.org\/{rel}","templated":true}]}}