{"id":35829,"date":"2026-02-27T00:31:44","date_gmt":"2026-02-27T00:31:44","guid":{"rendered":"https:\/\/nordicmart.andreevmaster.com\/product\/songmics-3-kpl-sarja-kelluva-hylly-80-cm-levea-valkoinen\/"},"modified":"2026-02-27T09:50:05","modified_gmt":"2026-02-27T09:50:05","slug":"songmics-3-kpl-sarja-kelluva-hylly-80-cm-levea-valkoinen","status":"publish","type":"product","link":"https:\/\/nordicmart.andreevmaster.com\/fi\/tuote\/songmics-3-kpl-sarja-kelluva-hylly-80-cm-levea-valkoinen\/","title":{"rendered":"SONGMICS 3 kpl sarja kelluva hylly 80 cm leve\u00e4 valkoinen"},"content":{"rendered":"<p>SONGMICS sein\u00e4hylly 3 kpl sarja kelluvat hyllyt valokuvakehyksille ja kirjoille, 38 x 10 cm, moderni hylly, valkoinen LWS38WT<br \/>\nKoristeellinen: Valkoinen kiilt\u00e4v\u00e4 pinta tuo koristeellisen lis\u00e4n.<br \/>\nJoustavasti yhdistelt\u00e4viss\u00e4: Hyllyj\u00e4 voi yhdistell\u00e4 vapaasti, jotta tyhj\u00e4t sein\u00e4t saavat luonnetta.<br \/>\nKest\u00e4v\u00e4 ja tukeva: Keitti\u00f6hyllyt on valmistettu korkealaatuisesta MDF-levyst\u00e4, ja ne kest\u00e4v\u00e4t kukin jopa 15 kg:n painon.<br \/>\nSuojaa liukumiselta: Korotettu etureuna suojaa kehyksi\u00e4 liukumiselta.<br \/>\nRuuvien peitekannet: Ruuvien peitekannet eiv\u00e4t h\u00e4iritse hyllyjen koristeellista vaikutusta.<br \/>\nTilaa s\u00e4\u00e4st\u00e4v\u00e4: Kelluvat hyllyt eiv\u00e4t vie lattiatilaa ja hy\u00f6dynt\u00e4v\u00e4t sein\u00e4tilan optimaalisesti luoden lis\u00e4\u00e4 s\u00e4ilytystilaa.<br \/>\nHelppo asentaa: Kylpyhuonehyllyt on helppo asentaa sein\u00e4lle mukana toimitettujen ruuvien avulla.<br \/>\nMonipuolinen k\u00e4ytt\u00f6: Hyllyt sopivat t\u00e4ydellisesti olohuoneeseen, kotitoimistoon, kylpyhuoneeseen tai keitti\u00f6\u00f6n. P<br \/>\nTuotetiedot:<br \/>\nV\u00e4ri: valkoinen<br \/>\nMateriaali: MDF (keskitihe\u00e4 kuitulevy)<br \/>\nKoko per hylly: 10 x 80 x 5\/2 cm (S x L x K)<br \/>\nKokonaispaino: 3,6 kg<br \/>\nHyllyn enimm\u00e4iskuormitus: 15 kg<\/p>\n","protected":false},"excerpt":{"rendered":"<p>SONGMICS sein\u00e4hylly 3 kpl sarja kelluvat hyllyt valokuvakehyksille ja kirjoille, 38 x 10 cm, moderni hylly, valkoinen LWS38WT<\/p>\n","protected":false},"featured_media":44366,"comment_status":"open","ping_status":"closed","template":"","meta":[],"product_brand":[],"product_cat":[32],"product_tag":[],"class_list":{"0":"post-35829","1":"product","2":"type-product","3":"status-publish","4":"has-post-thumbnail","6":"product_cat-uncategorized-fi","8":"first","9":"instock","10":"shipping-taxable","11":"purchasable","12":"product-type-simple"},"_links":{"self":[{"href":"https:\/\/nordicmart.andreevmaster.com\/fi\/wp-json\/wp\/v2\/product\/35829","targetHints":{"allow":["GET"]}}],"collection":[{"href":"https:\/\/nordicmart.andreevmaster.com\/fi\/wp-json\/wp\/v2\/product"}],"about":[{"href":"https:\/\/nordicmart.andreevmaster.com\/fi\/wp-json\/wp\/v2\/types\/product"}],"replies":[{"embeddable":true,"href":"https:\/\/nordicmart.andreevmaster.com\/fi\/wp-json\/wp\/v2\/comments?post=35829"}],"wp:featuredmedia":[{"embeddable":true,"href":"https:\/\/nordicmart.andreevmaster.com\/fi\/wp-json\/wp\/v2\/media\/44366"}],"wp:attachment":[{"href":"https:\/\/nordicmart.andreevmaster.com\/fi\/wp-json\/wp\/v2\/media?parent=35829"}],"wp:term":[{"taxonomy":"product_brand","embeddable":true,"href":"https:\/\/nordicmart.andreevmaster.com\/fi\/wp-json\/wp\/v2\/product_brand?post=35829"},{"taxonomy":"product_cat","embeddable":true,"href":"https:\/\/nordicmart.andreevmaster.com\/fi\/wp-json\/wp\/v2\/product_cat?post=35829"},{"taxonomy":"product_tag","embeddable":true,"href":"https:\/\/nordicmart.andreevmaster.com\/fi\/wp-json\/wp\/v2\/product_tag?post=35829"}],"curies":[{"name":"wp","href":"https:\/\/api.w.org\/{rel}","templated":true}]}}