{"id":35827,"date":"2026-02-27T00:31:44","date_gmt":"2026-02-27T00:31:44","guid":{"rendered":"https:\/\/nordicmart.andreevmaster.com\/product\/vasagle-seinahylly-4-kpl-20-x-60-x-38-cm-vintage-ruskea\/"},"modified":"2026-02-27T09:50:04","modified_gmt":"2026-02-27T09:50:04","slug":"vasagle-seinahylly-4-kpl-20-x-60-x-38-cm-vintage-ruskea","status":"publish","type":"product","link":"https:\/\/nordicmart.andreevmaster.com\/fi\/tuote\/vasagle-seinahylly-4-kpl-20-x-60-x-38-cm-vintage-ruskea\/","title":{"rendered":"VASAGLE sein\u00e4hylly 4 kpl 20 x 60 x 3,8 cm vintage-ruskea"},"content":{"rendered":"<p>VASAGLE sein\u00e4hylly, sein\u00e4levy 60 x 20 x 3,8 cm, kelluva hylly, ripustettava hylly kuville, koristeille, MDF-puu, rustiikkinen, ruskea LWS26BX<br \/>\nV\u00e4ri: vintage-ruskea<br \/>\nMateriaali: MDF (keskitihe\u00e4 kuitulevy), ter\u00e4s<br \/>\nKoko per hylly: 20 x 60 x 3,8 cm (S x L x K)<br \/>\nHyllyn paino: 1,9 kg<br \/>\nHyllyn maks. staattinen kantavuus: 10 kg<\/p>\n","protected":false},"excerpt":{"rendered":"<p>VASAGLE sein\u00e4hylly, sein\u00e4levy 60 x 20 x 3,8 cm, kelluva hylly, ripustettava hylly kuville, koristeille, MDF-puu, rustiikkinen, ruskea LWS26BX<\/p>\n","protected":false},"featured_media":44364,"comment_status":"open","ping_status":"closed","template":"","meta":[],"product_brand":[],"product_cat":[32],"product_tag":[],"class_list":{"0":"post-35827","1":"product","2":"type-product","3":"status-publish","4":"has-post-thumbnail","6":"product_cat-uncategorized-fi","8":"first","9":"instock","10":"shipping-taxable","11":"purchasable","12":"product-type-simple"},"_links":{"self":[{"href":"https:\/\/nordicmart.andreevmaster.com\/fi\/wp-json\/wp\/v2\/product\/35827","targetHints":{"allow":["GET"]}}],"collection":[{"href":"https:\/\/nordicmart.andreevmaster.com\/fi\/wp-json\/wp\/v2\/product"}],"about":[{"href":"https:\/\/nordicmart.andreevmaster.com\/fi\/wp-json\/wp\/v2\/types\/product"}],"replies":[{"embeddable":true,"href":"https:\/\/nordicmart.andreevmaster.com\/fi\/wp-json\/wp\/v2\/comments?post=35827"}],"wp:featuredmedia":[{"embeddable":true,"href":"https:\/\/nordicmart.andreevmaster.com\/fi\/wp-json\/wp\/v2\/media\/44364"}],"wp:attachment":[{"href":"https:\/\/nordicmart.andreevmaster.com\/fi\/wp-json\/wp\/v2\/media?parent=35827"}],"wp:term":[{"taxonomy":"product_brand","embeddable":true,"href":"https:\/\/nordicmart.andreevmaster.com\/fi\/wp-json\/wp\/v2\/product_brand?post=35827"},{"taxonomy":"product_cat","embeddable":true,"href":"https:\/\/nordicmart.andreevmaster.com\/fi\/wp-json\/wp\/v2\/product_cat?post=35827"},{"taxonomy":"product_tag","embeddable":true,"href":"https:\/\/nordicmart.andreevmaster.com\/fi\/wp-json\/wp\/v2\/product_tag?post=35827"}],"curies":[{"name":"wp","href":"https:\/\/api.w.org\/{rel}","templated":true}]}}