{"id":35826,"date":"2026-02-27T00:31:43","date_gmt":"2026-02-27T00:31:43","guid":{"rendered":"https:\/\/nordicmart.andreevmaster.com\/product\/songmics-u-muotoiset-hyllylevyt-3-kpl-valkoiset\/"},"modified":"2026-02-27T09:50:04","modified_gmt":"2026-02-27T09:50:04","slug":"songmics-u-muotoiset-hyllylevyt-3-kpl-valkoiset","status":"publish","type":"product","link":"https:\/\/nordicmart.andreevmaster.com\/fi\/tuote\/songmics-u-muotoiset-hyllylevyt-3-kpl-valkoiset\/","title":{"rendered":"SONGMICS U-muotoiset hyllylevyt, 3 kpl, valkoiset"},"content":{"rendered":"<p>J\u00e4rjest\u00e4 asuntosi sein\u00e4t! Asunnoissamme ei usein ole tarpeeksi tilaa kaikille tavaroillemme. T\u00e4m\u00e4 kaunis 3-osainen sein\u00e4hylly helpottaa el\u00e4m\u00e4\u00e4si tarjoamalla s\u00e4ilytystilaa koko perheelle ja koristamalla sis\u00e4tilojasi. Helppo asentaa, n\u00e4kym\u00e4tt\u00f6m\u00e4t ja eritt\u00e4in tyylikk\u00e4\u00e4t kiinnikkeet \u2013 \u00e4l\u00e4 en\u00e4\u00e4 ep\u00e4r\u00f6i varustaa seini\u00e4si t\u00e4ll\u00e4 hyllyll\u00e4. T\u00e4m\u00e4n 3 puisen sein\u00e4hyllyn avulla voit sijoittaa kirjat, koriste-esineet, pokaalit, kasvit, DVD:t, CD:t jne. sinulle sopivimpaan paikkaan. Se on t\u00e4ydellinen tilan luomiseen. Voit asentaa sen mihin tahansa huoneeseen.  \u00c4l\u00e4 odota en\u00e4\u00e4, vaan hanki t\u00e4m\u00e4 eritt\u00e4in hy\u00f6dyllinen hylly! Erinomainen asiakaspalvelumme on k\u00e4ytett\u00e4viss\u00e4si ennen ja j\u00e4lkeen ostoksen ja vastaa kysymyksiisi s\u00e4hk\u00f6postitse 24 tunnin kuluessa. Prioriteettimme on sinun t\u00e4ydellinen tyytyv\u00e4isyytesi. Valitse SONGMICS  ja me tuomme ilon kotiisi! Tuotetiedot:  &#8211; V\u00e4ri: valkoinen  &#8211; Materiaalit: E1-luokan MDF-levyt  &#8211; Mitat: 60 x 10 x 15 cm; 45 x 10 x 15 cm; 30 x 10 x 15 (L x K x S); Levyn paksuus: 1,8 cm &#8211; Paino: 4,3 kg &#8211; Maks. kantavuus: 15 kg Toimitus sis\u00e4lt\u00e4\u00e4: &#8211; 3 x kelluva hylly &#8211; 6 x laajenevat ruuvit &#8211; 1 x ohjeet (DE, EN, FR, ES, IT)   SONGMICS Huomautukset: &#8211; Asennukseen tarvitset porakoneen, vesivaa&#8217;an ja puukirveen .   &#8211; V\u00e4lt\u00e4 iskuja kiinnityksen aikana. &#8211; Kiinnit\u00e4 t\u00e4m\u00e4 tuote betoni-, kevytbetoni- tai tiilisein\u00e4\u00e4n. Jos haluat kiinnitt\u00e4\u00e4 sen kipsilevyyn, sinun on hankittava ensin sopivat ruuvit erikoisliikkeest\u00e4.<\/p>\n","protected":false},"excerpt":{"rendered":"<p>SONGMICS sein\u00e4hylly 3 kpl:n sarja, riippuhylly, ripustettava hylly, kirjahylly, syvyys 15 cm, 60 45 30 cm, valkoinen, U-muotoinen MDF-retro-sein\u00e4hylly LWS06WT<\/p>\n","protected":false},"featured_media":44363,"comment_status":"open","ping_status":"closed","template":"","meta":[],"product_brand":[],"product_cat":[32],"product_tag":[],"class_list":{"0":"post-35826","1":"product","2":"type-product","3":"status-publish","4":"has-post-thumbnail","6":"product_cat-uncategorized-fi","8":"first","9":"instock","10":"shipping-taxable","11":"purchasable","12":"product-type-simple"},"_links":{"self":[{"href":"https:\/\/nordicmart.andreevmaster.com\/fi\/wp-json\/wp\/v2\/product\/35826","targetHints":{"allow":["GET"]}}],"collection":[{"href":"https:\/\/nordicmart.andreevmaster.com\/fi\/wp-json\/wp\/v2\/product"}],"about":[{"href":"https:\/\/nordicmart.andreevmaster.com\/fi\/wp-json\/wp\/v2\/types\/product"}],"replies":[{"embeddable":true,"href":"https:\/\/nordicmart.andreevmaster.com\/fi\/wp-json\/wp\/v2\/comments?post=35826"}],"wp:featuredmedia":[{"embeddable":true,"href":"https:\/\/nordicmart.andreevmaster.com\/fi\/wp-json\/wp\/v2\/media\/44363"}],"wp:attachment":[{"href":"https:\/\/nordicmart.andreevmaster.com\/fi\/wp-json\/wp\/v2\/media?parent=35826"}],"wp:term":[{"taxonomy":"product_brand","embeddable":true,"href":"https:\/\/nordicmart.andreevmaster.com\/fi\/wp-json\/wp\/v2\/product_brand?post=35826"},{"taxonomy":"product_cat","embeddable":true,"href":"https:\/\/nordicmart.andreevmaster.com\/fi\/wp-json\/wp\/v2\/product_cat?post=35826"},{"taxonomy":"product_tag","embeddable":true,"href":"https:\/\/nordicmart.andreevmaster.com\/fi\/wp-json\/wp\/v2\/product_tag?post=35826"}],"curies":[{"name":"wp","href":"https:\/\/api.w.org\/{rel}","templated":true}]}}