{"id":35825,"date":"2026-02-27T00:31:43","date_gmt":"2026-02-27T00:31:43","guid":{"rendered":"https:\/\/nordicmart.andreevmaster.com\/product\/songmics-seinahylly-3-kpl\/"},"modified":"2026-02-27T09:50:03","modified_gmt":"2026-02-27T09:50:03","slug":"songmics-seinahylly-3-kpl","status":"publish","type":"product","link":"https:\/\/nordicmart.andreevmaster.com\/fi\/tuote\/songmics-seinahylly-3-kpl\/","title":{"rendered":"SONGMICS sein\u00e4hylly 3 kpl"},"content":{"rendered":"<p>Enemm\u00e4n s\u00e4ilytystilaa, enemm\u00e4n eleganssia<br \/>\nHanki n\u00e4m\u00e4 3 sein\u00e4hylly\u00e4 (pituus 40, 50, 60 cm ja syvyys 15 cm), joissa yhdistyv\u00e4t tyylik\u00e4s ruskea hylly ja ajaton musta metallilanka, tuomaan ripaus eleganssia kotiisi ja luomaan samalla lis\u00e4\u00e4 s\u00e4ilytystilaa. \u00c4l\u00e4 huoli, se ei varasta huomiota koristeiltasi, vaan korostaa niit\u00e4 tyylikk\u00e4\u00e4sti.<\/p>\n<p>Huoneesi vaativat tietty\u00e4 laatua<br \/>\nKorkealaatuisista MDF-levyist\u00e4 (E1-luokka) ja kest\u00e4vist\u00e4 metallilangoista valmistetut hyllyt ovat kest\u00e4vi\u00e4, joten voit nauttia niist\u00e4 monien vuosien ajan. Lis\u00e4ksi ne on helppo integroida mihin tahansa, esimerkiksi olohuoneeseen, ty\u00f6huoneeseen tai eteiseen. Viimeinkin kuvakehyksesi, matkamuistosi, toimistotarvikkeesi tai muut koriste-esineesi l\u00f6yt\u00e4v\u00e4t sopivan paikan!<\/p>\n<p>Etsitk\u00f6 kest\u00e4v\u00e4\u00e4 ja tyylik\u00e4st\u00e4 sein\u00e4hylly\u00e4? Sitten t\u00e4m\u00e4 SONGMICS-tuote on juuri sinulle sopiva! Tuotetiedot:<br \/>\n&#8211; V\u00e4ri: ruskea<br \/>\n&#8211; Materiaali: MDF (keskitihe\u00e4 kuitulevy), metallilanka<br \/>\n&#8211; Kokonaismitat: 40\/50\/60 x 15 x 16 cm (P x L x K)<br \/>\n&#8211; Kokonaispaino: 2,8 kg<br \/>\n&#8211; Hyllyn enimm\u00e4iskantavuus: 10 kg<\/p>\n<p>Toimitus sis\u00e4lt\u00e4\u00e4:<br \/>\n&#8211; 3 x sein\u00e4hylly<br \/>\n&#8211; 1 x pussi lis\u00e4varusteita<br \/>\n&#8211; 1 x ohjeet (DE, EN, FR, ES, IT)<\/p>\n","protected":false},"excerpt":{"rendered":"<p>SONGMICS sein\u00e4hylly, 3 kpl, kelluva hylly, koristeelliset hyllyt, makuuhuoneeseen, olohuoneeseen, keitti\u00f6\u00f6n ja eteiseen, kunkin hyllyn kantavuus 10 kg, eri pituudet 40\/50\/60 cm, ruskea LWS068N01<\/p>\n","protected":false},"featured_media":44362,"comment_status":"open","ping_status":"closed","template":"","meta":[],"product_brand":[],"product_cat":[32],"product_tag":[],"class_list":{"0":"post-35825","1":"product","2":"type-product","3":"status-publish","4":"has-post-thumbnail","6":"product_cat-uncategorized-fi","8":"first","9":"instock","10":"shipping-taxable","11":"purchasable","12":"product-type-simple"},"_links":{"self":[{"href":"https:\/\/nordicmart.andreevmaster.com\/fi\/wp-json\/wp\/v2\/product\/35825","targetHints":{"allow":["GET"]}}],"collection":[{"href":"https:\/\/nordicmart.andreevmaster.com\/fi\/wp-json\/wp\/v2\/product"}],"about":[{"href":"https:\/\/nordicmart.andreevmaster.com\/fi\/wp-json\/wp\/v2\/types\/product"}],"replies":[{"embeddable":true,"href":"https:\/\/nordicmart.andreevmaster.com\/fi\/wp-json\/wp\/v2\/comments?post=35825"}],"wp:featuredmedia":[{"embeddable":true,"href":"https:\/\/nordicmart.andreevmaster.com\/fi\/wp-json\/wp\/v2\/media\/44362"}],"wp:attachment":[{"href":"https:\/\/nordicmart.andreevmaster.com\/fi\/wp-json\/wp\/v2\/media?parent=35825"}],"wp:term":[{"taxonomy":"product_brand","embeddable":true,"href":"https:\/\/nordicmart.andreevmaster.com\/fi\/wp-json\/wp\/v2\/product_brand?post=35825"},{"taxonomy":"product_cat","embeddable":true,"href":"https:\/\/nordicmart.andreevmaster.com\/fi\/wp-json\/wp\/v2\/product_cat?post=35825"},{"taxonomy":"product_tag","embeddable":true,"href":"https:\/\/nordicmart.andreevmaster.com\/fi\/wp-json\/wp\/v2\/product_tag?post=35825"}],"curies":[{"name":"wp","href":"https:\/\/api.w.org\/{rel}","templated":true}]}}