{"id":35824,"date":"2026-02-27T00:31:43","date_gmt":"2026-02-27T00:31:43","guid":{"rendered":"https:\/\/nordicmart.andreevmaster.com\/product\/songmics-seinahylly-3-kpln-sarja-30-45-60-cm-seinakiinnitykseen\/"},"modified":"2026-02-27T09:50:03","modified_gmt":"2026-02-27T09:50:03","slug":"songmics-seinahylly-3-kpln-sarja-30-45-60-cm-seinakiinnitykseen","status":"publish","type":"product","link":"https:\/\/nordicmart.andreevmaster.com\/fi\/tuote\/songmics-seinahylly-3-kpln-sarja-30-45-60-cm-seinakiinnitykseen\/","title":{"rendered":"SONGMICS sein\u00e4hylly 3 kpl:n sarja 30\/45\/60 cm sein\u00e4kiinnitykseen"},"content":{"rendered":"<p>SONGMICS sein\u00e4hylly, 3 kpl, kelluva hylly, 30\/45\/60 cm, sein\u00e4lle asennettava hylly, kantavuus enint\u00e4\u00e4n 10 kg, olohuoneeseen, ty\u00f6huoneeseen, kylpyhuoneeseen, keitti\u00f6\u00f6n, vintage-ruskea LWS066T01<br \/>\nV\u00e4ri: ruskea<br \/>\nMateriaali: puulastulevy<br \/>\nKoko:<br \/>\nPienen hyllyn mitat: 15 x 30 x 10 cm (S x L x K)<br \/>\nKeskikokoisen hyllyn mitat: 15 x 45 x 10 cm (S x L x K)<br \/>\nSuuren hyllyn mitat: 15 x 60 x 10 cm (S x L x K)<br \/>\nKokonaispaino: 3,7 kg<br \/>\nKeitti\u00f6hyllyn maks. staattinen kantavuus: 10 kg<\/p>\n","protected":false},"excerpt":{"rendered":"<p>SONGMICS sein\u00e4hylly, 3 kpl, kelluva hylly, 30\/45\/60 cm, sein\u00e4lle asennettava hylly, kantavuus enint\u00e4\u00e4n 10 kg, olohuoneeseen, ty\u00f6huoneeseen, kylpyhuoneeseen, keitti\u00f6\u00f6n, vintage-ruskea LWS066T01<\/p>\n","protected":false},"featured_media":44361,"comment_status":"open","ping_status":"closed","template":"","meta":[],"product_brand":[],"product_cat":[32],"product_tag":[],"class_list":{"0":"post-35824","1":"product","2":"type-product","3":"status-publish","4":"has-post-thumbnail","6":"product_cat-uncategorized-fi","8":"first","9":"instock","10":"shipping-taxable","11":"purchasable","12":"product-type-simple"},"_links":{"self":[{"href":"https:\/\/nordicmart.andreevmaster.com\/fi\/wp-json\/wp\/v2\/product\/35824","targetHints":{"allow":["GET"]}}],"collection":[{"href":"https:\/\/nordicmart.andreevmaster.com\/fi\/wp-json\/wp\/v2\/product"}],"about":[{"href":"https:\/\/nordicmart.andreevmaster.com\/fi\/wp-json\/wp\/v2\/types\/product"}],"replies":[{"embeddable":true,"href":"https:\/\/nordicmart.andreevmaster.com\/fi\/wp-json\/wp\/v2\/comments?post=35824"}],"wp:featuredmedia":[{"embeddable":true,"href":"https:\/\/nordicmart.andreevmaster.com\/fi\/wp-json\/wp\/v2\/media\/44361"}],"wp:attachment":[{"href":"https:\/\/nordicmart.andreevmaster.com\/fi\/wp-json\/wp\/v2\/media?parent=35824"}],"wp:term":[{"taxonomy":"product_brand","embeddable":true,"href":"https:\/\/nordicmart.andreevmaster.com\/fi\/wp-json\/wp\/v2\/product_brand?post=35824"},{"taxonomy":"product_cat","embeddable":true,"href":"https:\/\/nordicmart.andreevmaster.com\/fi\/wp-json\/wp\/v2\/product_cat?post=35824"},{"taxonomy":"product_tag","embeddable":true,"href":"https:\/\/nordicmart.andreevmaster.com\/fi\/wp-json\/wp\/v2\/product_tag?post=35824"}],"curies":[{"name":"wp","href":"https:\/\/api.w.org\/{rel}","templated":true}]}}