{"id":35822,"date":"2026-02-27T00:31:42","date_gmt":"2026-02-27T00:31:42","guid":{"rendered":"https:\/\/nordicmart.andreevmaster.com\/product\/songmics-3-kpln-sarja-seinahyllyja-leveys-60-cm-valkoinen\/"},"modified":"2026-02-27T09:50:03","modified_gmt":"2026-02-27T09:50:03","slug":"songmics-3-kpln-sarja-seinahyllyja-leveys-60-cm-valkoinen","status":"publish","type":"product","link":"https:\/\/nordicmart.andreevmaster.com\/fi\/tuote\/songmics-3-kpln-sarja-seinahyllyja-leveys-60-cm-valkoinen\/","title":{"rendered":"SONGMICS 3 kpl:n sarja sein\u00e4hyllyj\u00e4, leveys 60 cm, valkoinen"},"content":{"rendered":"<p>SONGMICS sein\u00e4hylly 3 kpl sarja kelluvat hyllyt valokuvakehyksille ja kirjoille, 38 x 10 cm, moderni hylly, valkoinen LWS38WT<br \/>\nV\u00e4ri: valkoinen<br \/>\nMateriaali: MDF (keskitihe\u00e4 kuitulevy)<br \/>\nHyllyn koko: 10 x 60 x 5\/2 cm (S x L x K)<br \/>\nKokonaispaino: 2,6 kg<br \/>\nHyllyn suurin staattinen kantavuus: 15 kg<\/p>\n","protected":false},"excerpt":{"rendered":"<p>SONGMICS sein\u00e4hylly 3 kpl sarja kelluvat hyllyt valokuvakehyksille ja kirjoille, 38 x 10 cm, moderni hylly, valkoinen LWS38WT<\/p>\n","protected":false},"featured_media":44359,"comment_status":"open","ping_status":"closed","template":"","meta":[],"product_brand":[],"product_cat":[32],"product_tag":[],"class_list":{"0":"post-35822","1":"product","2":"type-product","3":"status-publish","4":"has-post-thumbnail","6":"product_cat-uncategorized-fi","8":"first","9":"instock","10":"shipping-taxable","11":"purchasable","12":"product-type-simple"},"_links":{"self":[{"href":"https:\/\/nordicmart.andreevmaster.com\/fi\/wp-json\/wp\/v2\/product\/35822","targetHints":{"allow":["GET"]}}],"collection":[{"href":"https:\/\/nordicmart.andreevmaster.com\/fi\/wp-json\/wp\/v2\/product"}],"about":[{"href":"https:\/\/nordicmart.andreevmaster.com\/fi\/wp-json\/wp\/v2\/types\/product"}],"replies":[{"embeddable":true,"href":"https:\/\/nordicmart.andreevmaster.com\/fi\/wp-json\/wp\/v2\/comments?post=35822"}],"wp:featuredmedia":[{"embeddable":true,"href":"https:\/\/nordicmart.andreevmaster.com\/fi\/wp-json\/wp\/v2\/media\/44359"}],"wp:attachment":[{"href":"https:\/\/nordicmart.andreevmaster.com\/fi\/wp-json\/wp\/v2\/media?parent=35822"}],"wp:term":[{"taxonomy":"product_brand","embeddable":true,"href":"https:\/\/nordicmart.andreevmaster.com\/fi\/wp-json\/wp\/v2\/product_brand?post=35822"},{"taxonomy":"product_cat","embeddable":true,"href":"https:\/\/nordicmart.andreevmaster.com\/fi\/wp-json\/wp\/v2\/product_cat?post=35822"},{"taxonomy":"product_tag","embeddable":true,"href":"https:\/\/nordicmart.andreevmaster.com\/fi\/wp-json\/wp\/v2\/product_tag?post=35822"}],"curies":[{"name":"wp","href":"https:\/\/api.w.org\/{rel}","templated":true}]}}