{"id":35821,"date":"2026-02-27T00:31:42","date_gmt":"2026-02-27T00:31:42","guid":{"rendered":"https:\/\/nordicmart.andreevmaster.com\/product\/songmics-vintage-hyllykko-2-kpl\/"},"modified":"2026-02-27T09:50:02","modified_gmt":"2026-02-27T09:50:02","slug":"songmics-vintage-hyllykko-2-kpl","status":"publish","type":"product","link":"https:\/\/nordicmart.andreevmaster.com\/fi\/tuote\/songmics-vintage-hyllykko-2-kpl\/","title":{"rendered":"SONGMICS Vintage-hyllykk\u00f6 2 kpl"},"content":{"rendered":"<p>Huoneesi vaativat tietty\u00e4 eleganssia. Hanki n\u00e4m\u00e4 2 sein\u00e4hylly\u00e4, jotka hurmaavat rustiikkisella puun syykuviolla ja tyylikk\u00e4\u00e4ll\u00e4 v\u00e4riyhdistelm\u00e4ll\u00e4, tuodaksesi ripauksen vintagea kotiisi ja luodaksesi samalla lis\u00e4\u00e4 s\u00e4ilytystilaa. Lis\u00e4ksi ne on helppo integroida mihin tahansa, esimerkiksi olohuoneeseen, makuuhuoneeseen tai keitti\u00f6\u00f6n. Vihdoin kukat, valokuvakehykset, matkamuistot, koriste-esineet ja jopa mausteet ovat l\u00f6yt\u00e4neet sopivan paikan! Laatu on etusijalla Valmistettu korkealaatuisesta MDF-levyst\u00e4 (E1-luokka) ja tukevista rautakiinnikkeist\u00e4, n\u00e4m\u00e4 hyllyt ovat vakaita ja kest\u00e4vi\u00e4, joten voit nauttia niist\u00e4 monien vuosien ajan. Etsitk\u00f6 tukevaa ja tyylik\u00e4st\u00e4 sein\u00e4hylly\u00e4? Sitten t\u00e4m\u00e4 SONGMICS-tuote on juuri sinulle sopiva! Tuotetiedot: &#8211; V\u00e4ri: vintage-ruskea-musta &#8211; Materiaali: MDF (keskitihe\u00e4 kuitulevy), rauta &#8211; Kokonaiskoko (kiinnikkeineen): 60 x 20 x 7 cm (P x L x K) &#8211; Koko per hylly: 60 x 20 x 1,5 cm (P x L x K) &#8211; Paino: 3,5 kg &#8211; Hyllyn maks. staattinen kantavuus: 15 kg Toimitus sis\u00e4lt\u00e4\u00e4: &#8211; 2 x sein\u00e4hylly &#8211; 1 x pussi tarvikkeita &#8211; 1 x ohjeet (DE, EN, FR, ES, IT) SONGMICS-ohjeet: &#8211; \u00c4l\u00e4 altista tuotetta voimakkaalle auringonvalolle. \u00c4l\u00e4 my\u00f6sk\u00e4\u00e4n k\u00e4yt\u00e4 sit\u00e4 kosteassa ymp\u00e4rist\u00f6ss\u00e4. &#8211; Hyllyn asennukseen tarvitaan ruuvimeisseli, vesivaaka ja vasara. &#8211; Asenna tuote kevytbetoni- tai tiilisein\u00e4\u00e4n. Jos haluat asentaa tuotteen kipsilevysein\u00e4\u00e4n, sinun on hankittava sopivat ruuvit erikoisliikkeest\u00e4.<\/p>\n","protected":false},"excerpt":{"rendered":"<p>SONGMICS sein\u00e4hyllyt, 2 kpl sarja kelluvia hyllyj\u00e4, koristeelliset hyllyt, puun n\u00e4k\u00f6iset, makuuhuoneeseen, olohuoneeseen, keitti\u00f6\u00f6n, eteiseen, kantavuus 15 kg, 60 x 20 x 7 cm, MDF, vintage-ruskea-musta LWS04NB<\/p>\n","protected":false},"featured_media":44358,"comment_status":"open","ping_status":"closed","template":"","meta":[],"product_brand":[],"product_cat":[32],"product_tag":[],"class_list":{"0":"post-35821","1":"product","2":"type-product","3":"status-publish","4":"has-post-thumbnail","6":"product_cat-uncategorized-fi","8":"first","9":"instock","10":"shipping-taxable","11":"purchasable","12":"product-type-simple"},"_links":{"self":[{"href":"https:\/\/nordicmart.andreevmaster.com\/fi\/wp-json\/wp\/v2\/product\/35821","targetHints":{"allow":["GET"]}}],"collection":[{"href":"https:\/\/nordicmart.andreevmaster.com\/fi\/wp-json\/wp\/v2\/product"}],"about":[{"href":"https:\/\/nordicmart.andreevmaster.com\/fi\/wp-json\/wp\/v2\/types\/product"}],"replies":[{"embeddable":true,"href":"https:\/\/nordicmart.andreevmaster.com\/fi\/wp-json\/wp\/v2\/comments?post=35821"}],"wp:featuredmedia":[{"embeddable":true,"href":"https:\/\/nordicmart.andreevmaster.com\/fi\/wp-json\/wp\/v2\/media\/44358"}],"wp:attachment":[{"href":"https:\/\/nordicmart.andreevmaster.com\/fi\/wp-json\/wp\/v2\/media?parent=35821"}],"wp:term":[{"taxonomy":"product_brand","embeddable":true,"href":"https:\/\/nordicmart.andreevmaster.com\/fi\/wp-json\/wp\/v2\/product_brand?post=35821"},{"taxonomy":"product_cat","embeddable":true,"href":"https:\/\/nordicmart.andreevmaster.com\/fi\/wp-json\/wp\/v2\/product_cat?post=35821"},{"taxonomy":"product_tag","embeddable":true,"href":"https:\/\/nordicmart.andreevmaster.com\/fi\/wp-json\/wp\/v2\/product_tag?post=35821"}],"curies":[{"name":"wp","href":"https:\/\/api.w.org\/{rel}","templated":true}]}}