{"id":35820,"date":"2026-02-27T00:31:42","date_gmt":"2026-02-27T00:31:42","guid":{"rendered":"https:\/\/nordicmart.andreevmaster.com\/product\/vasagle-teollisuuslookiset-seinahyllyt-3-kpl\/"},"modified":"2026-02-27T09:50:02","modified_gmt":"2026-02-27T09:50:02","slug":"vasagle-teollisuuslookiset-seinahyllyt-3-kpl","status":"publish","type":"product","link":"https:\/\/nordicmart.andreevmaster.com\/fi\/tuote\/vasagle-teollisuuslookiset-seinahyllyt-3-kpl\/","title":{"rendered":"VASAGLE Teollisuuslookiset sein\u00e4hyllyt, 3 kpl"},"content":{"rendered":"<p>VASAGLE sein\u00e4hyllyt, kelluvat hyllyt, 3 kpl, sein\u00e4kiinnitys, tukevat hyllyt, olohuoneeseen, kylpyhuoneeseen, keitti\u00f6\u00f6n, teollinen muotoilu, vintage-ruskea-musta LWS33BX<br \/>\nV\u00e4ri: Vintage-ruskea-matta musta<br \/>\nMateriaali: lastulevy, ter\u00e4s<br \/>\nPienen hyllyn koko: 12,7 x 40 x 11,2 cm (S x L x K)<br \/>\nKeskikokoisen hyllyn koko: 12,7 x 50 x 11,2 cm (S x L x K)<br \/>\nSuuren hyllyn koko: 12,7 x 60 x 11,2 cm (S x L x K)<br \/>\nKokonaispaino: 2,5 kg<br \/>\nSuurin staattinen kantavuus sein\u00e4hylly\u00e4 kohti: 10 kg<\/p>\n","protected":false},"excerpt":{"rendered":"<p>VASAGLE sein\u00e4hyllyt, kelluvat hyllyt, 3 kpl, sein\u00e4kiinnitys, tukevat hyllyt, olohuoneeseen, kylpyhuoneeseen, keitti\u00f6\u00f6n, teollinen muotoilu, vintage-ruskea-musta LWS33BX<\/p>\n","protected":false},"featured_media":44357,"comment_status":"open","ping_status":"closed","template":"","meta":[],"product_brand":[],"product_cat":[32],"product_tag":[],"class_list":{"0":"post-35820","1":"product","2":"type-product","3":"status-publish","4":"has-post-thumbnail","6":"product_cat-uncategorized-fi","8":"first","9":"instock","10":"shipping-taxable","11":"purchasable","12":"product-type-simple"},"_links":{"self":[{"href":"https:\/\/nordicmart.andreevmaster.com\/fi\/wp-json\/wp\/v2\/product\/35820","targetHints":{"allow":["GET"]}}],"collection":[{"href":"https:\/\/nordicmart.andreevmaster.com\/fi\/wp-json\/wp\/v2\/product"}],"about":[{"href":"https:\/\/nordicmart.andreevmaster.com\/fi\/wp-json\/wp\/v2\/types\/product"}],"replies":[{"embeddable":true,"href":"https:\/\/nordicmart.andreevmaster.com\/fi\/wp-json\/wp\/v2\/comments?post=35820"}],"wp:featuredmedia":[{"embeddable":true,"href":"https:\/\/nordicmart.andreevmaster.com\/fi\/wp-json\/wp\/v2\/media\/44357"}],"wp:attachment":[{"href":"https:\/\/nordicmart.andreevmaster.com\/fi\/wp-json\/wp\/v2\/media?parent=35820"}],"wp:term":[{"taxonomy":"product_brand","embeddable":true,"href":"https:\/\/nordicmart.andreevmaster.com\/fi\/wp-json\/wp\/v2\/product_brand?post=35820"},{"taxonomy":"product_cat","embeddable":true,"href":"https:\/\/nordicmart.andreevmaster.com\/fi\/wp-json\/wp\/v2\/product_cat?post=35820"},{"taxonomy":"product_tag","embeddable":true,"href":"https:\/\/nordicmart.andreevmaster.com\/fi\/wp-json\/wp\/v2\/product_tag?post=35820"}],"curies":[{"name":"wp","href":"https:\/\/api.w.org\/{rel}","templated":true}]}}