{"id":35817,"date":"2026-02-27T00:31:41","date_gmt":"2026-02-27T00:31:41","guid":{"rendered":"https:\/\/nordicmart.andreevmaster.com\/product\/songmics-3-osainen-seinahyllykoristeiden-sarja\/"},"modified":"2026-02-27T09:50:01","modified_gmt":"2026-02-27T09:50:01","slug":"songmics-3-osainen-seinahyllykoristeiden-sarja","status":"publish","type":"product","link":"https:\/\/nordicmart.andreevmaster.com\/fi\/tuote\/songmics-3-osainen-seinahyllykoristeiden-sarja\/","title":{"rendered":"SONGMICS 3-osainen sein\u00e4hyllykoristeiden sarja"},"content":{"rendered":"<p>N\u00e4iden 3 sein\u00e4hyllyn kohokohdat yhdell\u00e4 silm\u00e4yksell\u00e4: &#8211; Koristeellinen: Greige-pinta tuo koristeellisen lis\u00e4n. &#8211; Joustava yhdistelt\u00e4vyys: Hyllyj\u00e4 voi yhdistell\u00e4 vapaasti, jotta tyhj\u00e4t sein\u00e4t saavat luonnetta. &#8211; Kest\u00e4v\u00e4 ja vahva: Keitti\u00f6hyllyt on valmistettu korkealaatuisesta lastulevyst\u00e4 ja kukin hylly kest\u00e4\u00e4 jopa 5 kg:n painon. &#8211; Suojaa liukumiselta: Korotettu etureuna suojaa kuvakehyksi\u00e4 liukumiselta. &#8211; Ruuvien peitekannet: Ruuvien peitekannet eiv\u00e4t h\u00e4iritse hyllyjen koristeellista vaikutelmaa. &#8211; Tilaa s\u00e4\u00e4st\u00e4v\u00e4: Kelluvat hyllyt eiv\u00e4t vie lattiatilaa ja hy\u00f6dynt\u00e4v\u00e4t sein\u00e4tilan optimaalisesti luoden lis\u00e4\u00e4 s\u00e4ilytystilaa. &#8211; Helppo asentaa: Kylpyhuonehyllyt on helppo asentaa sein\u00e4lle mukana toimitettujen ruuvien avulla. &#8211; Monipuolinen k\u00e4ytt\u00f6: Hyllyt sopivat t\u00e4ydellisesti olohuoneeseen, kotitoimistoon, kylpyhuoneeseen tai keitti\u00f6\u00f6n.  Tuotetiedot: &#8211; V\u00e4ri: greige &#8211; Materiaali: lastulevy &#8211; Hyllyn koko: 10 x 38 x 5\/2 cm (S x L x K) &#8211; Kokonaispaino: 1,6 kg &#8211; Hyllyn maks. staattinen kantavuus: 5 kg Toimitus sis\u00e4lt\u00e4\u00e4: &#8211; 3 x sein\u00e4hylly &#8211; 1 x lis\u00e4varustepaketti &#8211; 1 x ohjeet SONGMICSin ohjeet:- Valmistele s\u00e4hk\u00f6porakone, vesivaaka ja vasara asennuksen helpottamiseksi. &#8211; Asenna hylly massiivisiin betoni- tai tiiliseiniin. Jos haluat asentaa tuotteen kipsilevysein\u00e4\u00e4n, hanki sopivat ruuvit erikoisliikkeest\u00e4. Kipsilevysein\u00e4\u00e4n asennettuna tuotteen kantavuus on vain puolet muista sein\u00e4tyypeist\u00e4.<\/p>\n","protected":false},"excerpt":{"rendered":"<p>SONGMICS sein\u00e4hylly, 3 kpl, kelluva hylly, leveys 38 cm, hylly valokuvakehyksille ja koristeille, olohuoneeseen, ty\u00f6huoneeseen, kylpyhuoneeseen, keitti\u00f6\u00f6n, greige LWS038T02<\/p>\n","protected":false},"featured_media":44355,"comment_status":"open","ping_status":"closed","template":"","meta":[],"product_brand":[],"product_cat":[32],"product_tag":[],"class_list":{"0":"post-35817","1":"product","2":"type-product","3":"status-publish","4":"has-post-thumbnail","6":"product_cat-uncategorized-fi","8":"first","9":"instock","10":"shipping-taxable","11":"purchasable","12":"product-type-simple"},"_links":{"self":[{"href":"https:\/\/nordicmart.andreevmaster.com\/fi\/wp-json\/wp\/v2\/product\/35817","targetHints":{"allow":["GET"]}}],"collection":[{"href":"https:\/\/nordicmart.andreevmaster.com\/fi\/wp-json\/wp\/v2\/product"}],"about":[{"href":"https:\/\/nordicmart.andreevmaster.com\/fi\/wp-json\/wp\/v2\/types\/product"}],"replies":[{"embeddable":true,"href":"https:\/\/nordicmart.andreevmaster.com\/fi\/wp-json\/wp\/v2\/comments?post=35817"}],"wp:featuredmedia":[{"embeddable":true,"href":"https:\/\/nordicmart.andreevmaster.com\/fi\/wp-json\/wp\/v2\/media\/44355"}],"wp:attachment":[{"href":"https:\/\/nordicmart.andreevmaster.com\/fi\/wp-json\/wp\/v2\/media?parent=35817"}],"wp:term":[{"taxonomy":"product_brand","embeddable":true,"href":"https:\/\/nordicmart.andreevmaster.com\/fi\/wp-json\/wp\/v2\/product_brand?post=35817"},{"taxonomy":"product_cat","embeddable":true,"href":"https:\/\/nordicmart.andreevmaster.com\/fi\/wp-json\/wp\/v2\/product_cat?post=35817"},{"taxonomy":"product_tag","embeddable":true,"href":"https:\/\/nordicmart.andreevmaster.com\/fi\/wp-json\/wp\/v2\/product_tag?post=35817"}],"curies":[{"name":"wp","href":"https:\/\/api.w.org\/{rel}","templated":true}]}}