{"id":35816,"date":"2026-02-27T00:31:40","date_gmt":"2026-02-27T00:31:40","guid":{"rendered":"https:\/\/nordicmart.andreevmaster.com\/product\/songmics-3-osainen-seinahylly-sarja-kuvakehyksille\/"},"modified":"2026-02-27T09:50:01","modified_gmt":"2026-02-27T09:50:01","slug":"songmics-3-osainen-seinahylly-sarja-kuvakehyksille","status":"publish","type":"product","link":"https:\/\/nordicmart.andreevmaster.com\/fi\/tuote\/songmics-3-osainen-seinahylly-sarja-kuvakehyksille\/","title":{"rendered":"SONGMICS 3-osainen sein\u00e4hylly sarja kuvakehyksille"},"content":{"rendered":"<p>Tuotetiedot: &#8211; V\u00e4ri: vintage-ruskea &#8211; Materiaali: lastulevy &#8211; Koko per hylly: 10 x 38 x 5\/2 cm (S x L x K) &#8211; Kokonaispaino: 1,6 kg &#8211; Maks. staattinen kantavuus per hylly: 5 kg Toimitus sis\u00e4lt\u00e4\u00e4: &#8211; 3 x sein\u00e4hylly &#8211; 1 x lis\u00e4varustepaketti &#8211; 1 x ohjeet SONGMICS Huomautukset:- Valmistele s\u00e4hk\u00f6porakone, vesivaaka ja vasara asennuksen helpottamiseksi. &#8211; Asenna kelluva hylly massiivisiin betoni- tai tiiliseiniin. Jos haluat asentaa tuotteen kipsilevysein\u00e4\u00e4n, hanki sopivat ruuvit erikoisliikkeest\u00e4. Kipsilevysein\u00e4\u00e4n asennettuna tuotteen kantavuus on vain puolet muista sein\u00e4tyypeist\u00e4.<\/p>\n","protected":false},"excerpt":{"rendered":"<p>SONGMICS sein\u00e4hylly, 3 kpl, kelluva hylly, leveys 38 cm, hylly valokuvakehyksille ja koristeille, olohuoneeseen, ty\u00f6huoneeseen, kylpyhuoneeseen, keitti\u00f6\u00f6n, greige LWS038T02<\/p>\n","protected":false},"featured_media":44354,"comment_status":"open","ping_status":"closed","template":"","meta":[],"product_brand":[],"product_cat":[32],"product_tag":[],"class_list":{"0":"post-35816","1":"product","2":"type-product","3":"status-publish","4":"has-post-thumbnail","6":"product_cat-uncategorized-fi","8":"first","9":"instock","10":"shipping-taxable","11":"purchasable","12":"product-type-simple"},"_links":{"self":[{"href":"https:\/\/nordicmart.andreevmaster.com\/fi\/wp-json\/wp\/v2\/product\/35816","targetHints":{"allow":["GET"]}}],"collection":[{"href":"https:\/\/nordicmart.andreevmaster.com\/fi\/wp-json\/wp\/v2\/product"}],"about":[{"href":"https:\/\/nordicmart.andreevmaster.com\/fi\/wp-json\/wp\/v2\/types\/product"}],"replies":[{"embeddable":true,"href":"https:\/\/nordicmart.andreevmaster.com\/fi\/wp-json\/wp\/v2\/comments?post=35816"}],"wp:featuredmedia":[{"embeddable":true,"href":"https:\/\/nordicmart.andreevmaster.com\/fi\/wp-json\/wp\/v2\/media\/44354"}],"wp:attachment":[{"href":"https:\/\/nordicmart.andreevmaster.com\/fi\/wp-json\/wp\/v2\/media?parent=35816"}],"wp:term":[{"taxonomy":"product_brand","embeddable":true,"href":"https:\/\/nordicmart.andreevmaster.com\/fi\/wp-json\/wp\/v2\/product_brand?post=35816"},{"taxonomy":"product_cat","embeddable":true,"href":"https:\/\/nordicmart.andreevmaster.com\/fi\/wp-json\/wp\/v2\/product_cat?post=35816"},{"taxonomy":"product_tag","embeddable":true,"href":"https:\/\/nordicmart.andreevmaster.com\/fi\/wp-json\/wp\/v2\/product_tag?post=35816"}],"curies":[{"name":"wp","href":"https:\/\/api.w.org\/{rel}","templated":true}]}}