{"id":35814,"date":"2026-02-27T00:31:40","date_gmt":"2026-02-27T00:31:40","guid":{"rendered":"https:\/\/nordicmart.andreevmaster.com\/product\/vasagle-seinahyllyt-3-kpl-vintage-ruskea\/"},"modified":"2026-02-27T09:50:01","modified_gmt":"2026-02-27T09:50:01","slug":"vasagle-seinahyllyt-3-kpl-vintage-ruskea","status":"publish","type":"product","link":"https:\/\/nordicmart.andreevmaster.com\/fi\/tuote\/vasagle-seinahyllyt-3-kpl-vintage-ruskea\/","title":{"rendered":"VASAGLE sein\u00e4hyllyt, 3 kpl, vintage-ruskea"},"content":{"rendered":"<p>N\u00e4iden kelluvien hyllyjen avulla voit hy\u00f6dynt\u00e4\u00e4 tyhj\u00e4t sein\u00e4t optimaalisesti ja luoda lis\u00e4\u00e4 s\u00e4ilytystilaa. Kehykset, koriste-esineet, lomamuistot ja k\u00e4sity\u00f6t sopivat t\u00e4ydellisesti n\u00e4ille hyllyille. \u00c4lykk\u00e4iden, piilotettujen metallikiinnikkeiden ansiosta hyllyt on helppo asentaa muutamassa minuutissa. Puhdistus? Sinun tarvitsee vain pyyhki\u00e4 pinta liinalla. Mihin haluat asentaa n\u00e4m\u00e4 hyllyt? Makuuhuoneeseen, eteiseen vai olohuoneeseen? Kaikki k\u00e4y! Tuotetiedot: V\u00e4ri: vintage-ruskea Materiaali: E1-luokan lastulevy Koko per hylly: 38 x 10 x 5\/2 cm (P x L x K) (takapuolella: 5 cm, etupuolella: 2 cm) Kokonaispaino: 1,4 kg Hyllyn maks. staattinen kantavuus: 5 kg Toimitus sis\u00e4lt\u00e4\u00e4: 3 x sein\u00e4hylly 1 x lis\u00e4varustepaketti 1 x ohjeet (DE, EN, FR, ES, IT) VASAGLE Huomautukset:Valmistele s\u00e4hk\u00f6porakone, vesivaaka ja vasara asennuksen helpottamiseksi.<\/p>\n","protected":false},"excerpt":{"rendered":"<p>VASAGLE sein\u00e4hyllyt, 3 kpl, kelluvat hyllyt, pituus 38 cm, korotettu etureuna, koriste-esineille, maustepurkeille ja valokuvakehyksille, vintage-ruskea LWS037X01<\/p>\n","protected":false},"featured_media":44352,"comment_status":"open","ping_status":"closed","template":"","meta":[],"product_brand":[],"product_cat":[32],"product_tag":[],"class_list":{"0":"post-35814","1":"product","2":"type-product","3":"status-publish","4":"has-post-thumbnail","6":"product_cat-uncategorized-fi","8":"first","9":"instock","10":"shipping-taxable","11":"purchasable","12":"product-type-simple"},"_links":{"self":[{"href":"https:\/\/nordicmart.andreevmaster.com\/fi\/wp-json\/wp\/v2\/product\/35814","targetHints":{"allow":["GET"]}}],"collection":[{"href":"https:\/\/nordicmart.andreevmaster.com\/fi\/wp-json\/wp\/v2\/product"}],"about":[{"href":"https:\/\/nordicmart.andreevmaster.com\/fi\/wp-json\/wp\/v2\/types\/product"}],"replies":[{"embeddable":true,"href":"https:\/\/nordicmart.andreevmaster.com\/fi\/wp-json\/wp\/v2\/comments?post=35814"}],"wp:featuredmedia":[{"embeddable":true,"href":"https:\/\/nordicmart.andreevmaster.com\/fi\/wp-json\/wp\/v2\/media\/44352"}],"wp:attachment":[{"href":"https:\/\/nordicmart.andreevmaster.com\/fi\/wp-json\/wp\/v2\/media?parent=35814"}],"wp:term":[{"taxonomy":"product_brand","embeddable":true,"href":"https:\/\/nordicmart.andreevmaster.com\/fi\/wp-json\/wp\/v2\/product_brand?post=35814"},{"taxonomy":"product_cat","embeddable":true,"href":"https:\/\/nordicmart.andreevmaster.com\/fi\/wp-json\/wp\/v2\/product_cat?post=35814"},{"taxonomy":"product_tag","embeddable":true,"href":"https:\/\/nordicmart.andreevmaster.com\/fi\/wp-json\/wp\/v2\/product_tag?post=35814"}],"curies":[{"name":"wp","href":"https:\/\/api.w.org\/{rel}","templated":true}]}}