{"id":35813,"date":"2026-02-27T00:31:39","date_gmt":"2026-02-27T00:31:39","guid":{"rendered":"https:\/\/nordicmart.andreevmaster.com\/product\/vasagle-u-muotoiset-seinahyllyt-vintage-ruskea\/"},"modified":"2026-02-27T09:50:00","modified_gmt":"2026-02-27T09:50:00","slug":"vasagle-u-muotoiset-seinahyllyt-vintage-ruskea","status":"publish","type":"product","link":"https:\/\/nordicmart.andreevmaster.com\/fi\/tuote\/vasagle-u-muotoiset-seinahyllyt-vintage-ruskea\/","title":{"rendered":"VASAGLE U-muotoiset sein\u00e4hyllyt, vintage-ruskea"},"content":{"rendered":"<p>Ainutlaatuisuutta kotiisi N\u00e4m\u00e4 kelluvat hyllyt n\u00e4ytt\u00e4v\u00e4t ainutlaatuisilta ja vieh\u00e4tt\u00e4vilt\u00e4 U-muotonsa ja vintage-puun ulkon\u00e4k\u00f6ns\u00e4 ansiosta. Puuttuuko huoneestasi viel\u00e4 keskipiste? Sitten n\u00e4m\u00e4 tuotteet ovat juuri sit\u00e4, mit\u00e4 etsit! Voit ripustaa n\u00e4m\u00e4 hyllyt yhteen huoneeseen tai k\u00e4ytt\u00e4\u00e4 niit\u00e4 erikseen eri huoneissa \u2013 p\u00e4\u00e4t\u00f6s on sinun! Eri kokoja eri esineille T\u00e4m\u00e4 sarja koostuu 3 sein\u00e4hyllyst\u00e4, joiden pituudet ovat 30 cm, 35 cm ja 40 cm. Hanki n\u00e4m\u00e4 tuotteet ja anna valokuvakehyksillesi, koriste-esineillesi, kirjoillesi jne. tyylik\u00e4s s\u00e4ilytyspaikka. N\u00e4iden hyllyjen kantavuus on enint\u00e4\u00e4n 3 kg (pieni), 4 kg (keskikokoinen) ja 5 kg (iso). Tuotetiedot:- V\u00e4ri: vintage-ruskea &#8211; Materiaali: lastulevy &#8211; Pienen hyllyn koko: 30 x 10 x 7 cm (P x L x K) &#8211; Keskikokoisen hyllyn koko: 35 x 10 x 8 cm (P x L x K) &#8211; Suuren hyllyn koko: 40 x 10 x 9 cm (P x L x K) &#8211; Kokonaispaino: 1,7 kg &#8211; Maks. staattinen kantavuus sein\u00e4hylly\u00e4 kohti: 3 kg, 4 kg, 5 kg (pieni, keskikokoinen, suuri) Toimitus sis\u00e4lt\u00e4\u00e4:- 3 x sein\u00e4hylly &#8211; 1 x lis\u00e4varustepaketti &#8211; 1 x ohjeet (DE, EN, FR, ES, IT) VASAGLE Huomautukset: &#8211; Suosittelemme kiinnitt\u00e4m\u00e4\u00e4n n\u00e4m\u00e4 hyllyt tukevaan sein\u00e4\u00e4n. &#8211; \u00c4l\u00e4 aseta liian painavia esineit\u00e4 n\u00e4ille hyllyille.<\/p>\n","protected":false},"excerpt":{"rendered":"<p>VASAGLE U-muotoiset sein\u00e4hyllyt, 3 kpl, vintage-tyyliset hyllyt, sein\u00e4kiinnitys, koristeille, olohuoneeseen, makuuhuoneeseen ja toimistoon, vintage-ruskea LWS034X01<\/p>\n","protected":false},"featured_media":44351,"comment_status":"open","ping_status":"closed","template":"","meta":[],"product_brand":[],"product_cat":[32],"product_tag":[],"class_list":{"0":"post-35813","1":"product","2":"type-product","3":"status-publish","4":"has-post-thumbnail","6":"product_cat-uncategorized-fi","8":"first","9":"instock","10":"shipping-taxable","11":"purchasable","12":"product-type-simple"},"_links":{"self":[{"href":"https:\/\/nordicmart.andreevmaster.com\/fi\/wp-json\/wp\/v2\/product\/35813","targetHints":{"allow":["GET"]}}],"collection":[{"href":"https:\/\/nordicmart.andreevmaster.com\/fi\/wp-json\/wp\/v2\/product"}],"about":[{"href":"https:\/\/nordicmart.andreevmaster.com\/fi\/wp-json\/wp\/v2\/types\/product"}],"replies":[{"embeddable":true,"href":"https:\/\/nordicmart.andreevmaster.com\/fi\/wp-json\/wp\/v2\/comments?post=35813"}],"wp:featuredmedia":[{"embeddable":true,"href":"https:\/\/nordicmart.andreevmaster.com\/fi\/wp-json\/wp\/v2\/media\/44351"}],"wp:attachment":[{"href":"https:\/\/nordicmart.andreevmaster.com\/fi\/wp-json\/wp\/v2\/media?parent=35813"}],"wp:term":[{"taxonomy":"product_brand","embeddable":true,"href":"https:\/\/nordicmart.andreevmaster.com\/fi\/wp-json\/wp\/v2\/product_brand?post=35813"},{"taxonomy":"product_cat","embeddable":true,"href":"https:\/\/nordicmart.andreevmaster.com\/fi\/wp-json\/wp\/v2\/product_cat?post=35813"},{"taxonomy":"product_tag","embeddable":true,"href":"https:\/\/nordicmart.andreevmaster.com\/fi\/wp-json\/wp\/v2\/product_tag?post=35813"}],"curies":[{"name":"wp","href":"https:\/\/api.w.org\/{rel}","templated":true}]}}