{"id":35810,"date":"2026-02-27T00:31:38","date_gmt":"2026-02-27T00:31:38","guid":{"rendered":"https:\/\/nordicmart.andreevmaster.com\/product\/vasagle-seinahylly-3-kpln-sarja-2-asennusmahdollisuutta-musta-matta-musta\/"},"modified":"2026-02-27T09:50:00","modified_gmt":"2026-02-27T09:50:00","slug":"vasagle-seinahylly-3-kpln-sarja-2-asennusmahdollisuutta-musta-matta-musta","status":"publish","type":"product","link":"https:\/\/nordicmart.andreevmaster.com\/fi\/tuote\/vasagle-seinahylly-3-kpln-sarja-2-asennusmahdollisuutta-musta-matta-musta\/","title":{"rendered":"VASAGLE sein\u00e4hylly 3 kpl:n sarja, 2 asennusmahdollisuutta, musta-matta musta"},"content":{"rendered":"<p>VASAGLE Teollisen muotoilun sein\u00e4hylly, kelluva hylly, 3 kpl:n sarja, sein\u00e4kiinnitys, tukeva hylly esillepanoon, olohuoneeseen, kylpyhuoneeseen, keitti\u00f6\u00f6n, greige-musta LWS033B02<br \/>\nV\u00e4ri: musta-matta musta<br \/>\nMateriaali: lastulevy, ter\u00e4s<br \/>\nPienen hyllyn koko: 12 x 30 x 11 cm (S x L x K)<br \/>\nKeskikokoisen hyllyn koko: 12 x 35 x 11 cm (S x L x K)<br \/>\nSuuren hyllyn koko: 12 x 40 x 11 cm (S x L x K)<br \/>\nKokonaispaino: 2,1 kg<br \/>\nSuurin staattinen kantavuus sein\u00e4hylly\u00e4 kohti: 10 kg<\/p>\n","protected":false},"excerpt":{"rendered":"<p>VASAGLE Teollisen muotoilun sein\u00e4hylly, kelluva hylly, 3 kpl:n sarja, sein\u00e4kiinnitys, tukeva hylly esillepanoon, olohuoneeseen, kylpyhuoneeseen, keitti\u00f6\u00f6n, greige-musta LWS033B02<\/p>\n","protected":false},"featured_media":44348,"comment_status":"open","ping_status":"closed","template":"","meta":[],"product_brand":[],"product_cat":[32],"product_tag":[],"class_list":{"0":"post-35810","1":"product","2":"type-product","3":"status-publish","4":"has-post-thumbnail","6":"product_cat-uncategorized-fi","8":"first","9":"instock","10":"shipping-taxable","11":"purchasable","12":"product-type-simple"},"_links":{"self":[{"href":"https:\/\/nordicmart.andreevmaster.com\/fi\/wp-json\/wp\/v2\/product\/35810","targetHints":{"allow":["GET"]}}],"collection":[{"href":"https:\/\/nordicmart.andreevmaster.com\/fi\/wp-json\/wp\/v2\/product"}],"about":[{"href":"https:\/\/nordicmart.andreevmaster.com\/fi\/wp-json\/wp\/v2\/types\/product"}],"replies":[{"embeddable":true,"href":"https:\/\/nordicmart.andreevmaster.com\/fi\/wp-json\/wp\/v2\/comments?post=35810"}],"wp:featuredmedia":[{"embeddable":true,"href":"https:\/\/nordicmart.andreevmaster.com\/fi\/wp-json\/wp\/v2\/media\/44348"}],"wp:attachment":[{"href":"https:\/\/nordicmart.andreevmaster.com\/fi\/wp-json\/wp\/v2\/media?parent=35810"}],"wp:term":[{"taxonomy":"product_brand","embeddable":true,"href":"https:\/\/nordicmart.andreevmaster.com\/fi\/wp-json\/wp\/v2\/product_brand?post=35810"},{"taxonomy":"product_cat","embeddable":true,"href":"https:\/\/nordicmart.andreevmaster.com\/fi\/wp-json\/wp\/v2\/product_cat?post=35810"},{"taxonomy":"product_tag","embeddable":true,"href":"https:\/\/nordicmart.andreevmaster.com\/fi\/wp-json\/wp\/v2\/product_tag?post=35810"}],"curies":[{"name":"wp","href":"https:\/\/api.w.org\/{rel}","templated":true}]}}