{"id":35809,"date":"2026-02-27T00:31:38","date_gmt":"2026-02-27T00:31:38","guid":{"rendered":"https:\/\/nordicmart.andreevmaster.com\/product\/vasagle-seinahylly-3-kpln-sarja\/"},"modified":"2026-02-27T09:49:59","modified_gmt":"2026-02-27T09:49:59","slug":"vasagle-seinahylly-3-kpln-sarja","status":"publish","type":"product","link":"https:\/\/nordicmart.andreevmaster.com\/fi\/tuote\/vasagle-seinahylly-3-kpln-sarja\/","title":{"rendered":"VASAGLE sein\u00e4hylly 3 kpl:n sarja"},"content":{"rendered":"<p>Puuttuuko lattialla s\u00e4ilytystilaa? Katso sitten yl\u00f6sp\u00e4in! Eik\u00f6 lattialla ole tarpeeksi tilaa kapean hyllyn asettamiseksi? Mihin sitten laitat koriste-esineesi, valokuvakehyksesi, kokoelmasi tai mausteesi? Katso seinille! K\u00e4yt\u00e4 n\u00e4it\u00e4 3 greige-v\u00e4rist\u00e4 hylly\u00e4 olohuoneessa perhevalokuvien esillepanoon, kylpyhuoneessa saippuan ja muiden kylpytuotteiden s\u00e4ilytykseen tai keitti\u00f6ss\u00e4 mausteiden s\u00e4ilytykseen. Kaksi erilaista sein\u00e4kiinnikett\u00e4 Eri taloissa on erilaiset sein\u00e4rakenteet. Siksi sinun tulee k\u00e4ytt\u00e4\u00e4 sopivia sein\u00e4kiinnikkeit\u00e4 sein\u00e4hyllyjen asentamiseen. Toimitamme mukana erilaisia sein\u00e4kiinnikkeit\u00e4 massiiviseiniin ja kipsilevyseiniin. N\u00e4in voit aloittaa sein\u00e4hyllyjen asennuksen heti, kun olet purkanut osat pakkauksesta. Tuotetiedot: &#8211; V\u00e4ri: greige-musta &#8211; Materiaali: lastulevy, ter\u00e4s &#8211; Pienen hyllyn koko: 12 x 30 x 11 cm (S x L x K) &#8211; Keskikokoisen hyllyn koko: 12 x 35 x 11 cm (S x L x K) &#8211; Suuren hyllyn koko: 12 x 40 x 11 cm (S x L x K) &#8211; Kokonaispaino: 2,5 kg &#8211; Maks. staattinen kantavuus per sein\u00e4hylly: 5 kgToimitus sis\u00e4lt\u00e4\u00e4:- 3 x sein\u00e4hylly- 1 x kuusiokoloavain- 1 x lis\u00e4varustepaketti- 1 x ohjeetVASAGLE-ohjeet:- Hylly on suositeltavaa asentaa tukevalle sein\u00e4lle.- \u00c4l\u00e4 aseta liian painavia esineit\u00e4 hyllylle.<\/p>\n","protected":false},"excerpt":{"rendered":"<p>VASAGLE Teollisen muotoilun sein\u00e4hylly, kelluva hylly, 3 kpl:n sarja, sein\u00e4kiinnitys, tukeva hylly esillepanoon, olohuoneeseen, kylpyhuoneeseen, keitti\u00f6\u00f6n, greige-musta LWS033B02<\/p>\n","protected":false},"featured_media":0,"comment_status":"open","ping_status":"closed","template":"","meta":[],"product_brand":[],"product_cat":[32],"product_tag":[],"class_list":{"0":"post-35809","1":"product","2":"type-product","3":"status-publish","5":"product_cat-uncategorized-fi","7":"first","8":"instock","9":"shipping-taxable","10":"purchasable","11":"product-type-simple"},"_links":{"self":[{"href":"https:\/\/nordicmart.andreevmaster.com\/fi\/wp-json\/wp\/v2\/product\/35809","targetHints":{"allow":["GET"]}}],"collection":[{"href":"https:\/\/nordicmart.andreevmaster.com\/fi\/wp-json\/wp\/v2\/product"}],"about":[{"href":"https:\/\/nordicmart.andreevmaster.com\/fi\/wp-json\/wp\/v2\/types\/product"}],"replies":[{"embeddable":true,"href":"https:\/\/nordicmart.andreevmaster.com\/fi\/wp-json\/wp\/v2\/comments?post=35809"}],"wp:attachment":[{"href":"https:\/\/nordicmart.andreevmaster.com\/fi\/wp-json\/wp\/v2\/media?parent=35809"}],"wp:term":[{"taxonomy":"product_brand","embeddable":true,"href":"https:\/\/nordicmart.andreevmaster.com\/fi\/wp-json\/wp\/v2\/product_brand?post=35809"},{"taxonomy":"product_cat","embeddable":true,"href":"https:\/\/nordicmart.andreevmaster.com\/fi\/wp-json\/wp\/v2\/product_cat?post=35809"},{"taxonomy":"product_tag","embeddable":true,"href":"https:\/\/nordicmart.andreevmaster.com\/fi\/wp-json\/wp\/v2\/product_tag?post=35809"}],"curies":[{"name":"wp","href":"https:\/\/api.w.org\/{rel}","templated":true}]}}