{"id":35807,"date":"2026-02-27T00:31:37","date_gmt":"2026-02-27T00:31:37","guid":{"rendered":"https:\/\/nordicmart.andreevmaster.com\/product\/seinakiinnitteinen-vaateteline-3\/"},"modified":"2026-02-27T09:49:59","modified_gmt":"2026-02-27T09:49:59","slug":"seinakiinnitteinen-vaateteline-3","status":"publish","type":"product","link":"https:\/\/nordicmart.andreevmaster.com\/fi\/tuote\/seinakiinnitteinen-vaateteline-3\/","title":{"rendered":"Sein\u00e4kiinnitteinen vaateteline"},"content":{"rendered":"<p>Onko eteisen lattiapinta-ala v\u00e4h\u00e4inen tai haluatko pit\u00e4\u00e4 sen puhtaana? T\u00e4m\u00e4 sein\u00e4\u00e4n kiinnitett\u00e4v\u00e4 vaatetelinepaneeli on vastaus kauan kaivattuihin toiveisiisi. Sein\u00e4kiinnitteisess\u00e4 vaatetelineess\u00e4 on 3 koukkua, ripustustanko ja hylly, ja se on l\u00e4hes t\u00e4ydellinen ratkaisu kaikkeen &#8221;eteiseen&#8221;.3 nupin avulla voit helposti ripustaa k\u00e4silaukun tai repun t\u00e4h\u00e4n sein\u00e4\u00e4n kiinnitett\u00e4v\u00e4\u00e4n takinostinpaneeliin k\u00e4tev\u00e4\u00e4 s\u00e4ilytyst\u00e4 varten. Ripustustanko on ihanteellinen takkien ja paitojen ripustamiseen, joihin et haluaisi olkap\u00e4iden kolhuja. Yl\u00e4hylly sopii erinomaisesti avainten, lompakon tai pienten koristeiden sijoittamiseen.Unohda tuntikausien viett\u00e4minen yritt\u00e4ess\u00e4si koota eteisen vaatetelineesi t\u00e4ydellisesti. T\u00e4m\u00e4n VASAGLE:n vaatetuspaneelin mukana toimitetaan yksityiskohtaiset ohjeet ja numeroidut osat, joten kokoaminen ei ole aivan yksinkertaista. Kun kaikki on asennettu, sinulla on eteinen valmiina takkeillesi ja muillekin tavaroille. <\/p>\n<p>T\u00e4t\u00e4 sein\u00e4\u00e4n kiinnitett\u00e4v\u00e4\u00e4 vaatetelinepaneelia on saatavana 3 eri tyylill\u00e4, joten sinulla on riitt\u00e4v\u00e4sti valinnanvaraa ihanteellisen eteisen luomiseen. Voit valita ruskean paneelin ja mustan hyllyn rustiikkiseen tyyliin, mustan paneelin ja ruskean hyllyn moderniin tyyliin tai t\u00e4ysin valkoisen takin telineen minimalistiseen muotoiluun.Tekniset tiedot:- V\u00e4ri: &#8211; V\u00e4ri: 1: Rustic Brown(X01)\/Black(B01)\/White(W01)- Materiaali: Materiaali: Lastulevy, metalli- Tuotteen koko: 23,6 &#8221;L x 8,4 &#8221;L x 15,7 &#8221;K (60 x 21,5 x 40 cm) Pakkauksen sis\u00e4lt\u00f6:- 1 x Sein\u00e4\u00e4n kiinnitett\u00e4v\u00e4 vaateteline- 1 x Asennussarja- 1 x Ohjeet (EN, DE, FR, ES, IT)<\/p>\n","protected":false},"excerpt":{"rendered":"<p>Onko eteisen lattiapinta-ala v\u00e4h\u00e4inen tai haluatko pit\u00e4\u00e4 sen puhtaana? T\u00e4m\u00e4 sein\u00e4\u00e4n kiinnitett\u00e4v\u00e4 vaatetelinepaneeli on vastaus kauan kaivattuihin toiveisiisi. Sein\u00e4kiinnitteisess\u00e4 vaatetelineess\u00e4 on 3 koukkua, ripustustanko ja hylly, ja se on l\u00e4hes t\u00e4ydellinen ratkaisu kaikkeen &#8221;eteiseen&#8221;.3 nupin avulla voit helposti ripustaa k\u00e4silaukun tai repun t\u00e4h\u00e4n sein\u00e4\u00e4n kiinnitett\u00e4v\u00e4\u00e4n takinostinpaneeliin k\u00e4tev\u00e4\u00e4 s\u00e4ilytyst\u00e4 varten. Ripustustanko on ihanteellinen takkien ja paitojen [&hellip;]<\/p>\n","protected":false},"featured_media":0,"comment_status":"open","ping_status":"closed","template":"","meta":[],"product_brand":[],"product_cat":[32],"product_tag":[],"class_list":{"0":"post-35807","1":"product","2":"type-product","3":"status-publish","5":"product_cat-uncategorized-fi","7":"first","8":"instock","9":"shipping-taxable","10":"product-type-simple"},"_links":{"self":[{"href":"https:\/\/nordicmart.andreevmaster.com\/fi\/wp-json\/wp\/v2\/product\/35807","targetHints":{"allow":["GET"]}}],"collection":[{"href":"https:\/\/nordicmart.andreevmaster.com\/fi\/wp-json\/wp\/v2\/product"}],"about":[{"href":"https:\/\/nordicmart.andreevmaster.com\/fi\/wp-json\/wp\/v2\/types\/product"}],"replies":[{"embeddable":true,"href":"https:\/\/nordicmart.andreevmaster.com\/fi\/wp-json\/wp\/v2\/comments?post=35807"}],"wp:attachment":[{"href":"https:\/\/nordicmart.andreevmaster.com\/fi\/wp-json\/wp\/v2\/media?parent=35807"}],"wp:term":[{"taxonomy":"product_brand","embeddable":true,"href":"https:\/\/nordicmart.andreevmaster.com\/fi\/wp-json\/wp\/v2\/product_brand?post=35807"},{"taxonomy":"product_cat","embeddable":true,"href":"https:\/\/nordicmart.andreevmaster.com\/fi\/wp-json\/wp\/v2\/product_cat?post=35807"},{"taxonomy":"product_tag","embeddable":true,"href":"https:\/\/nordicmart.andreevmaster.com\/fi\/wp-json\/wp\/v2\/product_tag?post=35807"}],"curies":[{"name":"wp","href":"https:\/\/api.w.org\/{rel}","templated":true}]}}