{"id":35806,"date":"2026-02-27T00:31:37","date_gmt":"2026-02-27T00:31:37","guid":{"rendered":"https:\/\/nordicmart.andreevmaster.com\/product\/songmics-seinahyllyt-2-kpl-valkoinen-musta\/"},"modified":"2026-02-27T09:49:59","modified_gmt":"2026-02-27T09:49:59","slug":"songmics-seinahyllyt-2-kpl-valkoinen-musta","status":"publish","type":"product","link":"https:\/\/nordicmart.andreevmaster.com\/fi\/tuote\/songmics-seinahyllyt-2-kpl-valkoinen-musta\/","title":{"rendered":"SONGMICS sein\u00e4hyllyt, 2 kpl, valkoinen-musta"},"content":{"rendered":"<p>J\u00e4rjest\u00e4 kotisi kiipe\u00e4m\u00e4ll\u00e4 sein\u00e4lle! Kodeissamme on kipe\u00e4sti pulaa tilasta kaikille tavaroillemme. T\u00e4m\u00e4 upea 2-osainen sein\u00e4hyllypaketti helpottaa el\u00e4m\u00e4\u00e4si tarjoamalla s\u00e4ilytystilaa koko perheelle ja koristamalla sisustustasi. Helppo asentaa ja eritt\u00e4in tyylik\u00e4s, \u00e4l\u00e4 ep\u00e4r\u00f6i en\u00e4\u00e4 varustaa seini\u00e4si. N\u00e4iden kahden puisen ja metallisen sein\u00e4hyllyn avulla voit sijoittaa kirjat, koriste-esineet, maljat, kasvit, DVD:t, CD:t jne. sinulle sopivimpaan paikkaan. Se on t\u00e4ydellinen v\u00e4line tilan s\u00e4\u00e4st\u00e4miseen. Voit sijoittaa sen mihin tahansa huoneeseen. \u00c4l\u00e4 odota en\u00e4\u00e4, vaan hanki t\u00e4m\u00e4 eritt\u00e4in hy\u00f6dyllinen hylly! Erinomainen asiakaspalvelumme on k\u00e4ytett\u00e4viss\u00e4si ennen ja j\u00e4lkeen ostoksesi, ja se vastaa kysymyksiisi s\u00e4hk\u00f6postitse alle 24 tunnissa. T\u00e4rkeint\u00e4 meille on, ett\u00e4 olet t\u00e4ysin tyytyv\u00e4inen. Valitse SONGMICS ja takaamme sinulle onnellisuuden kotiisi! Ominaisuudet:  &#8211; Materiaalit: E1-luokan MDF-levyt + rautainen tukitanko &#8211; V\u00e4ri: Valkoinen hylly + musta tukitanko &#8211; Mitat: 60 x 21 x 14 cm (P x L x K); levyn paksuus: 1,5 cm &#8211; Paino: 2,8 kg &#8211; Enimm\u00e4iskuorma: 15 kg Toimitus: &#8211; 2 x sein\u00e4hylly\u00e4 &#8211; 4 x metallista tukitankoa &#8211; 8 x itsekierteitt\u00e4v\u00e4\u00e4 ruuvia &#8211; 8 x laajenevaa ruuvia &#8211; 1 x ohjeet (FR, DE, EN, ES, IT) SONGMICS:n varotoimet: 1. Asennukseen tarvitset s\u00e4hk\u00f6porakoneen, vesivaa&#8217;an ja vasaran. 2. V\u00e4lt\u00e4 iskuja kiinnityksen aikana. 3. Kiinnit\u00e4 tuote betoni-, kevytbetoni- tai tiilisein\u00e4\u00e4n. Jos haluat kiinnitt\u00e4\u00e4 sen kipsilevyyn, sinun on ensin ostettava sopivat ruuvit ammattimaiselta j\u00e4lleenmyyj\u00e4lt\u00e4.<\/p>\n","protected":false},"excerpt":{"rendered":"<p>SONGMICS sein\u00e4hylly 2 kpl:n sarja, sein\u00e4hylly ripustettava hylly kirjahylly, 60 x 21 x 14 cm, kantavuus 15 kg, valkoinen keitti\u00f6hylly LWS02WB<\/p>\n","protected":false},"featured_media":44347,"comment_status":"open","ping_status":"closed","template":"","meta":[],"product_brand":[],"product_cat":[32],"product_tag":[],"class_list":{"0":"post-35806","1":"product","2":"type-product","3":"status-publish","4":"has-post-thumbnail","6":"product_cat-uncategorized-fi","8":"first","9":"instock","10":"shipping-taxable","11":"purchasable","12":"product-type-simple"},"_links":{"self":[{"href":"https:\/\/nordicmart.andreevmaster.com\/fi\/wp-json\/wp\/v2\/product\/35806","targetHints":{"allow":["GET"]}}],"collection":[{"href":"https:\/\/nordicmart.andreevmaster.com\/fi\/wp-json\/wp\/v2\/product"}],"about":[{"href":"https:\/\/nordicmart.andreevmaster.com\/fi\/wp-json\/wp\/v2\/types\/product"}],"replies":[{"embeddable":true,"href":"https:\/\/nordicmart.andreevmaster.com\/fi\/wp-json\/wp\/v2\/comments?post=35806"}],"wp:featuredmedia":[{"embeddable":true,"href":"https:\/\/nordicmart.andreevmaster.com\/fi\/wp-json\/wp\/v2\/media\/44347"}],"wp:attachment":[{"href":"https:\/\/nordicmart.andreevmaster.com\/fi\/wp-json\/wp\/v2\/media?parent=35806"}],"wp:term":[{"taxonomy":"product_brand","embeddable":true,"href":"https:\/\/nordicmart.andreevmaster.com\/fi\/wp-json\/wp\/v2\/product_brand?post=35806"},{"taxonomy":"product_cat","embeddable":true,"href":"https:\/\/nordicmart.andreevmaster.com\/fi\/wp-json\/wp\/v2\/product_cat?post=35806"},{"taxonomy":"product_tag","embeddable":true,"href":"https:\/\/nordicmart.andreevmaster.com\/fi\/wp-json\/wp\/v2\/product_tag?post=35806"}],"curies":[{"name":"wp","href":"https:\/\/api.w.org\/{rel}","templated":true}]}}