{"id":35805,"date":"2026-02-27T00:31:37","date_gmt":"2026-02-27T00:31:37","guid":{"rendered":"https:\/\/nordicmart.andreevmaster.com\/product\/vasagle-seinahylly-kuvakehyksille\/"},"modified":"2026-02-27T09:49:58","modified_gmt":"2026-02-27T09:49:58","slug":"vasagle-seinahylly-kuvakehyksille","status":"publish","type":"product","link":"https:\/\/nordicmart.andreevmaster.com\/fi\/tuote\/vasagle-seinahylly-kuvakehyksille\/","title":{"rendered":"VASAGLE sein\u00e4hylly kuvakehyksille"},"content":{"rendered":"<p>Hylly, hyllylauta, 20 x 80 x 3,8 cm, sein\u00e4hylly valokuvakehyksille, koristeille, hylly olohuoneeseen, ty\u00f6huoneeseen, keitti\u00f6\u00f6n<br \/>\nV\u00e4ri: vaahteranvalkoinen<br \/>\nMateriaali: MDF (keskitihe\u00e4 kuitulevy), ter\u00e4s<br \/>\nTuotteen koko: 20 x 80 x 3,8 cm (S x L x K)<br \/>\nTuotteen paino: 2,3 kg. Maks.<br \/>\nStaattinen kantavuus: 10 kg<\/p>\n","protected":false},"excerpt":{"rendered":"<p>Hylly, hyllylauta, 20 x 80 x 3,8 cm, sein\u00e4hylly valokuvakehyksille, koristeille, hylly olohuoneeseen, ty\u00f6huoneeseen, keitti\u00f6\u00f6n<\/p>\n","protected":false},"featured_media":44346,"comment_status":"open","ping_status":"closed","template":"","meta":[],"product_brand":[],"product_cat":[32],"product_tag":[],"class_list":{"0":"post-35805","1":"product","2":"type-product","3":"status-publish","4":"has-post-thumbnail","6":"product_cat-uncategorized-fi","8":"first","9":"instock","10":"shipping-taxable","11":"purchasable","12":"product-type-simple"},"_links":{"self":[{"href":"https:\/\/nordicmart.andreevmaster.com\/fi\/wp-json\/wp\/v2\/product\/35805","targetHints":{"allow":["GET"]}}],"collection":[{"href":"https:\/\/nordicmart.andreevmaster.com\/fi\/wp-json\/wp\/v2\/product"}],"about":[{"href":"https:\/\/nordicmart.andreevmaster.com\/fi\/wp-json\/wp\/v2\/types\/product"}],"replies":[{"embeddable":true,"href":"https:\/\/nordicmart.andreevmaster.com\/fi\/wp-json\/wp\/v2\/comments?post=35805"}],"wp:featuredmedia":[{"embeddable":true,"href":"https:\/\/nordicmart.andreevmaster.com\/fi\/wp-json\/wp\/v2\/media\/44346"}],"wp:attachment":[{"href":"https:\/\/nordicmart.andreevmaster.com\/fi\/wp-json\/wp\/v2\/media?parent=35805"}],"wp:term":[{"taxonomy":"product_brand","embeddable":true,"href":"https:\/\/nordicmart.andreevmaster.com\/fi\/wp-json\/wp\/v2\/product_brand?post=35805"},{"taxonomy":"product_cat","embeddable":true,"href":"https:\/\/nordicmart.andreevmaster.com\/fi\/wp-json\/wp\/v2\/product_cat?post=35805"},{"taxonomy":"product_tag","embeddable":true,"href":"https:\/\/nordicmart.andreevmaster.com\/fi\/wp-json\/wp\/v2\/product_tag?post=35805"}],"curies":[{"name":"wp","href":"https:\/\/api.w.org\/{rel}","templated":true}]}}