{"id":35802,"date":"2026-02-27T00:31:36","date_gmt":"2026-02-27T00:31:36","guid":{"rendered":"https:\/\/nordicmart.andreevmaster.com\/product\/songmics-seinapeili-moderni-helppo-asennus-musta\/"},"modified":"2026-02-27T09:49:58","modified_gmt":"2026-02-27T09:49:58","slug":"songmics-seinapeili-moderni-helppo-asennus-musta","status":"publish","type":"product","link":"https:\/\/nordicmart.andreevmaster.com\/fi\/tuote\/songmics-seinapeili-moderni-helppo-asennus-musta\/","title":{"rendered":"SONGMICS sein\u00e4peili moderni helppo asennus musta"},"content":{"rendered":"<p>SONGMICS sein\u00e4peili, py\u00f6re\u00e4 peili, \u00d8 40,7 cm kylpyhuonepeili, metallikehys, helppo asentaa, moderni, kylpyhuoneeseen, olohuoneeseen, makuuhuoneeseen, eteiseen, sis\u00e4\u00e4nk\u00e4yntialueelle<br \/>\nV\u00e4ri: musta<br \/>\nMateriaali: alumiiniseos, lasi, MDF (keskitihe\u00e4 kuitulevy)<br \/>\nPeilin halkaisija: 40,7 cm<br \/>\nPeilin paksuus: 3,6 cm<br \/>\nPaino: 2,2 kg<\/p>\n","protected":false},"excerpt":{"rendered":"<p>SONGMICS sein\u00e4peili, py\u00f6re\u00e4 peili, \u00d8 40,7 cm kylpyhuonepeili, metallikehys, helppo asentaa, moderni, kylpyhuoneeseen, olohuoneeseen, makuuhuoneeseen, eteiseen, sis\u00e4\u00e4nk\u00e4yntialueelle<\/p>\n","protected":false},"featured_media":44343,"comment_status":"open","ping_status":"closed","template":"","meta":[],"product_brand":[],"product_cat":[32],"product_tag":[],"class_list":{"0":"post-35802","1":"product","2":"type-product","3":"status-publish","4":"has-post-thumbnail","6":"product_cat-uncategorized-fi","8":"first","9":"instock","10":"shipping-taxable","11":"purchasable","12":"product-type-simple"},"_links":{"self":[{"href":"https:\/\/nordicmart.andreevmaster.com\/fi\/wp-json\/wp\/v2\/product\/35802","targetHints":{"allow":["GET"]}}],"collection":[{"href":"https:\/\/nordicmart.andreevmaster.com\/fi\/wp-json\/wp\/v2\/product"}],"about":[{"href":"https:\/\/nordicmart.andreevmaster.com\/fi\/wp-json\/wp\/v2\/types\/product"}],"replies":[{"embeddable":true,"href":"https:\/\/nordicmart.andreevmaster.com\/fi\/wp-json\/wp\/v2\/comments?post=35802"}],"wp:featuredmedia":[{"embeddable":true,"href":"https:\/\/nordicmart.andreevmaster.com\/fi\/wp-json\/wp\/v2\/media\/44343"}],"wp:attachment":[{"href":"https:\/\/nordicmart.andreevmaster.com\/fi\/wp-json\/wp\/v2\/media?parent=35802"}],"wp:term":[{"taxonomy":"product_brand","embeddable":true,"href":"https:\/\/nordicmart.andreevmaster.com\/fi\/wp-json\/wp\/v2\/product_brand?post=35802"},{"taxonomy":"product_cat","embeddable":true,"href":"https:\/\/nordicmart.andreevmaster.com\/fi\/wp-json\/wp\/v2\/product_cat?post=35802"},{"taxonomy":"product_tag","embeddable":true,"href":"https:\/\/nordicmart.andreevmaster.com\/fi\/wp-json\/wp\/v2\/product_tag?post=35802"}],"curies":[{"name":"wp","href":"https:\/\/api.w.org\/{rel}","templated":true}]}}