{"id":35801,"date":"2026-02-27T00:31:36","date_gmt":"2026-02-27T00:31:36","guid":{"rendered":"https:\/\/nordicmart.andreevmaster.com\/product\/songmics-seinapeili-pyorea-peili-kylpyhuonepeili\/"},"modified":"2026-02-27T09:49:57","modified_gmt":"2026-02-27T09:49:57","slug":"songmics-seinapeili-pyorea-peili-kylpyhuonepeili","status":"publish","type":"product","link":"https:\/\/nordicmart.andreevmaster.com\/fi\/tuote\/songmics-seinapeili-pyorea-peili-kylpyhuonepeili\/","title":{"rendered":"SONGMICS sein\u00e4peili, py\u00f6re\u00e4 peili, kylpyhuonepeili"},"content":{"rendered":"<p>SONGMICS sein\u00e4peili, py\u00f6re\u00e4 peili, kylpyhuonepeili, halkaisija 61 cm, metallikehys, olohuoneeseen, makuuhuoneeseen, kylpyhuoneeseen, eteiseen, musta LWM102B01<br \/>\nV\u00e4ri: musta<br \/>\nMateriaalit: alumiiniseos, MDF-takasein\u00e4, lasi<br \/>\nPeilin halkaisija: 61 cm<br \/>\nPeilin paksuus: 3,6 cm<br \/>\nPaino: 4,3 kg<\/p>\n","protected":false},"excerpt":{"rendered":"<p>SONGMICS sein\u00e4peili, py\u00f6re\u00e4 peili, kylpyhuonepeili, halkaisija 61 cm, metallikehys, olohuoneeseen, makuuhuoneeseen, kylpyhuoneeseen, eteiseen, musta LWM102B01<\/p>\n","protected":false},"featured_media":44342,"comment_status":"open","ping_status":"closed","template":"","meta":[],"product_brand":[],"product_cat":[32],"product_tag":[],"class_list":{"0":"post-35801","1":"product","2":"type-product","3":"status-publish","4":"has-post-thumbnail","6":"product_cat-uncategorized-fi","8":"first","9":"instock","10":"shipping-taxable","11":"purchasable","12":"product-type-simple"},"_links":{"self":[{"href":"https:\/\/nordicmart.andreevmaster.com\/fi\/wp-json\/wp\/v2\/product\/35801","targetHints":{"allow":["GET"]}}],"collection":[{"href":"https:\/\/nordicmart.andreevmaster.com\/fi\/wp-json\/wp\/v2\/product"}],"about":[{"href":"https:\/\/nordicmart.andreevmaster.com\/fi\/wp-json\/wp\/v2\/types\/product"}],"replies":[{"embeddable":true,"href":"https:\/\/nordicmart.andreevmaster.com\/fi\/wp-json\/wp\/v2\/comments?post=35801"}],"wp:featuredmedia":[{"embeddable":true,"href":"https:\/\/nordicmart.andreevmaster.com\/fi\/wp-json\/wp\/v2\/media\/44342"}],"wp:attachment":[{"href":"https:\/\/nordicmart.andreevmaster.com\/fi\/wp-json\/wp\/v2\/media?parent=35801"}],"wp:term":[{"taxonomy":"product_brand","embeddable":true,"href":"https:\/\/nordicmart.andreevmaster.com\/fi\/wp-json\/wp\/v2\/product_brand?post=35801"},{"taxonomy":"product_cat","embeddable":true,"href":"https:\/\/nordicmart.andreevmaster.com\/fi\/wp-json\/wp\/v2\/product_cat?post=35801"},{"taxonomy":"product_tag","embeddable":true,"href":"https:\/\/nordicmart.andreevmaster.com\/fi\/wp-json\/wp\/v2\/product_tag?post=35801"}],"curies":[{"name":"wp","href":"https:\/\/api.w.org\/{rel}","templated":true}]}}