{"id":35800,"date":"2026-02-27T00:31:35","date_gmt":"2026-02-27T00:31:35","guid":{"rendered":"https:\/\/nordicmart.andreevmaster.com\/product\/songmics-pyorea-seinapeili\/"},"modified":"2026-02-27T09:49:57","modified_gmt":"2026-02-27T09:49:57","slug":"songmics-pyorea-seinapeili","status":"publish","type":"product","link":"https:\/\/nordicmart.andreevmaster.com\/fi\/tuote\/songmics-pyorea-seinapeili\/","title":{"rendered":"SONGMICS py\u00f6re\u00e4 sein\u00e4peili"},"content":{"rendered":"<p>Sopii joka huoneeseen: ota py\u00f6re\u00e4 muoto ja lis\u00e4\u00e4 siihen kullanv\u00e4rinen metallikehys. Tuloksena on yksinkertainen mutta tyylik\u00e4s py\u00f6re\u00e4 peili, joka sopii vaivattomasti joka huoneeseen ja viimeistelee eteisen, makuuhuoneen tai kylpyhuoneen ilmeen. Ei vain silm\u00e4niloa: upeasta ulkon\u00e4\u00f6st\u00e4\u00e4n huolimatta t\u00e4m\u00e4 sein\u00e4peili ei ole vain koriste-esine ilman tarkoitusta. Haluatko kaksinkertaistaa n\u00e4kyvyyden my\u00f6s pieniss\u00e4 huoneissa? Heijastaa valoa huoneen valaisemiseksi? Tarkistaa meikkisi ennen l\u00e4ht\u00f6\u00e4? T\u00e4m\u00e4 peili t\u00e4ytt\u00e4\u00e4 kaikki n\u00e4m\u00e4 tarkoitukset. Tuotetiedot: V\u00e4ri: Kulta Materiaalit: Alumiiniseos, MDF-takasein\u00e4, hopeapinnoitettu lasi Peilin halkaisija: 61 cm Peilin paksuus: 3,6 cm Paino: 4,3 kg Toimitus sis\u00e4lt\u00e4\u00e4: 1 x py\u00f6re\u00e4 peili 1 x ohjeet SONGICSin ohjeet:Ota tuote varovasti pois pakkauksesta vahingoittumisen v\u00e4ltt\u00e4miseksi. \u00c4l\u00e4 k\u00e4yt\u00e4 tuotetta, jos se on vaurioitunut. \u00c4l\u00e4 kosketa rikkoutunutta lasia, jos se putoaa.<\/p>\n","protected":false},"excerpt":{"rendered":"<p>SONGMICS sein\u00e4peili, py\u00f6re\u00e4 peili, kylpyhuonepeili, halkaisija 61 cm, metallikehys, olohuoneeseen, makuuhuoneeseen, kylpyhuoneeseen, eteiseen, musta LWM102B01<\/p>\n","protected":false},"featured_media":44341,"comment_status":"open","ping_status":"closed","template":"","meta":[],"product_brand":[],"product_cat":[32],"product_tag":[],"class_list":{"0":"post-35800","1":"product","2":"type-product","3":"status-publish","4":"has-post-thumbnail","6":"product_cat-uncategorized-fi","8":"first","9":"instock","10":"shipping-taxable","11":"purchasable","12":"product-type-simple"},"_links":{"self":[{"href":"https:\/\/nordicmart.andreevmaster.com\/fi\/wp-json\/wp\/v2\/product\/35800","targetHints":{"allow":["GET"]}}],"collection":[{"href":"https:\/\/nordicmart.andreevmaster.com\/fi\/wp-json\/wp\/v2\/product"}],"about":[{"href":"https:\/\/nordicmart.andreevmaster.com\/fi\/wp-json\/wp\/v2\/types\/product"}],"replies":[{"embeddable":true,"href":"https:\/\/nordicmart.andreevmaster.com\/fi\/wp-json\/wp\/v2\/comments?post=35800"}],"wp:featuredmedia":[{"embeddable":true,"href":"https:\/\/nordicmart.andreevmaster.com\/fi\/wp-json\/wp\/v2\/media\/44341"}],"wp:attachment":[{"href":"https:\/\/nordicmart.andreevmaster.com\/fi\/wp-json\/wp\/v2\/media?parent=35800"}],"wp:term":[{"taxonomy":"product_brand","embeddable":true,"href":"https:\/\/nordicmart.andreevmaster.com\/fi\/wp-json\/wp\/v2\/product_brand?post=35800"},{"taxonomy":"product_cat","embeddable":true,"href":"https:\/\/nordicmart.andreevmaster.com\/fi\/wp-json\/wp\/v2\/product_cat?post=35800"},{"taxonomy":"product_tag","embeddable":true,"href":"https:\/\/nordicmart.andreevmaster.com\/fi\/wp-json\/wp\/v2\/product_tag?post=35800"}],"curies":[{"name":"wp","href":"https:\/\/api.w.org\/{rel}","templated":true}]}}