{"id":35796,"date":"2026-02-27T00:31:34","date_gmt":"2026-02-27T00:31:34","guid":{"rendered":"https:\/\/nordicmart.andreevmaster.com\/product\/songmics-meikkipeili-valaistuksella-ja-latausliittimilla-mattavalkoinen\/"},"modified":"2026-02-27T09:49:56","modified_gmt":"2026-02-27T09:49:56","slug":"songmics-meikkipeili-valaistuksella-ja-latausliittimilla-mattavalkoinen","status":"publish","type":"product","link":"https:\/\/nordicmart.andreevmaster.com\/fi\/tuote\/songmics-meikkipeili-valaistuksella-ja-latausliittimilla-mattavalkoinen\/","title":{"rendered":"SONGMICS meikkipeili valaistuksella ja latausliittimill\u00e4, mattavalkoinen"},"content":{"rendered":"<p>SONGMICS meikkipeili valaistuksella, kosmetiikkapeili 15 LED-lampulla, latausliit\u00e4nn\u00f6ill\u00e4, kosketusohjauksella, 3 valov\u00e4ri\u00e4, himmennett\u00e4v\u00e4, matkapuhelinteline, 58 x 43 cm, mattavalkoinen LWM001W02<br \/>\nV\u00e4ri: mattavalkoinen<br \/>\nMateriaali: lasi, ter\u00e4s, MDF (keskitihe\u00e4 kuitulevy)<br \/>\nKokonaismitat: 10 x 62,5 x 45,8 cm (S x L x K)<br \/>\nPeilin koko: 58 x 43 cm (L x K)<br \/>\nPaino: 5,3 kg<\/p>\n","protected":false},"excerpt":{"rendered":"<p>SONGMICS meikkipeili valaistuksella, kosmetiikkapeili 15 LED-lampulla, latausliit\u00e4nn\u00f6ill\u00e4, kosketusohjauksella, 3 valov\u00e4ri\u00e4, himmennett\u00e4v\u00e4, matkapuhelinteline, 58 x 43 cm, mattavalkoinen LWM001W02<\/p>\n","protected":false},"featured_media":44337,"comment_status":"open","ping_status":"closed","template":"","meta":[],"product_brand":[],"product_cat":[32],"product_tag":[],"class_list":{"0":"post-35796","1":"product","2":"type-product","3":"status-publish","4":"has-post-thumbnail","6":"product_cat-uncategorized-fi","8":"first","9":"instock","10":"shipping-taxable","11":"purchasable","12":"product-type-simple"},"_links":{"self":[{"href":"https:\/\/nordicmart.andreevmaster.com\/fi\/wp-json\/wp\/v2\/product\/35796","targetHints":{"allow":["GET"]}}],"collection":[{"href":"https:\/\/nordicmart.andreevmaster.com\/fi\/wp-json\/wp\/v2\/product"}],"about":[{"href":"https:\/\/nordicmart.andreevmaster.com\/fi\/wp-json\/wp\/v2\/types\/product"}],"replies":[{"embeddable":true,"href":"https:\/\/nordicmart.andreevmaster.com\/fi\/wp-json\/wp\/v2\/comments?post=35796"}],"wp:featuredmedia":[{"embeddable":true,"href":"https:\/\/nordicmart.andreevmaster.com\/fi\/wp-json\/wp\/v2\/media\/44337"}],"wp:attachment":[{"href":"https:\/\/nordicmart.andreevmaster.com\/fi\/wp-json\/wp\/v2\/media?parent=35796"}],"wp:term":[{"taxonomy":"product_brand","embeddable":true,"href":"https:\/\/nordicmart.andreevmaster.com\/fi\/wp-json\/wp\/v2\/product_brand?post=35796"},{"taxonomy":"product_cat","embeddable":true,"href":"https:\/\/nordicmart.andreevmaster.com\/fi\/wp-json\/wp\/v2\/product_cat?post=35796"},{"taxonomy":"product_tag","embeddable":true,"href":"https:\/\/nordicmart.andreevmaster.com\/fi\/wp-json\/wp\/v2\/product_tag?post=35796"}],"curies":[{"name":"wp","href":"https:\/\/api.w.org\/{rel}","templated":true}]}}