{"id":35785,"date":"2026-02-27T00:31:31","date_gmt":"2026-02-27T00:31:31","guid":{"rendered":"https:\/\/nordicmart.andreevmaster.com\/product\/vasagle-l-muotoinen-tyopoyta-poyta-pistorasioilla-kulmapoyta\/"},"modified":"2026-02-27T09:49:53","modified_gmt":"2026-02-27T09:49:53","slug":"vasagle-l-muotoinen-tyopoyta-poyta-pistorasioilla-kulmapoyta","status":"publish","type":"product","link":"https:\/\/nordicmart.andreevmaster.com\/fi\/tuote\/vasagle-l-muotoinen-tyopoyta-poyta-pistorasioilla-kulmapoyta\/","title":{"rendered":"VASAGLE L-muotoinen ty\u00f6p\u00f6yt\u00e4, p\u00f6yt\u00e4 pistorasioilla, kulmap\u00f6yt\u00e4"},"content":{"rendered":"<p>VASAGLE L-muotoinen ty\u00f6p\u00f6yt\u00e4 pistorasioilla, kulmap\u00f6yt\u00e4, tietokonep\u00f6yt\u00e4, n\u00e4yt\u00f6njalusta, pelip\u00f6yt\u00e4, LED-valaistus, USB-liit\u00e4nn\u00e4t, 150 x 120 x 76 cm<br \/>\nTekniset tiedot:<br \/>\n&#8211; Mitat: 120 x 150 x 76 cm (S x L x K), korkeus monitoritelineell\u00e4: 90 cm<br \/>\n&#8211; Paino: 27 kg<br \/>\n&#8211; Maks. staattinen kantavuus: p\u00f6yt\u00e4levy 50 kg, monitoriteline 20 kg<br \/>\n&#8211; Materiaali: lastulevy, ter\u00e4s, kuitukangas, polyester-puuvillakangas<br \/>\n&#8211; V\u00e4ri: musta<\/p>\n","protected":false},"excerpt":{"rendered":"<p>VASAGLE L-muotoinen ty\u00f6p\u00f6yt\u00e4 pistorasioilla, kulmap\u00f6yt\u00e4, tietokonep\u00f6yt\u00e4, n\u00e4yt\u00f6njalusta, pelip\u00f6yt\u00e4, LED-valaistus, USB-liit\u00e4nn\u00e4t, 150 x 120 x 76 cm<\/p>\n","protected":false},"featured_media":44326,"comment_status":"open","ping_status":"closed","template":"","meta":[],"product_brand":[],"product_cat":[32],"product_tag":[],"class_list":{"0":"post-35785","1":"product","2":"type-product","3":"status-publish","4":"has-post-thumbnail","6":"product_cat-uncategorized-fi","8":"first","9":"instock","10":"shipping-taxable","11":"purchasable","12":"product-type-simple"},"_links":{"self":[{"href":"https:\/\/nordicmart.andreevmaster.com\/fi\/wp-json\/wp\/v2\/product\/35785","targetHints":{"allow":["GET"]}}],"collection":[{"href":"https:\/\/nordicmart.andreevmaster.com\/fi\/wp-json\/wp\/v2\/product"}],"about":[{"href":"https:\/\/nordicmart.andreevmaster.com\/fi\/wp-json\/wp\/v2\/types\/product"}],"replies":[{"embeddable":true,"href":"https:\/\/nordicmart.andreevmaster.com\/fi\/wp-json\/wp\/v2\/comments?post=35785"}],"wp:featuredmedia":[{"embeddable":true,"href":"https:\/\/nordicmart.andreevmaster.com\/fi\/wp-json\/wp\/v2\/media\/44326"}],"wp:attachment":[{"href":"https:\/\/nordicmart.andreevmaster.com\/fi\/wp-json\/wp\/v2\/media?parent=35785"}],"wp:term":[{"taxonomy":"product_brand","embeddable":true,"href":"https:\/\/nordicmart.andreevmaster.com\/fi\/wp-json\/wp\/v2\/product_brand?post=35785"},{"taxonomy":"product_cat","embeddable":true,"href":"https:\/\/nordicmart.andreevmaster.com\/fi\/wp-json\/wp\/v2\/product_cat?post=35785"},{"taxonomy":"product_tag","embeddable":true,"href":"https:\/\/nordicmart.andreevmaster.com\/fi\/wp-json\/wp\/v2\/product_tag?post=35785"}],"curies":[{"name":"wp","href":"https:\/\/api.w.org\/{rel}","templated":true}]}}