{"id":35776,"date":"2026-02-27T00:31:28","date_gmt":"2026-02-27T00:31:28","guid":{"rendered":"https:\/\/nordicmart.andreevmaster.com\/product\/vasagle-poyta-tietokonepoyta-tyopoyta\/"},"modified":"2026-02-27T09:49:51","modified_gmt":"2026-02-27T09:49:51","slug":"vasagle-poyta-tietokonepoyta-tyopoyta","status":"publish","type":"product","link":"https:\/\/nordicmart.andreevmaster.com\/fi\/tuote\/vasagle-poyta-tietokonepoyta-tyopoyta\/","title":{"rendered":"VASAGLE p\u00f6yt\u00e4, tietokonep\u00f6yt\u00e4, ty\u00f6p\u00f6yt\u00e4"},"content":{"rendered":"<p>VASAGLE Kirjoitusp\u00f6yt\u00e4, tietokonep\u00f6yt\u00e4, PC-p\u00f6yt\u00e4, toimistop\u00f6yt\u00e4, jossa 2 hyllytasoa oikealla tai vasemmalla, ty\u00f6p\u00f6yt\u00e4 toimistoon, olohuoneeseen, helppo asentaa, teollinen muotoilu, vintage-ruskea-musta LWD47X<br \/>\nTekniset tiedot:<br \/>\n&#8211; Mitat: 50,1 x 100,1 x 76,1 cm (S x L x K)<br \/>\n&#8211; Paino: 11,7 kg<br \/>\n&#8211; Materiaali: lastulevy, ter\u00e4s<br \/>\n&#8211; V\u00e4ri: ruskea-musta<\/p>\n","protected":false},"excerpt":{"rendered":"<p>VASAGLE Kirjoitusp\u00f6yt\u00e4, tietokonep\u00f6yt\u00e4, PC-p\u00f6yt\u00e4, toimistop\u00f6yt\u00e4, jossa 2 hyllytasoa oikealla tai vasemmalla, ty\u00f6p\u00f6yt\u00e4 toimistoon, olohuoneeseen, helppo asentaa, teollinen muotoilu, vintage-ruskea-musta LWD47X<\/p>\n","protected":false},"featured_media":44317,"comment_status":"open","ping_status":"closed","template":"","meta":[],"product_brand":[],"product_cat":[32],"product_tag":[],"class_list":{"0":"post-35776","1":"product","2":"type-product","3":"status-publish","4":"has-post-thumbnail","6":"product_cat-uncategorized-fi","8":"first","9":"instock","10":"shipping-taxable","11":"purchasable","12":"product-type-simple"},"_links":{"self":[{"href":"https:\/\/nordicmart.andreevmaster.com\/fi\/wp-json\/wp\/v2\/product\/35776","targetHints":{"allow":["GET"]}}],"collection":[{"href":"https:\/\/nordicmart.andreevmaster.com\/fi\/wp-json\/wp\/v2\/product"}],"about":[{"href":"https:\/\/nordicmart.andreevmaster.com\/fi\/wp-json\/wp\/v2\/types\/product"}],"replies":[{"embeddable":true,"href":"https:\/\/nordicmart.andreevmaster.com\/fi\/wp-json\/wp\/v2\/comments?post=35776"}],"wp:featuredmedia":[{"embeddable":true,"href":"https:\/\/nordicmart.andreevmaster.com\/fi\/wp-json\/wp\/v2\/media\/44317"}],"wp:attachment":[{"href":"https:\/\/nordicmart.andreevmaster.com\/fi\/wp-json\/wp\/v2\/media?parent=35776"}],"wp:term":[{"taxonomy":"product_brand","embeddable":true,"href":"https:\/\/nordicmart.andreevmaster.com\/fi\/wp-json\/wp\/v2\/product_brand?post=35776"},{"taxonomy":"product_cat","embeddable":true,"href":"https:\/\/nordicmart.andreevmaster.com\/fi\/wp-json\/wp\/v2\/product_cat?post=35776"},{"taxonomy":"product_tag","embeddable":true,"href":"https:\/\/nordicmart.andreevmaster.com\/fi\/wp-json\/wp\/v2\/product_tag?post=35776"}],"curies":[{"name":"wp","href":"https:\/\/api.w.org\/{rel}","templated":true}]}}