{"id":35774,"date":"2026-02-27T00:31:27","date_gmt":"2026-02-27T00:31:27","guid":{"rendered":"https:\/\/nordicmart.andreevmaster.com\/product\/vasagle-kirjoituspoyta-pieni-tietokonepoyta-toimistopoyta\/"},"modified":"2026-02-27T09:49:50","modified_gmt":"2026-02-27T09:49:50","slug":"vasagle-kirjoituspoyta-pieni-tietokonepoyta-toimistopoyta","status":"publish","type":"product","link":"https:\/\/nordicmart.andreevmaster.com\/fi\/tuote\/vasagle-kirjoituspoyta-pieni-tietokonepoyta-toimistopoyta\/","title":{"rendered":"VASAGLE-kirjoitusp\u00f6yt\u00e4, pieni tietokonep\u00f6yt\u00e4, toimistop\u00f6yt\u00e4"},"content":{"rendered":"<p>VASAGLE-kirjoitusp\u00f6yt\u00e4, tietokonep\u00f6yt\u00e4, kapea toimistop\u00f6yt\u00e4, 120 x 60 x 75 cm, ty\u00f6huone, kotitoimisto, toimisto, helppo koota, ter\u00e4s, teollinen muotoilu, vintage-ruskea-musta LWD039B01<br \/>\nTekniset tiedot:<br \/>\n&#8211; Mitat: 60 x 120 x 76 cm (S x L x K)<br \/>\n&#8211; Paino: 12,3 kg<br \/>\n&#8211; Maks. staattinen kokonaiskantavuus: 50 kg<br \/>\n&#8211; Materiaali: lastulevy, ter\u00e4s<br \/>\n&#8211; V\u00e4ri: eebenpuu-musta, muste-musta<\/p>\n","protected":false},"excerpt":{"rendered":"<p>VASAGLE-kirjoitusp\u00f6yt\u00e4, tietokonep\u00f6yt\u00e4, kapea toimistop\u00f6yt\u00e4, 120 x 60 x 75 cm, ty\u00f6huone, kotitoimisto, toimisto, helppo koota, ter\u00e4s, teollinen muotoilu, vintage-ruskea-musta LWD039B01<\/p>\n","protected":false},"featured_media":44315,"comment_status":"open","ping_status":"closed","template":"","meta":[],"product_brand":[],"product_cat":[32],"product_tag":[],"class_list":{"0":"post-35774","1":"product","2":"type-product","3":"status-publish","4":"has-post-thumbnail","6":"product_cat-uncategorized-fi","8":"first","9":"instock","10":"shipping-taxable","11":"purchasable","12":"product-type-simple"},"_links":{"self":[{"href":"https:\/\/nordicmart.andreevmaster.com\/fi\/wp-json\/wp\/v2\/product\/35774","targetHints":{"allow":["GET"]}}],"collection":[{"href":"https:\/\/nordicmart.andreevmaster.com\/fi\/wp-json\/wp\/v2\/product"}],"about":[{"href":"https:\/\/nordicmart.andreevmaster.com\/fi\/wp-json\/wp\/v2\/types\/product"}],"replies":[{"embeddable":true,"href":"https:\/\/nordicmart.andreevmaster.com\/fi\/wp-json\/wp\/v2\/comments?post=35774"}],"wp:featuredmedia":[{"embeddable":true,"href":"https:\/\/nordicmart.andreevmaster.com\/fi\/wp-json\/wp\/v2\/media\/44315"}],"wp:attachment":[{"href":"https:\/\/nordicmart.andreevmaster.com\/fi\/wp-json\/wp\/v2\/media?parent=35774"}],"wp:term":[{"taxonomy":"product_brand","embeddable":true,"href":"https:\/\/nordicmart.andreevmaster.com\/fi\/wp-json\/wp\/v2\/product_brand?post=35774"},{"taxonomy":"product_cat","embeddable":true,"href":"https:\/\/nordicmart.andreevmaster.com\/fi\/wp-json\/wp\/v2\/product_cat?post=35774"},{"taxonomy":"product_tag","embeddable":true,"href":"https:\/\/nordicmart.andreevmaster.com\/fi\/wp-json\/wp\/v2\/product_tag?post=35774"}],"curies":[{"name":"wp","href":"https:\/\/api.w.org\/{rel}","templated":true}]}}