{"id":35771,"date":"2026-02-27T00:31:27","date_gmt":"2026-02-27T00:31:27","guid":{"rendered":"https:\/\/nordicmart.andreevmaster.com\/product\/vasagle-toimistopoyta-kaapilla\/"},"modified":"2026-02-27T09:49:50","modified_gmt":"2026-02-27T09:49:50","slug":"vasagle-toimistopoyta-kaapilla","status":"publish","type":"product","link":"https:\/\/nordicmart.andreevmaster.com\/fi\/tuote\/vasagle-toimistopoyta-kaapilla\/","title":{"rendered":"VASAGLE toimistop\u00f6yt\u00e4 kaapilla"},"content":{"rendered":"<p>Tuotetiedot: &#8211; V\u00e4ri: vintage-ruskea-musta &#8211; Materiaali: lastulevy, ter\u00e4s &#8211; Koko: 137 x 150 x 75 cm (P x L x K) &#8211; Paino: 36,2 kg &#8211; Maks. staattinen kantavuus: 50 kgToimitus sis\u00e4lt\u00e4\u00e4:- 1 x kulmainen ty\u00f6p\u00f6yt\u00e4- 1 x lis\u00e4varustepaketti- 1 x ohjeet (DE, EN, FR, ES, IT)VASAGLE Huomautukset:- Turvallisuussyist\u00e4 lapset eiv\u00e4t saa kiivet\u00e4 tuotteelle tai leikki\u00e4 sill\u00e4.<\/p>\n","protected":false},"excerpt":{"rendered":"<p>VASAGLE kulmainen ty\u00f6p\u00f6yt\u00e4, L-muotoinen tietokonep\u00f6yt\u00e4, toimistop\u00f6yt\u00e4 kaapilla ja laatikolla, ty\u00f6huone, tilaa s\u00e4\u00e4st\u00e4v\u00e4, helppo asentaa, metalli, teollinen muotoilu, vintage-ruskea-musta LWD74X<\/p>\n","protected":false},"featured_media":44312,"comment_status":"open","ping_status":"closed","template":"","meta":[],"product_brand":[],"product_cat":[32],"product_tag":[],"class_list":{"0":"post-35771","1":"product","2":"type-product","3":"status-publish","4":"has-post-thumbnail","6":"product_cat-uncategorized-fi","8":"first","9":"instock","10":"shipping-taxable","11":"purchasable","12":"product-type-simple"},"_links":{"self":[{"href":"https:\/\/nordicmart.andreevmaster.com\/fi\/wp-json\/wp\/v2\/product\/35771","targetHints":{"allow":["GET"]}}],"collection":[{"href":"https:\/\/nordicmart.andreevmaster.com\/fi\/wp-json\/wp\/v2\/product"}],"about":[{"href":"https:\/\/nordicmart.andreevmaster.com\/fi\/wp-json\/wp\/v2\/types\/product"}],"replies":[{"embeddable":true,"href":"https:\/\/nordicmart.andreevmaster.com\/fi\/wp-json\/wp\/v2\/comments?post=35771"}],"wp:featuredmedia":[{"embeddable":true,"href":"https:\/\/nordicmart.andreevmaster.com\/fi\/wp-json\/wp\/v2\/media\/44312"}],"wp:attachment":[{"href":"https:\/\/nordicmart.andreevmaster.com\/fi\/wp-json\/wp\/v2\/media?parent=35771"}],"wp:term":[{"taxonomy":"product_brand","embeddable":true,"href":"https:\/\/nordicmart.andreevmaster.com\/fi\/wp-json\/wp\/v2\/product_brand?post=35771"},{"taxonomy":"product_cat","embeddable":true,"href":"https:\/\/nordicmart.andreevmaster.com\/fi\/wp-json\/wp\/v2\/product_cat?post=35771"},{"taxonomy":"product_tag","embeddable":true,"href":"https:\/\/nordicmart.andreevmaster.com\/fi\/wp-json\/wp\/v2\/product_tag?post=35771"}],"curies":[{"name":"wp","href":"https:\/\/api.w.org\/{rel}","templated":true}]}}