{"id":35769,"date":"2026-02-27T00:31:26","date_gmt":"2026-02-27T00:31:26","guid":{"rendered":"https:\/\/nordicmart.andreevmaster.com\/product\/vasagle-teollinen-kulmainen-tyopoyta\/"},"modified":"2026-02-27T09:49:49","modified_gmt":"2026-02-27T09:49:49","slug":"vasagle-teollinen-kulmainen-tyopoyta","status":"publish","type":"product","link":"https:\/\/nordicmart.andreevmaster.com\/fi\/tuote\/vasagle-teollinen-kulmainen-tyopoyta\/","title":{"rendered":"VASAGLE Teollinen kulmainen ty\u00f6p\u00f6yt\u00e4"},"content":{"rendered":"<p>Ty\u00f6skentele tyylikk\u00e4\u00e4sti Istu ty\u00f6p\u00f6yd\u00e4n \u00e4\u00e4reen, joka tekee yht\u00e4 hyv\u00e4n vaikutuksen kuin ty\u00f6si. T\u00e4ss\u00e4 teollisen tyylisess\u00e4 tietokonep\u00f6yd\u00e4ss\u00e4 on musta metallirunko sek\u00e4 vintage-tyylinen pinta ja hyllyt. L-muotoinen toimistokaluste (138L x 138B x 75H cm) sopii l\u00e4hes jokaiseen toimistoon, jossa tarvitaan tilaa s\u00e4\u00e4st\u00e4v\u00e4\u00e4 vaihtoehtoa isoille ja k\u00f6mpel\u00f6ille ty\u00f6p\u00f6ydille. K\u00e4yt\u00e4 p\u00f6yt\u00e4\u00e4 kirjoittamiseen, ty\u00f6skentelyyn, pelaamiseen, opiskeluun tai muihin aktiviteetteihin, joista nautit. EI HEILUA K\u00e4yt\u00e4 s\u00e4\u00e4dett\u00e4vi\u00e4 jalkoja varmistaaksesi, ett\u00e4 kulmainen ty\u00f6p\u00f6yt\u00e4si ei heilua jokaisella hiiren klikkauksella. N\u00e4in v\u00e4lt\u00e4t pienet \u00e4rsytykset! Paljon tilaa Vaikka t\u00e4m\u00e4 kulmainen ty\u00f6p\u00f6yt\u00e4 on eritt\u00e4in tilaa s\u00e4\u00e4st\u00e4v\u00e4, se ei ole niukka s\u00e4ilytystilan suhteen. Aseta tietokoneen n\u00e4ytt\u00f6 toiselle puolelle, kannettava tietokone toiselle puolelle ja kirjat keskelle. T\u00e4yt\u00e4 hyllytasot asiakirjoilla, muistiinpanoilla ja kyn\u00e4telineill\u00e4 tai poista ylin hylly, jotta saat tilaa tietokoneelle. Tuotekuvaus: &#8211; V\u00e4ri: vintage-ruskea-musta &#8211; Materiaali: lastulevy, ter\u00e4s &#8211; Koko: 138 x 138 x 75 cm (S x L x K) &#8211; Paino: 25 kg &#8211; Maks. kuormituskyky: 50 kgToimitus sis\u00e4lt\u00e4\u00e4:- 1 x tietokonep\u00f6yt\u00e4- 1 x tarvikepussi- 1 x ohjeet (DE, EN, FR, ES, IT)VASAGLE-ohjeet:- Pid\u00e4 tuote poissa l\u00e4mm\u00f6n- ja palol\u00e4hteiden sek\u00e4 veden l\u00e4heisyydest\u00e4.<\/p>\n","protected":false},"excerpt":{"rendered":"<p>VASAGLE-kirjoitusp\u00f6yt\u00e4, L-muotoinen tietokonep\u00f6yt\u00e4, kulmap\u00f6yt\u00e4 2 hyllyll\u00e4, tilaa s\u00e4\u00e4st\u00e4v\u00e4 toimistop\u00f6yt\u00e4 teollisessa designissa, pelaamiseen, helppo koota, vintage-ruskea-musta LWD72X<\/p>\n","protected":false},"featured_media":44310,"comment_status":"open","ping_status":"closed","template":"","meta":[],"product_brand":[],"product_cat":[32],"product_tag":[],"class_list":{"0":"post-35769","1":"product","2":"type-product","3":"status-publish","4":"has-post-thumbnail","6":"product_cat-uncategorized-fi","8":"first","9":"instock","10":"shipping-taxable","11":"purchasable","12":"product-type-simple"},"_links":{"self":[{"href":"https:\/\/nordicmart.andreevmaster.com\/fi\/wp-json\/wp\/v2\/product\/35769","targetHints":{"allow":["GET"]}}],"collection":[{"href":"https:\/\/nordicmart.andreevmaster.com\/fi\/wp-json\/wp\/v2\/product"}],"about":[{"href":"https:\/\/nordicmart.andreevmaster.com\/fi\/wp-json\/wp\/v2\/types\/product"}],"replies":[{"embeddable":true,"href":"https:\/\/nordicmart.andreevmaster.com\/fi\/wp-json\/wp\/v2\/comments?post=35769"}],"wp:featuredmedia":[{"embeddable":true,"href":"https:\/\/nordicmart.andreevmaster.com\/fi\/wp-json\/wp\/v2\/media\/44310"}],"wp:attachment":[{"href":"https:\/\/nordicmart.andreevmaster.com\/fi\/wp-json\/wp\/v2\/media?parent=35769"}],"wp:term":[{"taxonomy":"product_brand","embeddable":true,"href":"https:\/\/nordicmart.andreevmaster.com\/fi\/wp-json\/wp\/v2\/product_brand?post=35769"},{"taxonomy":"product_cat","embeddable":true,"href":"https:\/\/nordicmart.andreevmaster.com\/fi\/wp-json\/wp\/v2\/product_cat?post=35769"},{"taxonomy":"product_tag","embeddable":true,"href":"https:\/\/nordicmart.andreevmaster.com\/fi\/wp-json\/wp\/v2\/product_tag?post=35769"}],"curies":[{"name":"wp","href":"https:\/\/api.w.org\/{rel}","templated":true}]}}