{"id":35767,"date":"2026-02-27T00:31:25","date_gmt":"2026-02-27T00:31:25","guid":{"rendered":"https:\/\/nordicmart.andreevmaster.com\/product\/vasagle-kulmainen-tyopoyta-vintage-ruskea\/"},"modified":"2026-02-27T09:49:49","modified_gmt":"2026-02-27T09:49:49","slug":"vasagle-kulmainen-tyopoyta-vintage-ruskea","status":"publish","type":"product","link":"https:\/\/nordicmart.andreevmaster.com\/fi\/tuote\/vasagle-kulmainen-tyopoyta-vintage-ruskea\/","title":{"rendered":"VASAGLE  kulmainen ty\u00f6p\u00f6yt\u00e4, vintage-ruskea"},"content":{"rendered":"<p>Ty\u00f6skentele tyylikk\u00e4\u00e4sti Istu ty\u00f6p\u00f6yd\u00e4n \u00e4\u00e4reen, joka tekee yht\u00e4 hyv\u00e4n vaikutuksen kuin ty\u00f6si. T\u00e4m\u00e4 teollisen muotoilun tietokonep\u00f6yt\u00e4 on varustettu mustalla metallirungolla ja vintage-pinnalla. L-muotoinen toimistokaluste (135L x 135B x 75H cm) sopii l\u00e4hes mihin tahansa toimistoon, jossa tarvitaan tilaa s\u00e4\u00e4st\u00e4v\u00e4\u00e4 vaihtoehtoa isoille ja k\u00f6mpel\u00f6ille ty\u00f6p\u00f6ydille. K\u00e4yt\u00e4 p\u00f6yt\u00e4\u00e4 kirjoittamiseen, ty\u00f6skentelyyn, pelaamiseen, opiskeluun tai muihin aktiviteetteihin, joista nautit.Paljon tilaa Vaikka t\u00e4m\u00e4 kulmap\u00f6yt\u00e4 on eritt\u00e4in tilaa s\u00e4\u00e4st\u00e4v\u00e4, se ei ole niukka s\u00e4ilytystilan suhteen. Aseta tietokoneen n\u00e4ytt\u00f6 toiselle puolelle, kannettava tietokone toiselle puolelle ja kirjat keskelle. \u00c4l\u00e4 my\u00f6sk\u00e4\u00e4n pelk\u00e4\u00e4 kaapeleiden sotkua! P\u00f6yd\u00e4n takaosassa on k\u00e4tev\u00e4 aukko kaikkien kaapeleiden j\u00e4rjest\u00e4miseen \u2013 jotta ty\u00f6p\u00f6yt\u00e4 pysyy siistin\u00e4! Tuotetiedot: &#8211; V\u00e4ri: vintage &#8211; Materiaali: lastulevy, rautakehys &#8211; Koko: 135 x 135 x 75 cm (P x L x K) &#8211; Paino: 23 kg &#8211; Maks. kuormituskyky: 50 kgToimitus sis\u00e4lt\u00e4\u00e4:- 1 x tietokonep\u00f6yt\u00e4- 1 x tarvikepussi- 1 x ohjeet (DE, EN, FR, ES, IT)VASAGLE-ohjeet:- Pid\u00e4 tuote poissa l\u00e4mm\u00f6n- ja palol\u00e4hteiden sek\u00e4 veden l\u00e4heisyydest\u00e4.<\/p>\n","protected":false},"excerpt":{"rendered":"<p>VASAGLE-tietokonep\u00f6yt\u00e4, L-muotoinen ty\u00f6p\u00f6yt\u00e4, kulmap\u00f6yt\u00e4, tilaa s\u00e4\u00e4st\u00e4v\u00e4 toimistop\u00f6yt\u00e4 teollisessa designissa, pelaamiseen, helppo koota, vintage, puun n\u00e4k\u00f6inen, vintage LWD71X<\/p>\n","protected":false},"featured_media":44308,"comment_status":"open","ping_status":"closed","template":"","meta":[],"product_brand":[],"product_cat":[32],"product_tag":[],"class_list":{"0":"post-35767","1":"product","2":"type-product","3":"status-publish","4":"has-post-thumbnail","6":"product_cat-uncategorized-fi","8":"first","9":"instock","10":"shipping-taxable","11":"purchasable","12":"product-type-simple"},"_links":{"self":[{"href":"https:\/\/nordicmart.andreevmaster.com\/fi\/wp-json\/wp\/v2\/product\/35767","targetHints":{"allow":["GET"]}}],"collection":[{"href":"https:\/\/nordicmart.andreevmaster.com\/fi\/wp-json\/wp\/v2\/product"}],"about":[{"href":"https:\/\/nordicmart.andreevmaster.com\/fi\/wp-json\/wp\/v2\/types\/product"}],"replies":[{"embeddable":true,"href":"https:\/\/nordicmart.andreevmaster.com\/fi\/wp-json\/wp\/v2\/comments?post=35767"}],"wp:featuredmedia":[{"embeddable":true,"href":"https:\/\/nordicmart.andreevmaster.com\/fi\/wp-json\/wp\/v2\/media\/44308"}],"wp:attachment":[{"href":"https:\/\/nordicmart.andreevmaster.com\/fi\/wp-json\/wp\/v2\/media?parent=35767"}],"wp:term":[{"taxonomy":"product_brand","embeddable":true,"href":"https:\/\/nordicmart.andreevmaster.com\/fi\/wp-json\/wp\/v2\/product_brand?post=35767"},{"taxonomy":"product_cat","embeddable":true,"href":"https:\/\/nordicmart.andreevmaster.com\/fi\/wp-json\/wp\/v2\/product_cat?post=35767"},{"taxonomy":"product_tag","embeddable":true,"href":"https:\/\/nordicmart.andreevmaster.com\/fi\/wp-json\/wp\/v2\/product_tag?post=35767"}],"curies":[{"name":"wp","href":"https:\/\/api.w.org\/{rel}","templated":true}]}}