{"id":35765,"date":"2026-02-27T00:31:25","date_gmt":"2026-02-27T00:31:25","guid":{"rendered":"https:\/\/nordicmart.andreevmaster.com\/product\/vasagle-tyylikas-tyopoyta-teollinen-muotoilu\/"},"modified":"2026-02-27T09:49:48","modified_gmt":"2026-02-27T09:49:48","slug":"vasagle-tyylikas-tyopoyta-teollinen-muotoilu","status":"publish","type":"product","link":"https:\/\/nordicmart.andreevmaster.com\/fi\/tuote\/vasagle-tyylikas-tyopoyta-teollinen-muotoilu\/","title":{"rendered":"VASAGLE Tyylik\u00e4s ty\u00f6p\u00f6yt\u00e4 Teollinen muotoilu"},"content":{"rendered":"<p>VASAGLE tietokonep\u00f6yt\u00e4, iso ty\u00f6p\u00f6yt\u00e4, PC-p\u00f6yt\u00e4, toimistop\u00f6yt\u00e4, ty\u00f6p\u00f6yt\u00e4 kotitoimistoon ja toimistoon, s\u00e4\u00e4dett\u00e4v\u00e4t lattiakiskot, helppo asentaa, 120 x 76 x 60 cm, puunv\u00e4rit, valkoinen LWD64N<\/p>\n","protected":false},"excerpt":{"rendered":"<p>VASAGLE tietokonep\u00f6yt\u00e4, iso ty\u00f6p\u00f6yt\u00e4, PC-p\u00f6yt\u00e4, toimistop\u00f6yt\u00e4, ty\u00f6p\u00f6yt\u00e4 kotitoimistoon ja toimistoon, s\u00e4\u00e4dett\u00e4v\u00e4t lattiakiskot, helppo asentaa, 120 x 76 x 60 cm, puunv\u00e4rit, valkoinen LWD64N<\/p>\n","protected":false},"featured_media":44306,"comment_status":"open","ping_status":"closed","template":"","meta":[],"product_brand":[],"product_cat":[32],"product_tag":[],"class_list":{"0":"post-35765","1":"product","2":"type-product","3":"status-publish","4":"has-post-thumbnail","6":"product_cat-uncategorized-fi","8":"first","9":"instock","10":"shipping-taxable","11":"purchasable","12":"product-type-simple"},"_links":{"self":[{"href":"https:\/\/nordicmart.andreevmaster.com\/fi\/wp-json\/wp\/v2\/product\/35765","targetHints":{"allow":["GET"]}}],"collection":[{"href":"https:\/\/nordicmart.andreevmaster.com\/fi\/wp-json\/wp\/v2\/product"}],"about":[{"href":"https:\/\/nordicmart.andreevmaster.com\/fi\/wp-json\/wp\/v2\/types\/product"}],"replies":[{"embeddable":true,"href":"https:\/\/nordicmart.andreevmaster.com\/fi\/wp-json\/wp\/v2\/comments?post=35765"}],"wp:featuredmedia":[{"embeddable":true,"href":"https:\/\/nordicmart.andreevmaster.com\/fi\/wp-json\/wp\/v2\/media\/44306"}],"wp:attachment":[{"href":"https:\/\/nordicmart.andreevmaster.com\/fi\/wp-json\/wp\/v2\/media?parent=35765"}],"wp:term":[{"taxonomy":"product_brand","embeddable":true,"href":"https:\/\/nordicmart.andreevmaster.com\/fi\/wp-json\/wp\/v2\/product_brand?post=35765"},{"taxonomy":"product_cat","embeddable":true,"href":"https:\/\/nordicmart.andreevmaster.com\/fi\/wp-json\/wp\/v2\/product_cat?post=35765"},{"taxonomy":"product_tag","embeddable":true,"href":"https:\/\/nordicmart.andreevmaster.com\/fi\/wp-json\/wp\/v2\/product_tag?post=35765"}],"curies":[{"name":"wp","href":"https:\/\/api.w.org\/{rel}","templated":true}]}}