{"id":35763,"date":"2026-02-27T00:31:24","date_gmt":"2026-02-27T00:31:24","guid":{"rendered":"https:\/\/nordicmart.andreevmaster.com\/product\/vasagle-moderni-tietokonepoyta-musta-valkoinen\/"},"modified":"2026-02-27T09:49:48","modified_gmt":"2026-02-27T09:49:48","slug":"vasagle-moderni-tietokonepoyta-musta-valkoinen","status":"publish","type":"product","link":"https:\/\/nordicmart.andreevmaster.com\/fi\/tuote\/vasagle-moderni-tietokonepoyta-musta-valkoinen\/","title":{"rendered":"VASAGLE Moderni tietokonep\u00f6yt\u00e4, musta-valkoinen"},"content":{"rendered":"<p>Olipa kyseess\u00e4 koti, toimisto, ty\u00f6 tai tietokonepelit, sopiva tietokonep\u00f6yt\u00e4 on eritt\u00e4in t\u00e4rke\u00e4. VASAGLE-tietokonep\u00f6yt\u00e4 on onnistunut yhdistelm\u00e4 yksinkertaista ulkon\u00e4k\u00f6\u00e4 ja monipuolista toiminnallisuutta, joka luo kotiisi viihtyis\u00e4n ja kodikkaan tunnelman. Se sopii tietokonep\u00f6yd\u00e4ksi, toimistop\u00f6yd\u00e4ksi, kirjoitusp\u00f6yd\u00e4ksi ja jopa ruokap\u00f6yd\u00e4ksi ruokasalissa. Ruostumaton metallirunko ja 25 mm paksu p\u00f6yt\u00e4levy takaavat pitk\u00e4n k\u00e4ytt\u00f6i\u00e4n. Suuren p\u00f6yt\u00e4levyn ansiosta kaikki paperit ja kirjat mahtuvat helposti p\u00f6yd\u00e4lle, mik\u00e4 takaa tarvittavan yleiskuvan. Nelj\u00e4n s\u00e4\u00e4dett\u00e4v\u00e4n jalkasuojan ansiosta p\u00f6yt\u00e4 seisoo vakaasti lattialla ja samalla suojaa lattiaa naarmuilta. Ty\u00f6skentele ja opiskele rennosti t\u00e4m\u00e4n VASAGLE-p\u00f6yd\u00e4n \u00e4\u00e4ress\u00e4! Tuotetiedot: &#8211; V\u00e4ri: musta + valkoinen  &#8211; Materiaali: lastulevy, metalli &#8211; Asennus vaaditaan: kyll\u00e4 &#8211; Mitat: 120 x 76 x 60 cm (L x K x S) &#8211; Kantavuus: 50 kg &#8211; Paino: 20,3 kg Toimitus sis\u00e4lt\u00e4\u00e4: &#8211; 1 x tietokonep\u00f6yt\u00e4 &#8211; 1 x ohjeet (DE, EN, FR, IT, ES) &#8211; 1 x lis\u00e4varustepussi  Huomautukset: &#8211; V\u00e4lt\u00e4 altistamasta p\u00f6yt\u00e4\u00e4 suoralle auringonvalolle.  &#8211; P\u00f6yt\u00e4 ei saa joutua kosketuksiin ter\u00e4vien esineiden kanssa.<\/p>\n","protected":false},"excerpt":{"rendered":"<p>VASAGLE tietokonep\u00f6yt\u00e4, iso ty\u00f6p\u00f6yt\u00e4, PC-p\u00f6yt\u00e4, toimistop\u00f6yt\u00e4, ty\u00f6p\u00f6yt\u00e4 kotitoimistoon ja toimistoon, s\u00e4\u00e4dett\u00e4v\u00e4t lattiakiskot, helppo asentaa, 120 x 76 x 60 cm, puunv\u00e4rit, valkoinen LWD64N<\/p>\n","protected":false},"featured_media":44304,"comment_status":"open","ping_status":"closed","template":"","meta":[],"product_brand":[],"product_cat":[32],"product_tag":[],"class_list":{"0":"post-35763","1":"product","2":"type-product","3":"status-publish","4":"has-post-thumbnail","6":"product_cat-uncategorized-fi","8":"first","9":"instock","10":"shipping-taxable","11":"purchasable","12":"product-type-simple"},"_links":{"self":[{"href":"https:\/\/nordicmart.andreevmaster.com\/fi\/wp-json\/wp\/v2\/product\/35763","targetHints":{"allow":["GET"]}}],"collection":[{"href":"https:\/\/nordicmart.andreevmaster.com\/fi\/wp-json\/wp\/v2\/product"}],"about":[{"href":"https:\/\/nordicmart.andreevmaster.com\/fi\/wp-json\/wp\/v2\/types\/product"}],"replies":[{"embeddable":true,"href":"https:\/\/nordicmart.andreevmaster.com\/fi\/wp-json\/wp\/v2\/comments?post=35763"}],"wp:featuredmedia":[{"embeddable":true,"href":"https:\/\/nordicmart.andreevmaster.com\/fi\/wp-json\/wp\/v2\/media\/44304"}],"wp:attachment":[{"href":"https:\/\/nordicmart.andreevmaster.com\/fi\/wp-json\/wp\/v2\/media?parent=35763"}],"wp:term":[{"taxonomy":"product_brand","embeddable":true,"href":"https:\/\/nordicmart.andreevmaster.com\/fi\/wp-json\/wp\/v2\/product_brand?post=35763"},{"taxonomy":"product_cat","embeddable":true,"href":"https:\/\/nordicmart.andreevmaster.com\/fi\/wp-json\/wp\/v2\/product_cat?post=35763"},{"taxonomy":"product_tag","embeddable":true,"href":"https:\/\/nordicmart.andreevmaster.com\/fi\/wp-json\/wp\/v2\/product_tag?post=35763"}],"curies":[{"name":"wp","href":"https:\/\/api.w.org\/{rel}","templated":true}]}}