{"id":35757,"date":"2026-02-27T00:31:22","date_gmt":"2026-02-27T00:31:22","guid":{"rendered":"https:\/\/nordicmart.andreevmaster.com\/product\/vasagle-tietokonepoyta-4-hyllya\/"},"modified":"2026-02-27T09:49:46","modified_gmt":"2026-02-27T09:49:46","slug":"vasagle-tietokonepoyta-4-hyllya","status":"publish","type":"product","link":"https:\/\/nordicmart.andreevmaster.com\/fi\/tuote\/vasagle-tietokonepoyta-4-hyllya\/","title":{"rendered":"VASAGLE-tietokonep\u00f6yt\u00e4, 4 hylly\u00e4"},"content":{"rendered":"<p>Tuotetiedot: &#8211; V\u00e4ri: vintage-ruskea-musta &#8211; Materiaali: lastulevy, ter\u00e4s &#8211; Koko: 137 x 55 x 75 cm (P x L x K) &#8211; Paino: 21,7 kg &#8211; Maks. staattinen kantavuus: 50 kgToimitus sis\u00e4lt\u00e4\u00e4:- 1 x ty\u00f6p\u00f6yt\u00e4- 1 x lis\u00e4varustepaketti- 1 x ohjeet (DE, EN, FR, ES, IT)VASAGLE Huomautukset:- Turvallisuussyist\u00e4 lapset eiv\u00e4t saa kiivet\u00e4 tuotteelle tai leikki\u00e4 sill\u00e4.<\/p>\n","protected":false},"excerpt":{"rendered":"<p>VASAGLE Kirjoitusp\u00f6yt\u00e4, tietokonep\u00f6yt\u00e4, toimistop\u00f6yt\u00e4, 4 hylly\u00e4, suuri p\u00f6yt\u00e4pinta, ty\u00f6huone, kotitoimisto, teollinen muotoilu, vintage-ruskea-musta LWD54X<\/p>\n","protected":false},"featured_media":44298,"comment_status":"open","ping_status":"closed","template":"","meta":[],"product_brand":[],"product_cat":[32],"product_tag":[],"class_list":{"0":"post-35757","1":"product","2":"type-product","3":"status-publish","4":"has-post-thumbnail","6":"product_cat-uncategorized-fi","8":"first","9":"instock","10":"shipping-taxable","11":"purchasable","12":"product-type-simple"},"_links":{"self":[{"href":"https:\/\/nordicmart.andreevmaster.com\/fi\/wp-json\/wp\/v2\/product\/35757","targetHints":{"allow":["GET"]}}],"collection":[{"href":"https:\/\/nordicmart.andreevmaster.com\/fi\/wp-json\/wp\/v2\/product"}],"about":[{"href":"https:\/\/nordicmart.andreevmaster.com\/fi\/wp-json\/wp\/v2\/types\/product"}],"replies":[{"embeddable":true,"href":"https:\/\/nordicmart.andreevmaster.com\/fi\/wp-json\/wp\/v2\/comments?post=35757"}],"wp:featuredmedia":[{"embeddable":true,"href":"https:\/\/nordicmart.andreevmaster.com\/fi\/wp-json\/wp\/v2\/media\/44298"}],"wp:attachment":[{"href":"https:\/\/nordicmart.andreevmaster.com\/fi\/wp-json\/wp\/v2\/media?parent=35757"}],"wp:term":[{"taxonomy":"product_brand","embeddable":true,"href":"https:\/\/nordicmart.andreevmaster.com\/fi\/wp-json\/wp\/v2\/product_brand?post=35757"},{"taxonomy":"product_cat","embeddable":true,"href":"https:\/\/nordicmart.andreevmaster.com\/fi\/wp-json\/wp\/v2\/product_cat?post=35757"},{"taxonomy":"product_tag","embeddable":true,"href":"https:\/\/nordicmart.andreevmaster.com\/fi\/wp-json\/wp\/v2\/product_tag?post=35757"}],"curies":[{"name":"wp","href":"https:\/\/api.w.org\/{rel}","templated":true}]}}