{"id":35754,"date":"2026-02-27T00:31:21","date_gmt":"2026-02-27T00:31:21","guid":{"rendered":"https:\/\/nordicmart.andreevmaster.com\/product\/vasagle-teollisuushenkinen-tyopoyta\/"},"modified":"2026-02-27T09:49:45","modified_gmt":"2026-02-27T09:49:45","slug":"vasagle-teollisuushenkinen-tyopoyta","status":"publish","type":"product","link":"https:\/\/nordicmart.andreevmaster.com\/fi\/tuote\/vasagle-teollisuushenkinen-tyopoyta\/","title":{"rendered":"VASAGLE teollisuushenkinen ty\u00f6p\u00f6yt\u00e4"},"content":{"rendered":"<p>Ole tuottelias, mutta tyylikk\u00e4\u00e4sti! Anna ty\u00f6p\u00f6yd\u00e4llesi yht\u00e4 hyv\u00e4 ulkon\u00e4k\u00f6 kuin ty\u00f6ll\u00e4si. Sijoita t\u00e4m\u00e4 VASAGLE:n vintage-ty\u00f6p\u00f6yt\u00e4 toimistoosi, makuuhuoneeseesi, olohuoneeseesi, ty\u00f6huoneeseesi tai yksinkertaisesti sinne, miss\u00e4 olet tuotteliain. Tietokonep\u00f6yt\u00e4 vakuuttaa paitsi tyylikk\u00e4\u00e4ll\u00e4 muotoilullaan my\u00f6s tukevalla 1,2 mm paksulla rautakehyksell\u00e4 ja kest\u00e4v\u00e4ll\u00e4 puulevyll\u00e4. Vasen vai oikea? P\u00e4\u00e4t\u00f6s on sinun! T\u00e4ss\u00e4 ty\u00f6p\u00f6yd\u00e4ss\u00e4 on kaksi hyllytasoa, joita voi k\u00e4ytt\u00e4\u00e4 joko oikealla tai vasemmalla puolella, aivan kuten haluat! K\u00e4\u00e4nn\u00e4 p\u00f6yt\u00e4 vain ymp\u00e4ri ja asenna poikkipalkki alaosaan takapuolelle. Aseta sen p\u00e4\u00e4lle koriste-esineit\u00e4, kirjoja, asiakirjoja tai t\u00e4rkeit\u00e4 muistiinpanoja, jotta ne ovat nopeasti ja helposti saatavilla. Jos sinulla on tietokone, jossa on ulkoinen asema, voit poistaa ylemm\u00e4n hyllytason ja asettaa aseman alemmalle hyllylle. \u00c4l\u00e4 pelk\u00e4\u00e4 kokoonpanoa. Ohjeemme ovat helppotajuisia ja toimitamme tarvittavat ty\u00f6kalut mukana. Jos pid\u00e4t t\u00e4m\u00e4n ty\u00f6p\u00f6yd\u00e4n vintage-tyylist\u00e4, tutustu my\u00f6s muihin VASAGLE-huonekalusarjan tuotteisiin. Tuotetiedot:V\u00e4ri: vintage-ruskea-musta Materiaali: lastulevy, ter\u00e4s Koko: 60 x 120 x 75 cm (S x L x K) Paino: 18,8 kg Toimitus sis\u00e4lt\u00e4\u00e4: 1 x ty\u00f6p\u00f6yt\u00e4 1 x lis\u00e4varustepaketti 1 x ohjeet VASAGLE-ohjeet: Turvallisuussyist\u00e4 lapset eiv\u00e4t saa kiivet\u00e4 tuotteelle tai leikki\u00e4 sill\u00e4.<\/p>\n","protected":false},"excerpt":{"rendered":"<p>VASAGLE Kirjoitusp\u00f6yt\u00e4, tietokonep\u00f6yt\u00e4, PC-p\u00f6yt\u00e4, toimistop\u00f6yt\u00e4, jossa 2 hyllytasoa oikealla tai vasemmalla, ty\u00f6p\u00f6yt\u00e4 toimistoon, olohuoneeseen, helppo asentaa, teollinen muotoilu, vintage-ruskea-musta LWD47X<\/p>\n","protected":false},"featured_media":44295,"comment_status":"open","ping_status":"closed","template":"","meta":[],"product_brand":[],"product_cat":[32],"product_tag":[],"class_list":{"0":"post-35754","1":"product","2":"type-product","3":"status-publish","4":"has-post-thumbnail","6":"product_cat-uncategorized-fi","8":"first","9":"instock","10":"shipping-taxable","11":"purchasable","12":"product-type-simple"},"_links":{"self":[{"href":"https:\/\/nordicmart.andreevmaster.com\/fi\/wp-json\/wp\/v2\/product\/35754","targetHints":{"allow":["GET"]}}],"collection":[{"href":"https:\/\/nordicmart.andreevmaster.com\/fi\/wp-json\/wp\/v2\/product"}],"about":[{"href":"https:\/\/nordicmart.andreevmaster.com\/fi\/wp-json\/wp\/v2\/types\/product"}],"replies":[{"embeddable":true,"href":"https:\/\/nordicmart.andreevmaster.com\/fi\/wp-json\/wp\/v2\/comments?post=35754"}],"wp:featuredmedia":[{"embeddable":true,"href":"https:\/\/nordicmart.andreevmaster.com\/fi\/wp-json\/wp\/v2\/media\/44295"}],"wp:attachment":[{"href":"https:\/\/nordicmart.andreevmaster.com\/fi\/wp-json\/wp\/v2\/media?parent=35754"}],"wp:term":[{"taxonomy":"product_brand","embeddable":true,"href":"https:\/\/nordicmart.andreevmaster.com\/fi\/wp-json\/wp\/v2\/product_brand?post=35754"},{"taxonomy":"product_cat","embeddable":true,"href":"https:\/\/nordicmart.andreevmaster.com\/fi\/wp-json\/wp\/v2\/product_cat?post=35754"},{"taxonomy":"product_tag","embeddable":true,"href":"https:\/\/nordicmart.andreevmaster.com\/fi\/wp-json\/wp\/v2\/product_tag?post=35754"}],"curies":[{"name":"wp","href":"https:\/\/api.w.org\/{rel}","templated":true}]}}