{"id":35753,"date":"2026-02-27T00:31:21","date_gmt":"2026-02-27T00:31:21","guid":{"rendered":"https:\/\/nordicmart.andreevmaster.com\/product\/vasagle-yksinkertainen-tyopoyta-valkoinen-luonnonvari\/"},"modified":"2026-02-27T09:49:45","modified_gmt":"2026-02-27T09:49:45","slug":"vasagle-yksinkertainen-tyopoyta-valkoinen-luonnonvari","status":"publish","type":"product","link":"https:\/\/nordicmart.andreevmaster.com\/fi\/tuote\/vasagle-yksinkertainen-tyopoyta-valkoinen-luonnonvari\/","title":{"rendered":"VASAGLE yksinkertainen ty\u00f6p\u00f6yt\u00e4 valkoinen-luonnonv\u00e4ri"},"content":{"rendered":"<p>Ole tuottelias, mutta tyylikk\u00e4\u00e4sti! Anna ty\u00f6p\u00f6yd\u00e4llesi yht\u00e4 hyv\u00e4 ulkon\u00e4k\u00f6 kuin ty\u00f6llesi. Sijoita t\u00e4m\u00e4 moderni VASAGLE-p\u00f6yt\u00e4 toimistoosi, makuuhuoneeseesi, olohuoneeseesi, ty\u00f6huoneeseesi tai yksinkertaisesti sinne, miss\u00e4 olet tuotteliain. Tietokonep\u00f6yt\u00e4 vakuuttaa paitsi tyylikk\u00e4\u00e4ll\u00e4 muotoilullaan my\u00f6s tukevalla 1,2 mm paksulla rautakehyksell\u00e4 ja kest\u00e4v\u00e4ll\u00e4 lastulevyll\u00e4.Vasen vai oikea? P\u00e4\u00e4t\u00f6s on sinun! T\u00e4ss\u00e4 ty\u00f6p\u00f6yd\u00e4ss\u00e4 on kaksi hyllytasoa, jotka voidaan asentaa joko oikealle tai vasemmalle puolelle, aivan kuten haluat! Aseta niille koriste-esineit\u00e4, kirjoja, asiakirjoja tai t\u00e4rkeit\u00e4 muistiinpanoja, jotta ne ovat mahdollisimman nopeasti ja helposti saatavilla. Jos sinulla on tietokone, jossa on ulkoinen asema, voit poistaa ylemm\u00e4n hyllytason ja asettaa aseman alemmalle hyllylle. \u00c4l\u00e4 pelk\u00e4\u00e4 kokoonpanoa. Ohjeemme on helppo ymm\u00e4rt\u00e4\u00e4 ja toimitamme tarvittavat ty\u00f6kalut mukana. Tuotetiedot: &#8211; V\u00e4ri: puunsyykuvio, valkoinen &#8211; Materiaali: lastulevy, metalli &#8211; Koko: 120 x 60 x 75 cm (P x L x K) &#8211; Paino: 20,5 kg Toimitus sis\u00e4lt\u00e4\u00e4: &#8211; 1 x ty\u00f6p\u00f6yt\u00e4 &#8211; 1 x asennusty\u00f6kalu &#8211; 1 x tarvikepussi &#8211; 1 x ohjeet (DE, EN, FR, ES, IT) VASAGLE Huomautukset:- Pid\u00e4 tuote kaukana tulen l\u00e4hteist\u00e4. &#8211; \u00c4l\u00e4 aseta kuumia esineit\u00e4 p\u00f6yd\u00e4n pinnalle. &#8211; V\u00e4lt\u00e4 tuotteen pitk\u00e4aikaista kosketusta veden kanssa. &#8211; Pid\u00e4 p\u00f6yt\u00e4 kaukana ter\u00e4vist\u00e4 ja ter\u00e4vist\u00e4 esineist\u00e4.<\/p>\n","protected":false},"excerpt":{"rendered":"<p>VASAGLE Kirjoitusp\u00f6yt\u00e4, tietokonep\u00f6yt\u00e4, PC-p\u00f6yt\u00e4, toimistop\u00f6yt\u00e4, jossa 2 hyllytasoa oikealla tai vasemmalla, ty\u00f6p\u00f6yt\u00e4 toimistoon, olohuoneeseen, helppo asentaa, teollinen muotoilu, vintage-ruskea-musta LWD47X<\/p>\n","protected":false},"featured_media":44294,"comment_status":"open","ping_status":"closed","template":"","meta":[],"product_brand":[],"product_cat":[32],"product_tag":[],"class_list":{"0":"post-35753","1":"product","2":"type-product","3":"status-publish","4":"has-post-thumbnail","6":"product_cat-uncategorized-fi","8":"first","9":"instock","10":"shipping-taxable","11":"purchasable","12":"product-type-simple"},"_links":{"self":[{"href":"https:\/\/nordicmart.andreevmaster.com\/fi\/wp-json\/wp\/v2\/product\/35753","targetHints":{"allow":["GET"]}}],"collection":[{"href":"https:\/\/nordicmart.andreevmaster.com\/fi\/wp-json\/wp\/v2\/product"}],"about":[{"href":"https:\/\/nordicmart.andreevmaster.com\/fi\/wp-json\/wp\/v2\/types\/product"}],"replies":[{"embeddable":true,"href":"https:\/\/nordicmart.andreevmaster.com\/fi\/wp-json\/wp\/v2\/comments?post=35753"}],"wp:featuredmedia":[{"embeddable":true,"href":"https:\/\/nordicmart.andreevmaster.com\/fi\/wp-json\/wp\/v2\/media\/44294"}],"wp:attachment":[{"href":"https:\/\/nordicmart.andreevmaster.com\/fi\/wp-json\/wp\/v2\/media?parent=35753"}],"wp:term":[{"taxonomy":"product_brand","embeddable":true,"href":"https:\/\/nordicmart.andreevmaster.com\/fi\/wp-json\/wp\/v2\/product_brand?post=35753"},{"taxonomy":"product_cat","embeddable":true,"href":"https:\/\/nordicmart.andreevmaster.com\/fi\/wp-json\/wp\/v2\/product_cat?post=35753"},{"taxonomy":"product_tag","embeddable":true,"href":"https:\/\/nordicmart.andreevmaster.com\/fi\/wp-json\/wp\/v2\/product_tag?post=35753"}],"curies":[{"name":"wp","href":"https:\/\/api.w.org\/{rel}","templated":true}]}}