{"id":35750,"date":"2026-02-27T00:31:20","date_gmt":"2026-02-27T00:31:20","guid":{"rendered":"https:\/\/nordicmart.andreevmaster.com\/product\/vasagle-tietokonepoyta-50-x-100-x-75-cm\/"},"modified":"2026-02-27T09:49:44","modified_gmt":"2026-02-27T09:49:44","slug":"vasagle-tietokonepoyta-50-x-100-x-75-cm","status":"publish","type":"product","link":"https:\/\/nordicmart.andreevmaster.com\/fi\/tuote\/vasagle-tietokonepoyta-50-x-100-x-75-cm\/","title":{"rendered":"VASAGLE-tietokonep\u00f6yt\u00e4 50 x 100 x 75 cm"},"content":{"rendered":"<p>VASAGLE Kirjoitusp\u00f6yt\u00e4, tietokonep\u00f6yt\u00e4, kapea toimistop\u00f6yt\u00e4, 100 x 50 x 75 cm, ty\u00f6huone, kotitoimisto, toimisto, helppo koota, metalli, teollinen muotoilu, vintage-ruskea-musta LWD41X<br \/>\n&#8211; V\u00e4ri: vintage-ruskea-musta<br \/>\n&#8211; Materiaali: lastulevy, ter\u00e4s<br \/>\n&#8211; Koko: 50 x 100 x 75 cm (S x L x K)<br \/>\n&#8211; Paino: 10 kg<br \/>\n&#8211; Maks. staattinen kantavuus: 50 kg<\/p>\n","protected":false},"excerpt":{"rendered":"<p>VASAGLE Kirjoitusp\u00f6yt\u00e4, tietokonep\u00f6yt\u00e4, kapea toimistop\u00f6yt\u00e4, 100 x 50 x 75 cm, ty\u00f6huone, kotitoimisto, toimisto, helppo koota, metalli, teollinen muotoilu, vintage-ruskea-musta LWD41X<\/p>\n","protected":false},"featured_media":44291,"comment_status":"open","ping_status":"closed","template":"","meta":[],"product_brand":[],"product_cat":[32],"product_tag":[],"class_list":{"0":"post-35750","1":"product","2":"type-product","3":"status-publish","4":"has-post-thumbnail","6":"product_cat-uncategorized-fi","8":"first","9":"instock","10":"shipping-taxable","11":"purchasable","12":"product-type-simple"},"_links":{"self":[{"href":"https:\/\/nordicmart.andreevmaster.com\/fi\/wp-json\/wp\/v2\/product\/35750","targetHints":{"allow":["GET"]}}],"collection":[{"href":"https:\/\/nordicmart.andreevmaster.com\/fi\/wp-json\/wp\/v2\/product"}],"about":[{"href":"https:\/\/nordicmart.andreevmaster.com\/fi\/wp-json\/wp\/v2\/types\/product"}],"replies":[{"embeddable":true,"href":"https:\/\/nordicmart.andreevmaster.com\/fi\/wp-json\/wp\/v2\/comments?post=35750"}],"wp:featuredmedia":[{"embeddable":true,"href":"https:\/\/nordicmart.andreevmaster.com\/fi\/wp-json\/wp\/v2\/media\/44291"}],"wp:attachment":[{"href":"https:\/\/nordicmart.andreevmaster.com\/fi\/wp-json\/wp\/v2\/media?parent=35750"}],"wp:term":[{"taxonomy":"product_brand","embeddable":true,"href":"https:\/\/nordicmart.andreevmaster.com\/fi\/wp-json\/wp\/v2\/product_brand?post=35750"},{"taxonomy":"product_cat","embeddable":true,"href":"https:\/\/nordicmart.andreevmaster.com\/fi\/wp-json\/wp\/v2\/product_cat?post=35750"},{"taxonomy":"product_tag","embeddable":true,"href":"https:\/\/nordicmart.andreevmaster.com\/fi\/wp-json\/wp\/v2\/product_tag?post=35750"}],"curies":[{"name":"wp","href":"https:\/\/api.w.org\/{rel}","templated":true}]}}