{"id":35749,"date":"2026-02-27T00:31:20","date_gmt":"2026-02-27T00:31:20","guid":{"rendered":"https:\/\/nordicmart.andreevmaster.com\/product\/vasagle-industrial-tyopoyta-100-x-50-cm-tilaa-saastava\/"},"modified":"2026-02-27T09:49:44","modified_gmt":"2026-02-27T09:49:44","slug":"vasagle-industrial-tyopoyta-100-x-50-cm-tilaa-saastava","status":"publish","type":"product","link":"https:\/\/nordicmart.andreevmaster.com\/fi\/tuote\/vasagle-industrial-tyopoyta-100-x-50-cm-tilaa-saastava\/","title":{"rendered":"VASAGLE Industrial -ty\u00f6p\u00f6yt\u00e4 100 x 50 cm, tilaa s\u00e4\u00e4st\u00e4v\u00e4"},"content":{"rendered":"<p>VASAGLE:n luovat p\u00e4\u00e4t ovat ottaneet teht\u00e4v\u00e4kseen luoda tyylikk\u00e4it\u00e4 huonekaluja, jotka ovat toiminnallisia, vakaita ja erinomaisen hinta-laatusuhteisia.  N\u00e4in syntyi my\u00f6s t\u00e4m\u00e4 teollisuustyylinen ty\u00f6p\u00f6yt\u00e4, joka on kaikkea muuta kuin tyls\u00e4, mutta silti toiminnallinen, kiitos rautaisen rungon ja vakaan vintage-tyylisen puulevyn yhdistelm\u00e4n. Varusta toimistosi asianmukaisesti Kun pienet toimistotilat tai ty\u00f6huoneet ovat t\u00e4ynn\u00e4 yhteensopimattomia huonekaluja eik\u00e4 tulostimelle l\u00f6ydy omaa paikkaa, on korkea aika hankkia uudet toimistokalusteet. T\u00e4m\u00e4n ty\u00f6p\u00f6yd\u00e4n avulla saat ensimm\u00e4isen edustavan huonekalun, joka sopii erityisen hyvin ahtaisiin tiloihin. Trendikk\u00e4\u00e4n teollisen muotoilun ansiosta se tuo j\u00e4rjestyst\u00e4 jokaiseen ty\u00f6huoneeseen. Jos haluat uudistaa toimistosi tai varustaa sen alusta alkaen, tarvitset enemm\u00e4n kuin vain t\u00e4m\u00e4n ty\u00f6p\u00f6yd\u00e4n. Tutustu siksi my\u00f6s muihin VASAGLE-toimistokalusteisiin. Tuotetiedot: &#8211; V\u00e4ri: vintage-ruskea-musta &#8211; Materiaali: lastulevy, ter\u00e4s &#8211; Koko: 100 x 50 x 75 cm (P x L x K) &#8211; Paino: 11,3 kg &#8211; Maks. kantavuus: 50 kg Toimitus sis\u00e4lt\u00e4\u00e4: &#8211; 1 x ty\u00f6p\u00f6yt\u00e4 &#8211; 1 x lis\u00e4varustepussi &#8211; 1 x asennusty\u00f6kalu &#8211; 1 x ohjeet (DE, EN, FR, ES, IT) VASAGLE Huomautukset: &#8211; Pid\u00e4 tuote poissa tulen ja veden l\u00e4hteist\u00e4.<\/p>\n","protected":false},"excerpt":{"rendered":"<p>VASAGLE Kirjoitusp\u00f6yt\u00e4, tietokonep\u00f6yt\u00e4, kotitoimisto, toimisto, ty\u00f6huone, olohuone, vakaa, tilaa s\u00e4\u00e4st\u00e4v\u00e4, helppo koota, 100 x 50 x 75 cm, teollinen muotoilu, vintage-ruskea-musta LWD40X<\/p>\n","protected":false},"featured_media":44290,"comment_status":"open","ping_status":"closed","template":"","meta":[],"product_brand":[],"product_cat":[32],"product_tag":[],"class_list":{"0":"post-35749","1":"product","2":"type-product","3":"status-publish","4":"has-post-thumbnail","6":"product_cat-uncategorized-fi","8":"first","9":"instock","10":"shipping-taxable","11":"purchasable","12":"product-type-simple"},"_links":{"self":[{"href":"https:\/\/nordicmart.andreevmaster.com\/fi\/wp-json\/wp\/v2\/product\/35749","targetHints":{"allow":["GET"]}}],"collection":[{"href":"https:\/\/nordicmart.andreevmaster.com\/fi\/wp-json\/wp\/v2\/product"}],"about":[{"href":"https:\/\/nordicmart.andreevmaster.com\/fi\/wp-json\/wp\/v2\/types\/product"}],"replies":[{"embeddable":true,"href":"https:\/\/nordicmart.andreevmaster.com\/fi\/wp-json\/wp\/v2\/comments?post=35749"}],"wp:featuredmedia":[{"embeddable":true,"href":"https:\/\/nordicmart.andreevmaster.com\/fi\/wp-json\/wp\/v2\/media\/44290"}],"wp:attachment":[{"href":"https:\/\/nordicmart.andreevmaster.com\/fi\/wp-json\/wp\/v2\/media?parent=35749"}],"wp:term":[{"taxonomy":"product_brand","embeddable":true,"href":"https:\/\/nordicmart.andreevmaster.com\/fi\/wp-json\/wp\/v2\/product_brand?post=35749"},{"taxonomy":"product_cat","embeddable":true,"href":"https:\/\/nordicmart.andreevmaster.com\/fi\/wp-json\/wp\/v2\/product_cat?post=35749"},{"taxonomy":"product_tag","embeddable":true,"href":"https:\/\/nordicmart.andreevmaster.com\/fi\/wp-json\/wp\/v2\/product_tag?post=35749"}],"curies":[{"name":"wp","href":"https:\/\/api.w.org\/{rel}","templated":true}]}}