{"id":35743,"date":"2026-02-27T00:31:18","date_gmt":"2026-02-27T00:31:18","guid":{"rendered":"https:\/\/nordicmart.andreevmaster.com\/product\/vasagle-kirjoituspoyta-pistorasioilla-100-x-60-x-76-cm-musta-puukuviolla\/"},"modified":"2026-02-27T09:49:42","modified_gmt":"2026-02-27T09:49:42","slug":"vasagle-kirjoituspoyta-pistorasioilla-100-x-60-x-76-cm-musta-puukuviolla","status":"publish","type":"product","link":"https:\/\/nordicmart.andreevmaster.com\/fi\/tuote\/vasagle-kirjoituspoyta-pistorasioilla-100-x-60-x-76-cm-musta-puukuviolla\/","title":{"rendered":"VASAGLE Kirjoitusp\u00f6yt\u00e4 pistorasioilla 100 x 60 x 76 cm musta puukuviolla"},"content":{"rendered":"<p>VASAGLE-pelip\u00f6yt\u00e4 LED-valaistuksella, ty\u00f6p\u00f6yt\u00e4 sis\u00e4\u00e4nrakennetulla pistorasialistalla, tietokonep\u00f6yt\u00e4, monitoriteline 2 monitorille, makuuhuone<br \/>\nMitat: 60 x 100 x 76 cm (S x L x K)<br \/>\nV\u00e4ri: klassinen musta<br \/>\nMaks. staattinen kantavuus: 100 kg<\/p>\n","protected":false},"excerpt":{"rendered":"<p>VASAGLE-pelip\u00f6yt\u00e4 LED-valaistuksella, ty\u00f6p\u00f6yt\u00e4 sis\u00e4\u00e4nrakennetulla pistorasialistalla, tietokonep\u00f6yt\u00e4, monitoriteline 2 monitorille, makuuhuone<\/p>\n","protected":false},"featured_media":44284,"comment_status":"open","ping_status":"closed","template":"","meta":[],"product_brand":[],"product_cat":[32],"product_tag":[],"class_list":{"0":"post-35743","1":"product","2":"type-product","3":"status-publish","4":"has-post-thumbnail","6":"product_cat-uncategorized-fi","8":"first","9":"instock","10":"shipping-taxable","11":"purchasable","12":"product-type-simple"},"_links":{"self":[{"href":"https:\/\/nordicmart.andreevmaster.com\/fi\/wp-json\/wp\/v2\/product\/35743","targetHints":{"allow":["GET"]}}],"collection":[{"href":"https:\/\/nordicmart.andreevmaster.com\/fi\/wp-json\/wp\/v2\/product"}],"about":[{"href":"https:\/\/nordicmart.andreevmaster.com\/fi\/wp-json\/wp\/v2\/types\/product"}],"replies":[{"embeddable":true,"href":"https:\/\/nordicmart.andreevmaster.com\/fi\/wp-json\/wp\/v2\/comments?post=35743"}],"wp:featuredmedia":[{"embeddable":true,"href":"https:\/\/nordicmart.andreevmaster.com\/fi\/wp-json\/wp\/v2\/media\/44284"}],"wp:attachment":[{"href":"https:\/\/nordicmart.andreevmaster.com\/fi\/wp-json\/wp\/v2\/media?parent=35743"}],"wp:term":[{"taxonomy":"product_brand","embeddable":true,"href":"https:\/\/nordicmart.andreevmaster.com\/fi\/wp-json\/wp\/v2\/product_brand?post=35743"},{"taxonomy":"product_cat","embeddable":true,"href":"https:\/\/nordicmart.andreevmaster.com\/fi\/wp-json\/wp\/v2\/product_cat?post=35743"},{"taxonomy":"product_tag","embeddable":true,"href":"https:\/\/nordicmart.andreevmaster.com\/fi\/wp-json\/wp\/v2\/product_tag?post=35743"}],"curies":[{"name":"wp","href":"https:\/\/api.w.org\/{rel}","templated":true}]}}