{"id":35739,"date":"2026-02-27T00:31:17","date_gmt":"2026-02-27T00:31:17","guid":{"rendered":"https:\/\/nordicmart.andreevmaster.com\/product\/vasagle-kulmainen-tyopoyta-129-x-129-x-76-cm-vintage-ruskea-mustanmusta\/"},"modified":"2026-02-27T09:49:41","modified_gmt":"2026-02-27T09:49:41","slug":"vasagle-kulmainen-tyopoyta-129-x-129-x-76-cm-vintage-ruskea-mustanmusta","status":"publish","type":"product","link":"https:\/\/nordicmart.andreevmaster.com\/fi\/tuote\/vasagle-kulmainen-tyopoyta-129-x-129-x-76-cm-vintage-ruskea-mustanmusta\/","title":{"rendered":"VASAGLE kulmainen ty\u00f6p\u00f6yt\u00e4 129 x 129 x 76 cm vintage-ruskea-mustanmusta"},"content":{"rendered":"<p>VASAGLE Olitpa sitten opiskelija tai freelancer, joka ty\u00f6skentelee kotitoimistossa, sisusta ty\u00f6huoneesi t\u00e4ll\u00e4 teollisuustyylisell\u00e4 tietokonep\u00f6yd\u00e4ll\u00e4 ja luo stressit\u00f6n ty\u00f6oasi.<br \/>\nV\u00e4ri: vintage-ruskea-mustanmusta<br \/>\nMateriaali: lastulevy, ter\u00e4s<br \/>\nKoko: 129 x 129 x 76 cm (S x L x K)<br \/>\nPaino: 15,4 kg<br \/>\nP\u00f6yt\u00e4levyn maks. staattinen kantavuus: 50 kg<\/p>\n","protected":false},"excerpt":{"rendered":"<p>VASAGLE Olitpa sitten opiskelija tai freelancer, joka ty\u00f6skentelee kotitoimistossa, sisusta ty\u00f6huoneesi t\u00e4ll\u00e4 teollisuustyylisell\u00e4 tietokonep\u00f6yd\u00e4ll\u00e4 ja luo stressit\u00f6n ty\u00f6oasi.<\/p>\n","protected":false},"featured_media":44280,"comment_status":"open","ping_status":"closed","template":"","meta":[],"product_brand":[],"product_cat":[32],"product_tag":[],"class_list":{"0":"post-35739","1":"product","2":"type-product","3":"status-publish","4":"has-post-thumbnail","6":"product_cat-uncategorized-fi","8":"first","9":"instock","10":"shipping-taxable","11":"purchasable","12":"product-type-simple"},"_links":{"self":[{"href":"https:\/\/nordicmart.andreevmaster.com\/fi\/wp-json\/wp\/v2\/product\/35739","targetHints":{"allow":["GET"]}}],"collection":[{"href":"https:\/\/nordicmart.andreevmaster.com\/fi\/wp-json\/wp\/v2\/product"}],"about":[{"href":"https:\/\/nordicmart.andreevmaster.com\/fi\/wp-json\/wp\/v2\/types\/product"}],"replies":[{"embeddable":true,"href":"https:\/\/nordicmart.andreevmaster.com\/fi\/wp-json\/wp\/v2\/comments?post=35739"}],"wp:featuredmedia":[{"embeddable":true,"href":"https:\/\/nordicmart.andreevmaster.com\/fi\/wp-json\/wp\/v2\/media\/44280"}],"wp:attachment":[{"href":"https:\/\/nordicmart.andreevmaster.com\/fi\/wp-json\/wp\/v2\/media?parent=35739"}],"wp:term":[{"taxonomy":"product_brand","embeddable":true,"href":"https:\/\/nordicmart.andreevmaster.com\/fi\/wp-json\/wp\/v2\/product_brand?post=35739"},{"taxonomy":"product_cat","embeddable":true,"href":"https:\/\/nordicmart.andreevmaster.com\/fi\/wp-json\/wp\/v2\/product_cat?post=35739"},{"taxonomy":"product_tag","embeddable":true,"href":"https:\/\/nordicmart.andreevmaster.com\/fi\/wp-json\/wp\/v2\/product_tag?post=35739"}],"curies":[{"name":"wp","href":"https:\/\/api.w.org\/{rel}","templated":true}]}}